{"id":979,"date":"2026-01-12T06:32:06","date_gmt":"2026-01-12T06:32:06","guid":{"rendered":"https:\/\/bluepuerto.com\/?post_type=product&#038;p=979"},"modified":"2026-01-12T06:32:06","modified_gmt":"2026-01-12T06:32:06","slug":"waterdrop-zirconia-bracelet-fashionable-and-simple-light-luxury-niche-high-end-suitable-for-everyday-commute-and-best-friend-bracelets","status":"publish","type":"product","link":"https:\/\/bluepuerto.com\/fr\/produit\/waterdrop-zirconia-bracelet-fashionable-and-simple-light-luxury-niche-high-end-suitable-for-everyday-commute-and-best-friend-bracelets\/","title":{"rendered":"Bracelet en zircone goutte, \u00e9l\u00e9gant et \u00e9pur\u00e9, luxe discret, niche, haut de gamme, id\u00e9al pour le quotidien et les bracelets d'amiti\u00e9."},"content":{"rendered":"<table>\n<thead>\n<tr>\n<th>Mat\u00e9riau<\/th>\n<th>Cat\u00e9gorie<\/th>\n<th>Technique de traitement<\/th>\n<th>Forme<\/th>\n<th>Style<\/th>\n<th>Type de cha\u00eene<\/th>\n<th>Diam\u00e8tre (cm)<\/th>\n<th>Circonf\u00e9rence<\/th>\n<th>Th\u00e8me de style<\/th>\n<th>Poids (g)<\/th>\n<th>Groupe applicable<\/th>\n<\/tr>\n<\/thead>\n<tbody>\n<tr>\n<td>Zirconium cubique<\/td>\n<td>\u2014<\/td>\n<td>Sertissage<\/td>\n<td>Forme de larme<\/td>\n<td>\u2014<\/td>\n<td>\u2014<\/td>\n<td>\u2014<\/td>\n<td>\u2014<\/td>\n<td>Style naturel<\/td>\n<td>10.5<\/td>\n<td>Femmes<\/td>\n<\/tr>\n<\/tbody>\n<\/table>","protected":false},"excerpt":{"rendered":"<p>Ce bracelet pr\u00e9sente des pierres de zircon en forme de larme et arbore un design styl\u00e9 et minimaliste, en faisant un choix sophistiqu\u00e9 et unique pour les trajets quotidiens ou comme cadeau pour une amie proche.<\/p>","protected":false},"featured_media":980,"comment_status":"open","ping_status":"closed","template":"","meta":[],"product_brand":[],"product_cat":[34,81],"product_tag":[],"class_list":{"0":"post-979","1":"product","2":"type-product","3":"status-publish","4":"has-post-thumbnail","6":"product_cat-bracelets","7":"product_cat-diamond-bracelets","9":"first","10":"instock","11":"shipping-taxable","12":"purchasable","13":"product-type-variable"},"_links":{"self":[{"href":"https:\/\/bluepuerto.com\/fr\/wp-json\/wp\/v2\/product\/979","targetHints":{"allow":["GET"]}}],"collection":[{"href":"https:\/\/bluepuerto.com\/fr\/wp-json\/wp\/v2\/product"}],"about":[{"href":"https:\/\/bluepuerto.com\/fr\/wp-json\/wp\/v2\/types\/product"}],"replies":[{"embeddable":true,"href":"https:\/\/bluepuerto.com\/fr\/wp-json\/wp\/v2\/comments?post=979"}],"version-history":[{"count":1,"href":"https:\/\/bluepuerto.com\/fr\/wp-json\/wp\/v2\/product\/979\/revisions"}],"predecessor-version":[{"id":1002,"href":"https:\/\/bluepuerto.com\/fr\/wp-json\/wp\/v2\/product\/979\/revisions\/1002"}],"wp:featuredmedia":[{"embeddable":true,"href":"https:\/\/bluepuerto.com\/fr\/wp-json\/wp\/v2\/media\/980"}],"wp:attachment":[{"href":"https:\/\/bluepuerto.com\/fr\/wp-json\/wp\/v2\/media?parent=979"}],"wp:term":[{"taxonomy":"product_brand","embeddable":true,"href":"https:\/\/bluepuerto.com\/fr\/wp-json\/wp\/v2\/product_brand?post=979"},{"taxonomy":"product_cat","embeddable":true,"href":"https:\/\/bluepuerto.com\/fr\/wp-json\/wp\/v2\/product_cat?post=979"},{"taxonomy":"product_tag","embeddable":true,"href":"https:\/\/bluepuerto.com\/fr\/wp-json\/wp\/v2\/product_tag?post=979"}],"curies":[{"name":"wp","href":"https:\/\/api.w.org\/{rel}","templated":true}]}}