{"id":3218,"date":"2026-03-31T03:55:43","date_gmt":"2026-03-31T03:55:43","guid":{"rendered":"https:\/\/bluepuerto.com\/?post_type=product&#038;p=3218"},"modified":"2026-03-31T07:37:01","modified_gmt":"2026-03-31T07:37:01","slug":"womens-casual-slim-fit-straight-leg-pants-autumn-winter-wide-leg-yoga-pants-for-sports-fitness","status":"publish","type":"product","link":"https:\/\/bluepuerto.com\/fr\/produit\/womens-casual-slim-fit-straight-leg-pants-autumn-winter-wide-leg-yoga-pants-for-sports-fitness\/","title":{"rendered":"Pantalon Femme Coupe Slim Jambe Droite D\u00e9contract\u00e9, Pantalon de Yoga \u00e0 Jambes Larges Automne Hiver pour Sport &amp; Fitness"},"content":{"rendered":"<p>Women&#8217;s Slim Straight Wide Leg Yoga Pants for Fall Winter<\/p>","protected":false},"excerpt":{"rendered":"<p>Women&#8217;s Slim Straight Wide Leg Yoga Pants for Fall Winter<\/p>","protected":false},"featured_media":3219,"comment_status":"open","ping_status":"closed","template":"","meta":[],"product_brand":[],"product_cat":[140,146,138],"product_tag":[173],"class_list":{"0":"post-3218","1":"product","2":"type-product","3":"status-publish","4":"has-post-thumbnail","6":"product_cat-flare-wide-leg","7":"product_cat-wide-leg-yoga-pants","8":"product_cat-yoga-bottoms","9":"product_tag-yoga","11":"first","12":"instock","13":"shipping-taxable","14":"purchasable","15":"product-type-variable"},"_links":{"self":[{"href":"https:\/\/bluepuerto.com\/fr\/wp-json\/wp\/v2\/product\/3218","targetHints":{"allow":["GET"]}}],"collection":[{"href":"https:\/\/bluepuerto.com\/fr\/wp-json\/wp\/v2\/product"}],"about":[{"href":"https:\/\/bluepuerto.com\/fr\/wp-json\/wp\/v2\/types\/product"}],"replies":[{"embeddable":true,"href":"https:\/\/bluepuerto.com\/fr\/wp-json\/wp\/v2\/comments?post=3218"}],"version-history":[{"count":1,"href":"https:\/\/bluepuerto.com\/fr\/wp-json\/wp\/v2\/product\/3218\/revisions"}],"predecessor-version":[{"id":3293,"href":"https:\/\/bluepuerto.com\/fr\/wp-json\/wp\/v2\/product\/3218\/revisions\/3293"}],"wp:featuredmedia":[{"embeddable":true,"href":"https:\/\/bluepuerto.com\/fr\/wp-json\/wp\/v2\/media\/3219"}],"wp:attachment":[{"href":"https:\/\/bluepuerto.com\/fr\/wp-json\/wp\/v2\/media?parent=3218"}],"wp:term":[{"taxonomy":"product_brand","embeddable":true,"href":"https:\/\/bluepuerto.com\/fr\/wp-json\/wp\/v2\/product_brand?post=3218"},{"taxonomy":"product_cat","embeddable":true,"href":"https:\/\/bluepuerto.com\/fr\/wp-json\/wp\/v2\/product_cat?post=3218"},{"taxonomy":"product_tag","embeddable":true,"href":"https:\/\/bluepuerto.com\/fr\/wp-json\/wp\/v2\/product_tag?post=3218"}],"curies":[{"name":"wp","href":"https:\/\/api.w.org\/{rel}","templated":true}]}}