{"id":1614,"date":"2026-01-14T02:02:37","date_gmt":"2026-01-14T02:02:37","guid":{"rendered":"https:\/\/bluepuerto.com\/?post_type=product&#038;p=1614"},"modified":"2026-01-14T02:02:37","modified_gmt":"2026-01-14T02:02:37","slug":"oversized-luxury-high-end-wedding-crown-for-brides","status":"publish","type":"product","link":"https:\/\/bluepuerto.com\/fr\/produit\/oversized-luxury-high-end-wedding-crown-for-brides\/","title":{"rendered":"Couronne de mari\u00e9e de luxe surdimensionn\u00e9e et haut de gamme pour les mari\u00e9es"},"content":{"rendered":"<table>\n<thead>\n<tr>\n<th>Mat\u00e9riau<\/th>\n<th>Cat\u00e9gorie<\/th>\n<th>Technique de traitement<\/th>\n<th>Forme<\/th>\n<th>Style<\/th>\n<th>Type de cha\u00eene<\/th>\n<th>Diam\u00e8tre (cm)<\/th>\n<th>Circonf\u00e9rence<\/th>\n<th>Th\u00e8me de style<\/th>\n<th>Poids (g)<\/th>\n<th>Groupe applicable<\/th>\n<\/tr>\n<\/thead>\n<tbody>\n<tr>\n<td>Zirconium cubique<\/td>\n<td>Parure de T\u00eate<\/td>\n<td>Sertissage<\/td>\n<td>Crown<\/td>\n<td>\u2014<\/td>\n<td>\u2014<\/td>\n<td>9<\/td>\n<td>\u2014<\/td>\n<td>Style vintage<\/td>\n<td>52.4<\/td>\n<td>Femmes<\/td>\n<\/tr>\n<\/tbody>\n<\/table>","protected":false},"excerpt":{"rendered":"<p>A large red bridal crown headdress, with a gorgeous design, is suitable for weddings and can add a touch of nobility to the bride.<\/p>\n<p>*The crown doesn&#8217;t come with a gift box.<\/p>","protected":false},"featured_media":1615,"comment_status":"open","ping_status":"closed","template":"","meta":[],"product_brand":[],"product_cat":[87,86],"product_tag":[],"class_list":{"0":"post-1614","1":"product","2":"type-product","3":"status-publish","4":"has-post-thumbnail","6":"product_cat-diamond-headwear","7":"product_cat-headwear","9":"first","10":"instock","11":"shipping-taxable","12":"purchasable","13":"product-type-variable"},"_links":{"self":[{"href":"https:\/\/bluepuerto.com\/fr\/wp-json\/wp\/v2\/product\/1614","targetHints":{"allow":["GET"]}}],"collection":[{"href":"https:\/\/bluepuerto.com\/fr\/wp-json\/wp\/v2\/product"}],"about":[{"href":"https:\/\/bluepuerto.com\/fr\/wp-json\/wp\/v2\/types\/product"}],"replies":[{"embeddable":true,"href":"https:\/\/bluepuerto.com\/fr\/wp-json\/wp\/v2\/comments?post=1614"}],"version-history":[{"count":1,"href":"https:\/\/bluepuerto.com\/fr\/wp-json\/wp\/v2\/product\/1614\/revisions"}],"predecessor-version":[{"id":1631,"href":"https:\/\/bluepuerto.com\/fr\/wp-json\/wp\/v2\/product\/1614\/revisions\/1631"}],"wp:featuredmedia":[{"embeddable":true,"href":"https:\/\/bluepuerto.com\/fr\/wp-json\/wp\/v2\/media\/1615"}],"wp:attachment":[{"href":"https:\/\/bluepuerto.com\/fr\/wp-json\/wp\/v2\/media?parent=1614"}],"wp:term":[{"taxonomy":"product_brand","embeddable":true,"href":"https:\/\/bluepuerto.com\/fr\/wp-json\/wp\/v2\/product_brand?post=1614"},{"taxonomy":"product_cat","embeddable":true,"href":"https:\/\/bluepuerto.com\/fr\/wp-json\/wp\/v2\/product_cat?post=1614"},{"taxonomy":"product_tag","embeddable":true,"href":"https:\/\/bluepuerto.com\/fr\/wp-json\/wp\/v2\/product_tag?post=1614"}],"curies":[{"name":"wp","href":"https:\/\/api.w.org\/{rel}","templated":true}]}}