{"id":1597,"date":"2026-01-13T09:30:21","date_gmt":"2026-01-13T09:30:21","guid":{"rendered":"https:\/\/bluepuerto.com\/?post_type=product&#038;p=1597"},"modified":"2026-01-14T02:42:41","modified_gmt":"2026-01-14T02:42:41","slug":"zircon-sparkling-diamond-teardrop-necklace-and-earrings-bridal-wedding-jewelry-set","status":"publish","type":"product","link":"https:\/\/bluepuerto.com\/fr\/produit\/zircon-sparkling-diamond-teardrop-necklace-and-earrings-bridal-wedding-jewelry-set\/","title":{"rendered":"Collier goutte et boucles d'oreilles en zircon \u00e9tincelant diamant, ensemble de bijoux de mari\u00e9e"},"content":{"rendered":"<table>\n<thead>\n<tr>\n<th>Mat\u00e9riau<\/th>\n<th>Cat\u00e9gorie<\/th>\n<th>Technique de traitement<\/th>\n<th>Forme<\/th>\n<th>Style<\/th>\n<th>Type de cha\u00eene<\/th>\n<th>Diam\u00e8tre (cm)<\/th>\n<th>Circonf\u00e9rence<\/th>\n<th>Th\u00e8me de style<\/th>\n<th>Poids (g)<\/th>\n<th>Groupe applicable<\/th>\n<\/tr>\n<\/thead>\n<tbody>\n<tr>\n<td>Zirconium cubique<\/td>\n<td>Collier &amp; Boucles d'oreilles<\/td>\n<td>Sertissage<\/td>\n<td>C\u0153ur<\/td>\n<td>\u2014<\/td>\n<td>Cha\u00eene \u00e0 perles<\/td>\n<td>\u2014<\/td>\n<td>\u2014<\/td>\n<td>Style Minimaliste<\/td>\n<td>\u2014<\/td>\n<td>Femmes<\/td>\n<\/tr>\n<\/tbody>\n<\/table>","protected":false},"excerpt":{"rendered":"<p>Il s'agit d'un ensemble de bijoux de mari\u00e9e, comprenant un collier et des boucles d'oreilles en forme de larme orn\u00e9s de zircon scintillant et de diamants, avec un design exquis et une brillance \u00e9blouissante.<\/p>","protected":false},"featured_media":1598,"comment_status":"open","ping_status":"closed","template":"","meta":[],"product_brand":[],"product_cat":[68,74,38,72,51,94,95],"product_tag":[],"class_list":{"0":"post-1597","1":"product","2":"type-product","3":"status-publish","4":"has-post-thumbnail","6":"product_cat-diamond-necklaces","7":"product_cat-drop-earrings","8":"product_cat-earnings","9":"product_cat-earrings","10":"product_cat-necklaces","11":"product_cat-sets","12":"product_cat-two-piece-sets","14":"first","15":"instock","16":"shipping-taxable","17":"purchasable","18":"product-type-variable"},"_links":{"self":[{"href":"https:\/\/bluepuerto.com\/fr\/wp-json\/wp\/v2\/product\/1597","targetHints":{"allow":["GET"]}}],"collection":[{"href":"https:\/\/bluepuerto.com\/fr\/wp-json\/wp\/v2\/product"}],"about":[{"href":"https:\/\/bluepuerto.com\/fr\/wp-json\/wp\/v2\/types\/product"}],"replies":[{"embeddable":true,"href":"https:\/\/bluepuerto.com\/fr\/wp-json\/wp\/v2\/comments?post=1597"}],"version-history":[{"count":1,"href":"https:\/\/bluepuerto.com\/fr\/wp-json\/wp\/v2\/product\/1597\/revisions"}],"predecessor-version":[{"id":1599,"href":"https:\/\/bluepuerto.com\/fr\/wp-json\/wp\/v2\/product\/1597\/revisions\/1599"}],"wp:featuredmedia":[{"embeddable":true,"href":"https:\/\/bluepuerto.com\/fr\/wp-json\/wp\/v2\/media\/1598"}],"wp:attachment":[{"href":"https:\/\/bluepuerto.com\/fr\/wp-json\/wp\/v2\/media?parent=1597"}],"wp:term":[{"taxonomy":"product_brand","embeddable":true,"href":"https:\/\/bluepuerto.com\/fr\/wp-json\/wp\/v2\/product_brand?post=1597"},{"taxonomy":"product_cat","embeddable":true,"href":"https:\/\/bluepuerto.com\/fr\/wp-json\/wp\/v2\/product_cat?post=1597"},{"taxonomy":"product_tag","embeddable":true,"href":"https:\/\/bluepuerto.com\/fr\/wp-json\/wp\/v2\/product_tag?post=1597"}],"curies":[{"name":"wp","href":"https:\/\/api.w.org\/{rel}","templated":true}]}}