{"id":1563,"date":"2026-01-13T09:25:08","date_gmt":"2026-01-13T09:25:08","guid":{"rendered":"https:\/\/bluepuerto.com\/?post_type=product&#038;p=1563"},"modified":"2026-01-13T09:25:08","modified_gmt":"2026-01-13T09:25:08","slug":"s925-sterling-silver-long-tassel-earrings-with-colored-zircon-openwork","status":"publish","type":"product","link":"https:\/\/bluepuerto.com\/fr\/produit\/s925-sterling-silver-long-tassel-earrings-with-colored-zircon-openwork\/","title":{"rendered":"Boucles d'oreilles longues \u00e0 franges en argent sterling S925 avec zircon color\u00e9 \u00e0 jour."},"content":{"rendered":"<table>\n<thead>\n<tr>\n<th>Mat\u00e9riau<\/th>\n<th>Cat\u00e9gorie<\/th>\n<th>Technique de traitement<\/th>\n<th>Forme<\/th>\n<th>Style<\/th>\n<th>Type de cha\u00eene<\/th>\n<th>Diam\u00e8tre (cm)<\/th>\n<th>Circonf\u00e9rence<\/th>\n<th>Th\u00e8me de style<\/th>\n<th>Poids (g)<\/th>\n<th>Groupe applicable<\/th>\n<\/tr>\n<\/thead>\n<tbody>\n<tr>\n<td>Zirconium cubique<\/td>\n<td>Boucles d'Oreilles Tombantes<\/td>\n<td>Sertissage<\/td>\n<td>Floral<\/td>\n<td>\u2014<\/td>\n<td>\u2014<\/td>\n<td>\u2014<\/td>\n<td>\u2014<\/td>\n<td>Style Minimaliste<\/td>\n<td>13<\/td>\n<td>Femmes<\/td>\n<\/tr>\n<\/tbody>\n<\/table>","protected":false},"excerpt":{"rendered":"<p>Boucles d'oreilles en argent sterling S925 \u00e0 longues franges color\u00e9es en zircon, design ajour\u00e9, \u00e9l\u00e9gantes et adapt\u00e9es aux occasions de banquet.<\/p>","protected":false},"featured_media":1564,"comment_status":"open","ping_status":"closed","template":"","meta":[],"product_brand":[],"product_cat":[74,38,72,73],"product_tag":[],"class_list":{"0":"post-1563","1":"product","2":"type-product","3":"status-publish","4":"has-post-thumbnail","6":"product_cat-drop-earrings","7":"product_cat-earnings","8":"product_cat-earrings","9":"product_cat-stud-earrings","11":"first","12":"instock","13":"shipping-taxable","14":"purchasable","15":"product-type-variable"},"_links":{"self":[{"href":"https:\/\/bluepuerto.com\/fr\/wp-json\/wp\/v2\/product\/1563","targetHints":{"allow":["GET"]}}],"collection":[{"href":"https:\/\/bluepuerto.com\/fr\/wp-json\/wp\/v2\/product"}],"about":[{"href":"https:\/\/bluepuerto.com\/fr\/wp-json\/wp\/v2\/types\/product"}],"replies":[{"embeddable":true,"href":"https:\/\/bluepuerto.com\/fr\/wp-json\/wp\/v2\/comments?post=1563"}],"version-history":[{"count":1,"href":"https:\/\/bluepuerto.com\/fr\/wp-json\/wp\/v2\/product\/1563\/revisions"}],"predecessor-version":[{"id":1581,"href":"https:\/\/bluepuerto.com\/fr\/wp-json\/wp\/v2\/product\/1563\/revisions\/1581"}],"wp:featuredmedia":[{"embeddable":true,"href":"https:\/\/bluepuerto.com\/fr\/wp-json\/wp\/v2\/media\/1564"}],"wp:attachment":[{"href":"https:\/\/bluepuerto.com\/fr\/wp-json\/wp\/v2\/media?parent=1563"}],"wp:term":[{"taxonomy":"product_brand","embeddable":true,"href":"https:\/\/bluepuerto.com\/fr\/wp-json\/wp\/v2\/product_brand?post=1563"},{"taxonomy":"product_cat","embeddable":true,"href":"https:\/\/bluepuerto.com\/fr\/wp-json\/wp\/v2\/product_cat?post=1563"},{"taxonomy":"product_tag","embeddable":true,"href":"https:\/\/bluepuerto.com\/fr\/wp-json\/wp\/v2\/product_tag?post=1563"}],"curies":[{"name":"wp","href":"https:\/\/api.w.org\/{rel}","templated":true}]}}