{"id":1553,"date":"2026-01-13T09:21:11","date_gmt":"2026-01-13T09:21:11","guid":{"rendered":"https:\/\/bluepuerto.com\/?post_type=product&#038;p=1553"},"modified":"2026-01-13T09:21:11","modified_gmt":"2026-01-13T09:21:11","slug":"high-end-fashion-quality-zircon-series-earrings-and-necklace-set-gold-plated-copper-sweater-chain-bridal-jewelry-set","status":"publish","type":"product","link":"https:\/\/bluepuerto.com\/fr\/produit\/high-end-fashion-quality-zircon-series-earrings-and-necklace-set-gold-plated-copper-sweater-chain-bridal-jewelry-set\/","title":{"rendered":"Ensemble boucles d'oreilles et collier de s\u00e9rie zircon de qualit\u00e9 mode haut de gamme, cha\u00eene de pull en cuivre plaqu\u00e9 or, ensemble de bijoux de mari\u00e9e"},"content":{"rendered":"<table>\n<thead>\n<tr>\n<th>Mat\u00e9riau<\/th>\n<th>Cat\u00e9gorie<\/th>\n<th>Technique de traitement<\/th>\n<th>Forme<\/th>\n<th>Style<\/th>\n<th>Type de cha\u00eene<\/th>\n<th>Diam\u00e8tre (cm)<\/th>\n<th>Circonf\u00e9rence<\/th>\n<th>Th\u00e8me de style<\/th>\n<th>Poids (g)<\/th>\n<th>Groupe applicable<\/th>\n<\/tr>\n<\/thead>\n<tbody>\n<tr>\n<td>Zirconium cubique<\/td>\n<td>Collier &amp; Boucles d'oreilles<\/td>\n<td>Sertissage<\/td>\n<td>Floral<\/td>\n<td>\u2014<\/td>\n<td>Cha\u00eene en O<\/td>\n<td>\u2014<\/td>\n<td>43 cm<\/td>\n<td>Style Minimaliste<\/td>\n<td>48.6 + 14.4<\/td>\n<td>Femmes<\/td>\n<\/tr>\n<\/tbody>\n<\/table>","protected":false},"excerpt":{"rendered":"<p>Cet ensemble de boucles d'oreilles et collier en zircon, en cuivre plaqu\u00e9 or, est une combinaison de bijoux belle et exquise, parfaite pour les mari\u00e9es.<\/p>","protected":false},"featured_media":1554,"comment_status":"open","ping_status":"closed","template":"","meta":[],"product_brand":[],"product_cat":[68,74,38,72,51],"product_tag":[],"class_list":{"0":"post-1553","1":"product","2":"type-product","3":"status-publish","4":"has-post-thumbnail","6":"product_cat-diamond-necklaces","7":"product_cat-drop-earrings","8":"product_cat-earnings","9":"product_cat-earrings","10":"product_cat-necklaces","12":"first","13":"instock","14":"shipping-taxable","15":"purchasable","16":"product-type-simple"},"_links":{"self":[{"href":"https:\/\/bluepuerto.com\/fr\/wp-json\/wp\/v2\/product\/1553","targetHints":{"allow":["GET"]}}],"collection":[{"href":"https:\/\/bluepuerto.com\/fr\/wp-json\/wp\/v2\/product"}],"about":[{"href":"https:\/\/bluepuerto.com\/fr\/wp-json\/wp\/v2\/types\/product"}],"replies":[{"embeddable":true,"href":"https:\/\/bluepuerto.com\/fr\/wp-json\/wp\/v2\/comments?post=1553"}],"version-history":[{"count":1,"href":"https:\/\/bluepuerto.com\/fr\/wp-json\/wp\/v2\/product\/1553\/revisions"}],"predecessor-version":[{"id":1562,"href":"https:\/\/bluepuerto.com\/fr\/wp-json\/wp\/v2\/product\/1553\/revisions\/1562"}],"wp:featuredmedia":[{"embeddable":true,"href":"https:\/\/bluepuerto.com\/fr\/wp-json\/wp\/v2\/media\/1554"}],"wp:attachment":[{"href":"https:\/\/bluepuerto.com\/fr\/wp-json\/wp\/v2\/media?parent=1553"}],"wp:term":[{"taxonomy":"product_brand","embeddable":true,"href":"https:\/\/bluepuerto.com\/fr\/wp-json\/wp\/v2\/product_brand?post=1553"},{"taxonomy":"product_cat","embeddable":true,"href":"https:\/\/bluepuerto.com\/fr\/wp-json\/wp\/v2\/product_cat?post=1553"},{"taxonomy":"product_tag","embeddable":true,"href":"https:\/\/bluepuerto.com\/fr\/wp-json\/wp\/v2\/product_tag?post=1553"}],"curies":[{"name":"wp","href":"https:\/\/api.w.org\/{rel}","templated":true}]}}