{"id":1516,"date":"2026-01-13T09:12:42","date_gmt":"2026-01-13T09:12:42","guid":{"rendered":"https:\/\/bluepuerto.com\/?post_type=product&#038;p=1516"},"modified":"2026-01-13T09:12:42","modified_gmt":"2026-01-13T09:12:42","slug":"cherry-blossom-pink-zircon-bracelet","status":"publish","type":"product","link":"https:\/\/bluepuerto.com\/fr\/produit\/cherry-blossom-pink-zircon-bracelet\/","title":{"rendered":"Bracelet en zircon rose cerisier"},"content":{"rendered":"<table>\n<thead>\n<tr>\n<th>Mat\u00e9riau<\/th>\n<th>Cat\u00e9gorie<\/th>\n<th>Technique de traitement<\/th>\n<th>Forme<\/th>\n<th>Style<\/th>\n<th>Type de cha\u00eene<\/th>\n<th>Diam\u00e8tre (cm)<\/th>\n<th>Circonf\u00e9rence<\/th>\n<th>Th\u00e8me de style<\/th>\n<th>Poids (g)<\/th>\n<th>Groupe applicable<\/th>\n<\/tr>\n<\/thead>\n<tbody>\n<tr>\n<td>Zirconium cubique<\/td>\n<td>Bracelet<\/td>\n<td>Sertissage<\/td>\n<td>Floral<\/td>\n<td>\u2014<\/td>\n<td>\u2014<\/td>\n<td>16.5<\/td>\n<td>\u2014<\/td>\n<td>Style naturel<\/td>\n<td>17<\/td>\n<td>Femmes<\/td>\n<\/tr>\n<\/tbody>\n<\/table>","protected":false},"excerpt":{"rendered":"<p>Ce bracelet en zircon rose fleur de cerisier pr\u00e9sente un design unique et digne d'Instagram. D\u00e9licat, doux, polyvalent, il d\u00e9gage une touche de luxe discret, ce qui en fait un choix parfait pour les meilleures amies.<\/p>","protected":false},"featured_media":1517,"comment_status":"open","ping_status":"closed","template":"","meta":[],"product_brand":[],"product_cat":[34,82,81],"product_tag":[],"class_list":{"0":"post-1516","1":"product","2":"type-product","3":"status-publish","4":"has-post-thumbnail","6":"product_cat-bracelets","7":"product_cat-colored-bracelets","8":"product_cat-diamond-bracelets","10":"first","11":"instock","12":"shipping-taxable","13":"purchasable","14":"product-type-variable"},"_links":{"self":[{"href":"https:\/\/bluepuerto.com\/fr\/wp-json\/wp\/v2\/product\/1516","targetHints":{"allow":["GET"]}}],"collection":[{"href":"https:\/\/bluepuerto.com\/fr\/wp-json\/wp\/v2\/product"}],"about":[{"href":"https:\/\/bluepuerto.com\/fr\/wp-json\/wp\/v2\/types\/product"}],"replies":[{"embeddable":true,"href":"https:\/\/bluepuerto.com\/fr\/wp-json\/wp\/v2\/comments?post=1516"}],"version-history":[{"count":1,"href":"https:\/\/bluepuerto.com\/fr\/wp-json\/wp\/v2\/product\/1516\/revisions"}],"predecessor-version":[{"id":1530,"href":"https:\/\/bluepuerto.com\/fr\/wp-json\/wp\/v2\/product\/1516\/revisions\/1530"}],"wp:featuredmedia":[{"embeddable":true,"href":"https:\/\/bluepuerto.com\/fr\/wp-json\/wp\/v2\/media\/1517"}],"wp:attachment":[{"href":"https:\/\/bluepuerto.com\/fr\/wp-json\/wp\/v2\/media?parent=1516"}],"wp:term":[{"taxonomy":"product_brand","embeddable":true,"href":"https:\/\/bluepuerto.com\/fr\/wp-json\/wp\/v2\/product_brand?post=1516"},{"taxonomy":"product_cat","embeddable":true,"href":"https:\/\/bluepuerto.com\/fr\/wp-json\/wp\/v2\/product_cat?post=1516"},{"taxonomy":"product_tag","embeddable":true,"href":"https:\/\/bluepuerto.com\/fr\/wp-json\/wp\/v2\/product_tag?post=1516"}],"curies":[{"name":"wp","href":"https:\/\/api.w.org\/{rel}","templated":true}]}}