{"id":1463,"date":"2026-01-13T08:37:45","date_gmt":"2026-01-13T08:37:45","guid":{"rendered":"https:\/\/bluepuerto.com\/?post_type=product&#038;p=1463"},"modified":"2026-01-13T08:37:45","modified_gmt":"2026-01-13T08:37:45","slug":"luxury-fashion-teardrop-shaped-three-dimensional-floral-and-leaf-earring-and-necklace-set-with-zircon-earrings","status":"publish","type":"product","link":"https:\/\/bluepuerto.com\/fr\/produit\/luxury-fashion-teardrop-shaped-three-dimensional-floral-and-leaf-earring-and-necklace-set-with-zircon-earrings\/","title":{"rendered":"Ensemble de luxe mode boucles d'oreilles et collier tridimensionnels en forme de larme \u00e0 motifs floraux et feuillages avec zircons"},"content":{"rendered":"<table>\n<thead>\n<tr>\n<th>Mat\u00e9riau<\/th>\n<th>Cat\u00e9gorie<\/th>\n<th>Technique de traitement<\/th>\n<th>Forme<\/th>\n<th>Style<\/th>\n<th>Type de cha\u00eene<\/th>\n<th>Diam\u00e8tre (cm)<\/th>\n<th>Circonf\u00e9rence<\/th>\n<th>Th\u00e8me de style<\/th>\n<th>Poids (g)<\/th>\n<th>Groupe applicable<\/th>\n<\/tr>\n<\/thead>\n<tbody>\n<tr>\n<td>Zirconium cubique<\/td>\n<td>Collier &amp; Boucles d'oreilles<\/td>\n<td>Sertissage<\/td>\n<td>Floral<\/td>\n<td>\u2014<\/td>\n<td>Cha\u00eene Bambou<\/td>\n<td>\u2014<\/td>\n<td>42 cm<\/td>\n<td>Style Minimaliste<\/td>\n<td>66.2 + 9.2<\/td>\n<td>Femmes<\/td>\n<\/tr>\n<\/tbody>\n<\/table>","protected":false},"excerpt":{"rendered":"<p>Cet ensemble de boucles d'oreilles et collier en forme de larme, \u00e0 motifs floraux et feuillages tridimensionnels, incrust\u00e9 de zircon, est une pi\u00e8ce de bijouterie tendance et \u00e0 la mode.<\/p>","protected":false},"featured_media":1464,"comment_status":"open","ping_status":"closed","template":"","meta":[],"product_brand":[],"product_cat":[68,74,38,72,51],"product_tag":[],"class_list":{"0":"post-1463","1":"product","2":"type-product","3":"status-publish","4":"has-post-thumbnail","6":"product_cat-diamond-necklaces","7":"product_cat-drop-earrings","8":"product_cat-earnings","9":"product_cat-earrings","10":"product_cat-necklaces","12":"first","13":"instock","14":"shipping-taxable","15":"purchasable","16":"product-type-variable"},"_links":{"self":[{"href":"https:\/\/bluepuerto.com\/fr\/wp-json\/wp\/v2\/product\/1463","targetHints":{"allow":["GET"]}}],"collection":[{"href":"https:\/\/bluepuerto.com\/fr\/wp-json\/wp\/v2\/product"}],"about":[{"href":"https:\/\/bluepuerto.com\/fr\/wp-json\/wp\/v2\/types\/product"}],"replies":[{"embeddable":true,"href":"https:\/\/bluepuerto.com\/fr\/wp-json\/wp\/v2\/comments?post=1463"}],"version-history":[{"count":1,"href":"https:\/\/bluepuerto.com\/fr\/wp-json\/wp\/v2\/product\/1463\/revisions"}],"predecessor-version":[{"id":1484,"href":"https:\/\/bluepuerto.com\/fr\/wp-json\/wp\/v2\/product\/1463\/revisions\/1484"}],"wp:featuredmedia":[{"embeddable":true,"href":"https:\/\/bluepuerto.com\/fr\/wp-json\/wp\/v2\/media\/1464"}],"wp:attachment":[{"href":"https:\/\/bluepuerto.com\/fr\/wp-json\/wp\/v2\/media?parent=1463"}],"wp:term":[{"taxonomy":"product_brand","embeddable":true,"href":"https:\/\/bluepuerto.com\/fr\/wp-json\/wp\/v2\/product_brand?post=1463"},{"taxonomy":"product_cat","embeddable":true,"href":"https:\/\/bluepuerto.com\/fr\/wp-json\/wp\/v2\/product_cat?post=1463"},{"taxonomy":"product_tag","embeddable":true,"href":"https:\/\/bluepuerto.com\/fr\/wp-json\/wp\/v2\/product_tag?post=1463"}],"curies":[{"name":"wp","href":"https:\/\/api.w.org\/{rel}","templated":true}]}}