{"id":1432,"date":"2026-01-13T08:23:25","date_gmt":"2026-01-13T08:23:25","guid":{"rendered":"https:\/\/bluepuerto.com\/?post_type=product&#038;p=1432"},"modified":"2026-01-13T08:23:25","modified_gmt":"2026-01-13T08:23:25","slug":"shell-and-pearl-bracelet-with-micro-set-zircon-squares-a-luxurious-and-sophisticated-womens-bracelet","status":"publish","type":"product","link":"https:\/\/bluepuerto.com\/fr\/produit\/shell-and-pearl-bracelet-with-micro-set-zircon-squares-a-luxurious-and-sophisticated-womens-bracelet\/","title":{"rendered":"Bracelet coquille et perle avec zircon carr\u00e9 micro-serti, bracelet f\u00e9minin luxueux et sophistiqu\u00e9."},"content":{"rendered":"<table>\n<thead>\n<tr>\n<th>Mat\u00e9riau<\/th>\n<th>Cat\u00e9gorie<\/th>\n<th>Technique de traitement<\/th>\n<th>Forme<\/th>\n<th>Style<\/th>\n<th>Type de cha\u00eene<\/th>\n<th>Diam\u00e8tre (cm)<\/th>\n<th>Circonf\u00e9rence<\/th>\n<th>Th\u00e8me de style<\/th>\n<th>Poids (g)<\/th>\n<th>Groupe applicable<\/th>\n<\/tr>\n<\/thead>\n<tbody>\n<tr>\n<td>Zirconium cubique<\/td>\n<td>Bracelet<\/td>\n<td>Sertissage<\/td>\n<td>G\u00e9om\u00e9trique<\/td>\n<td>\u2014<\/td>\n<td>\u2014<\/td>\n<td>\u2014<\/td>\n<td>\u2014<\/td>\n<td>Style naturel<\/td>\n<td>\u2014<\/td>\n<td>Femmes<\/td>\n<\/tr>\n<\/tbody>\n<\/table>","protected":false},"excerpt":{"rendered":"<p>Bracelet coquille et perle de style cor\u00e9en, micro-sertie de zircon, design carr\u00e9, luxe discret et haut de gamme, adapt\u00e9 au port f\u00e9minin.<\/p>","protected":false},"featured_media":1433,"comment_status":"open","ping_status":"closed","template":"","meta":[],"product_brand":[],"product_cat":[34,82,81,83],"product_tag":[],"class_list":{"0":"post-1432","1":"product","2":"type-product","3":"status-publish","4":"has-post-thumbnail","6":"product_cat-bracelets","7":"product_cat-colored-bracelets","8":"product_cat-diamond-bracelets","9":"product_cat-pearl-bracelets","11":"first","12":"instock","13":"shipping-taxable","14":"purchasable","15":"product-type-variable"},"_links":{"self":[{"href":"https:\/\/bluepuerto.com\/fr\/wp-json\/wp\/v2\/product\/1432","targetHints":{"allow":["GET"]}}],"collection":[{"href":"https:\/\/bluepuerto.com\/fr\/wp-json\/wp\/v2\/product"}],"about":[{"href":"https:\/\/bluepuerto.com\/fr\/wp-json\/wp\/v2\/types\/product"}],"replies":[{"embeddable":true,"href":"https:\/\/bluepuerto.com\/fr\/wp-json\/wp\/v2\/comments?post=1432"}],"version-history":[{"count":1,"href":"https:\/\/bluepuerto.com\/fr\/wp-json\/wp\/v2\/product\/1432\/revisions"}],"predecessor-version":[{"id":1444,"href":"https:\/\/bluepuerto.com\/fr\/wp-json\/wp\/v2\/product\/1432\/revisions\/1444"}],"wp:featuredmedia":[{"embeddable":true,"href":"https:\/\/bluepuerto.com\/fr\/wp-json\/wp\/v2\/media\/1433"}],"wp:attachment":[{"href":"https:\/\/bluepuerto.com\/fr\/wp-json\/wp\/v2\/media?parent=1432"}],"wp:term":[{"taxonomy":"product_brand","embeddable":true,"href":"https:\/\/bluepuerto.com\/fr\/wp-json\/wp\/v2\/product_brand?post=1432"},{"taxonomy":"product_cat","embeddable":true,"href":"https:\/\/bluepuerto.com\/fr\/wp-json\/wp\/v2\/product_cat?post=1432"},{"taxonomy":"product_tag","embeddable":true,"href":"https:\/\/bluepuerto.com\/fr\/wp-json\/wp\/v2\/product_tag?post=1432"}],"curies":[{"name":"wp","href":"https:\/\/api.w.org\/{rel}","templated":true}]}}