{"id":1346,"date":"2026-01-13T07:35:05","date_gmt":"2026-01-13T07:35:05","guid":{"rendered":"https:\/\/bluepuerto.com\/?post_type=product&#038;p=1346"},"modified":"2026-01-13T07:35:06","modified_gmt":"2026-01-13T07:35:06","slug":"japanese-and-korean-style-minimalist-floral-zircon-earrings-summer-womens-925-sterling-silver-needle-versatile-earrings-and-necklace-matching-light-luxury-style","status":"publish","type":"product","link":"https:\/\/bluepuerto.com\/fr\/produit\/japanese-and-korean-style-minimalist-floral-zircon-earrings-summer-womens-925-sterling-silver-needle-versatile-earrings-and-necklace-matching-light-luxury-style\/","title":{"rendered":"Boucles d'oreilles zircon floral minimaliste style japonais et cor\u00e9en, boucles d'oreilles polyvalentes \u00e0 tige argent 925 et collier assorti style luxe discret."},"content":{"rendered":"<table>\n<thead>\n<tr>\n<th>Mat\u00e9riau<\/th>\n<th>Cat\u00e9gorie<\/th>\n<th>Technique de traitement<\/th>\n<th>Forme<\/th>\n<th>Style<\/th>\n<th>Type de cha\u00eene<\/th>\n<th>Diam\u00e8tre (cm)<\/th>\n<th>Circonf\u00e9rence<\/th>\n<th>Th\u00e8me de style<\/th>\n<th>Poids (g)<\/th>\n<th>Groupe applicable<\/th>\n<\/tr>\n<\/thead>\n<tbody>\n<tr>\n<td>Zirconium cubique<\/td>\n<td>Boucles d'Oreilles<\/td>\n<td>Sertissage<\/td>\n<td>Floral<\/td>\n<td>\u2014<\/td>\n<td>\u2014<\/td>\n<td>\u2014<\/td>\n<td>\u2014<\/td>\n<td>Style naturel<\/td>\n<td>\u2014<\/td>\n<td>Femmes<\/td>\n<\/tr>\n<\/tbody>\n<\/table>","protected":false},"excerpt":{"rendered":"<p>Boucles d'oreilles \u00e0 aiguille pour femmes en argent sterling 925 d'\u00e9t\u00e9, orn\u00e9es de simples pierres de zircon floral, d\u00e9gageant une touche de luxe discret, et pouvant \u00eatre port\u00e9es en association avec un collier.<\/p>","protected":false},"featured_media":1347,"comment_status":"open","ping_status":"closed","template":"","meta":[],"product_brand":[],"product_cat":[38,72,73],"product_tag":[],"class_list":{"0":"post-1346","1":"product","2":"type-product","3":"status-publish","4":"has-post-thumbnail","6":"product_cat-earnings","7":"product_cat-earrings","8":"product_cat-stud-earrings","10":"first","11":"instock","12":"shipping-taxable","13":"purchasable","14":"product-type-variable"},"_links":{"self":[{"href":"https:\/\/bluepuerto.com\/fr\/wp-json\/wp\/v2\/product\/1346","targetHints":{"allow":["GET"]}}],"collection":[{"href":"https:\/\/bluepuerto.com\/fr\/wp-json\/wp\/v2\/product"}],"about":[{"href":"https:\/\/bluepuerto.com\/fr\/wp-json\/wp\/v2\/types\/product"}],"replies":[{"embeddable":true,"href":"https:\/\/bluepuerto.com\/fr\/wp-json\/wp\/v2\/comments?post=1346"}],"version-history":[{"count":1,"href":"https:\/\/bluepuerto.com\/fr\/wp-json\/wp\/v2\/product\/1346\/revisions"}],"predecessor-version":[{"id":1358,"href":"https:\/\/bluepuerto.com\/fr\/wp-json\/wp\/v2\/product\/1346\/revisions\/1358"}],"wp:featuredmedia":[{"embeddable":true,"href":"https:\/\/bluepuerto.com\/fr\/wp-json\/wp\/v2\/media\/1347"}],"wp:attachment":[{"href":"https:\/\/bluepuerto.com\/fr\/wp-json\/wp\/v2\/media?parent=1346"}],"wp:term":[{"taxonomy":"product_brand","embeddable":true,"href":"https:\/\/bluepuerto.com\/fr\/wp-json\/wp\/v2\/product_brand?post=1346"},{"taxonomy":"product_cat","embeddable":true,"href":"https:\/\/bluepuerto.com\/fr\/wp-json\/wp\/v2\/product_cat?post=1346"},{"taxonomy":"product_tag","embeddable":true,"href":"https:\/\/bluepuerto.com\/fr\/wp-json\/wp\/v2\/product_tag?post=1346"}],"curies":[{"name":"wp","href":"https:\/\/api.w.org\/{rel}","templated":true}]}}