{"id":1328,"date":"2026-01-13T07:30:50","date_gmt":"2026-01-13T07:30:50","guid":{"rendered":"https:\/\/bluepuerto.com\/?post_type=product&#038;p=1328"},"modified":"2026-01-13T07:30:50","modified_gmt":"2026-01-13T07:30:50","slug":"new-colorful-zircon-flower-leaf-and-teardrop-zircon-necklace-and-earring-set-luxury-and-intricate-collarbone-chain-for-women","status":"publish","type":"product","link":"https:\/\/bluepuerto.com\/fr\/produit\/new-colorful-zircon-flower-leaf-and-teardrop-zircon-necklace-and-earring-set-luxury-and-intricate-collarbone-chain-for-women\/","title":{"rendered":"Nouveau Set de Collier et Boucles d'oreilles en Zircon Color\u00e9 Fleur, Feuille et Larme \u2013 Cha\u00eene Luxueuse et D\u00e9taill\u00e9e pour Clavicule Femmes"},"content":{"rendered":"<table>\n<thead>\n<tr>\n<th>Mat\u00e9riau<\/th>\n<th>Cat\u00e9gorie<\/th>\n<th>Technique de traitement<\/th>\n<th>Forme<\/th>\n<th>Style<\/th>\n<th>Type de cha\u00eene<\/th>\n<th>Diam\u00e8tre (cm)<\/th>\n<th>Circonf\u00e9rence<\/th>\n<th>Th\u00e8me de style<\/th>\n<th>Poids (g)<\/th>\n<th>Groupe applicable<\/th>\n<\/tr>\n<\/thead>\n<tbody>\n<tr>\n<td>Zirconium cubique<\/td>\n<td>Collier &amp; Boucles d'oreilles<\/td>\n<td>Sertissage<\/td>\n<td>C\u0153ur<\/td>\n<td>\u2014<\/td>\n<td>Cha\u00eene en O<\/td>\n<td>\u2014<\/td>\n<td>44 cm<\/td>\n<td>Style luxe discret<\/td>\n<td>55 + 6<\/td>\n<td>Femmes<\/td>\n<\/tr>\n<\/tbody>\n<\/table>","protected":false},"excerpt":{"rendered":"<p>Ce nouvel ensemble color\u00e9 de collier et boucles d'oreilles en zircon pr\u00e9sente des motifs floraux et feuillages, d\u00e9gageant un luxe discret et un savoir-faire artisanal, en faisant un excellent choix pour les colliers clavicule f\u00e9minins.<\/p>","protected":false},"featured_media":1329,"comment_status":"open","ping_status":"closed","template":"","meta":[],"product_brand":[],"product_cat":[68,74,38,72,51,94,95],"product_tag":[],"class_list":{"0":"post-1328","1":"product","2":"type-product","3":"status-publish","4":"has-post-thumbnail","6":"product_cat-diamond-necklaces","7":"product_cat-drop-earrings","8":"product_cat-earnings","9":"product_cat-earrings","10":"product_cat-necklaces","11":"product_cat-sets","12":"product_cat-two-piece-sets","14":"first","15":"instock","16":"shipping-taxable","17":"purchasable","18":"product-type-variable"},"_links":{"self":[{"href":"https:\/\/bluepuerto.com\/fr\/wp-json\/wp\/v2\/product\/1328","targetHints":{"allow":["GET"]}}],"collection":[{"href":"https:\/\/bluepuerto.com\/fr\/wp-json\/wp\/v2\/product"}],"about":[{"href":"https:\/\/bluepuerto.com\/fr\/wp-json\/wp\/v2\/types\/product"}],"replies":[{"embeddable":true,"href":"https:\/\/bluepuerto.com\/fr\/wp-json\/wp\/v2\/comments?post=1328"}],"version-history":[{"count":1,"href":"https:\/\/bluepuerto.com\/fr\/wp-json\/wp\/v2\/product\/1328\/revisions"}],"predecessor-version":[{"id":1345,"href":"https:\/\/bluepuerto.com\/fr\/wp-json\/wp\/v2\/product\/1328\/revisions\/1345"}],"wp:featuredmedia":[{"embeddable":true,"href":"https:\/\/bluepuerto.com\/fr\/wp-json\/wp\/v2\/media\/1329"}],"wp:attachment":[{"href":"https:\/\/bluepuerto.com\/fr\/wp-json\/wp\/v2\/media?parent=1328"}],"wp:term":[{"taxonomy":"product_brand","embeddable":true,"href":"https:\/\/bluepuerto.com\/fr\/wp-json\/wp\/v2\/product_brand?post=1328"},{"taxonomy":"product_cat","embeddable":true,"href":"https:\/\/bluepuerto.com\/fr\/wp-json\/wp\/v2\/product_cat?post=1328"},{"taxonomy":"product_tag","embeddable":true,"href":"https:\/\/bluepuerto.com\/fr\/wp-json\/wp\/v2\/product_tag?post=1328"}],"curies":[{"name":"wp","href":"https:\/\/api.w.org\/{rel}","templated":true}]}}