{"id":1314,"date":"2026-01-13T07:23:31","date_gmt":"2026-01-13T07:23:31","guid":{"rendered":"https:\/\/bluepuerto.com\/?post_type=product&#038;p=1314"},"modified":"2026-01-13T07:23:31","modified_gmt":"2026-01-13T07:23:31","slug":"luxury-teardrop-zircon-earrings-for-brides-wedding-and-banquet-accessories-long-silver-needle-and-leaf-earrings","status":"publish","type":"product","link":"https:\/\/bluepuerto.com\/fr\/produit\/luxury-teardrop-zircon-earrings-for-brides-wedding-and-banquet-accessories-long-silver-needle-and-leaf-earrings\/","title":{"rendered":"Boucles d'oreilles en zircon en forme de larme de luxe pour mari\u00e9es, accessoires de mariage et de banquet, longues boucles d'oreilles \u00e0 aiguille argent\u00e9e et feuille"},"content":{"rendered":"<table>\n<thead>\n<tr>\n<th>Mat\u00e9riau<\/th>\n<th>Cat\u00e9gorie<\/th>\n<th>Technique de traitement<\/th>\n<th>Forme<\/th>\n<th>Style<\/th>\n<th>Type de cha\u00eene<\/th>\n<th>Diam\u00e8tre (cm)<\/th>\n<th>Circonf\u00e9rence<\/th>\n<th>Th\u00e8me de style<\/th>\n<th>Poids (g)<\/th>\n<th>Groupe applicable<\/th>\n<\/tr>\n<\/thead>\n<tbody>\n<tr>\n<td>Zirconium cubique<\/td>\n<td>Boucles d'Oreilles Tombantes<\/td>\n<td>Sertissage<\/td>\n<td>Forme de larme<\/td>\n<td>\u2014<\/td>\n<td>\u2014<\/td>\n<td>\u2014<\/td>\n<td>\u2014<\/td>\n<td>Style luxe discret<\/td>\n<td>\u2014<\/td>\n<td>Femmes<\/td>\n<\/tr>\n<\/tbody>\n<\/table>","protected":false},"excerpt":{"rendered":"<p>These teardrop-shaped zircon earrings feature a long, silver needle-leaf design, making them a perfect wedding accessory for women.<\/p>","protected":false},"featured_media":1315,"comment_status":"open","ping_status":"closed","template":"","meta":[],"product_brand":[],"product_cat":[74,38,72],"product_tag":[],"class_list":{"0":"post-1314","1":"product","2":"type-product","3":"status-publish","4":"has-post-thumbnail","6":"product_cat-drop-earrings","7":"product_cat-earnings","8":"product_cat-earrings","10":"first","11":"instock","12":"shipping-taxable","13":"purchasable","14":"product-type-variable"},"_links":{"self":[{"href":"https:\/\/bluepuerto.com\/fr\/wp-json\/wp\/v2\/product\/1314","targetHints":{"allow":["GET"]}}],"collection":[{"href":"https:\/\/bluepuerto.com\/fr\/wp-json\/wp\/v2\/product"}],"about":[{"href":"https:\/\/bluepuerto.com\/fr\/wp-json\/wp\/v2\/types\/product"}],"replies":[{"embeddable":true,"href":"https:\/\/bluepuerto.com\/fr\/wp-json\/wp\/v2\/comments?post=1314"}],"version-history":[{"count":1,"href":"https:\/\/bluepuerto.com\/fr\/wp-json\/wp\/v2\/product\/1314\/revisions"}],"predecessor-version":[{"id":1327,"href":"https:\/\/bluepuerto.com\/fr\/wp-json\/wp\/v2\/product\/1314\/revisions\/1327"}],"wp:featuredmedia":[{"embeddable":true,"href":"https:\/\/bluepuerto.com\/fr\/wp-json\/wp\/v2\/media\/1315"}],"wp:attachment":[{"href":"https:\/\/bluepuerto.com\/fr\/wp-json\/wp\/v2\/media?parent=1314"}],"wp:term":[{"taxonomy":"product_brand","embeddable":true,"href":"https:\/\/bluepuerto.com\/fr\/wp-json\/wp\/v2\/product_brand?post=1314"},{"taxonomy":"product_cat","embeddable":true,"href":"https:\/\/bluepuerto.com\/fr\/wp-json\/wp\/v2\/product_cat?post=1314"},{"taxonomy":"product_tag","embeddable":true,"href":"https:\/\/bluepuerto.com\/fr\/wp-json\/wp\/v2\/product_tag?post=1314"}],"curies":[{"name":"wp","href":"https:\/\/api.w.org\/{rel}","templated":true}]}}