{"id":1154,"date":"2026-01-12T08:25:27","date_gmt":"2026-01-12T08:25:27","guid":{"rendered":"https:\/\/bluepuerto.com\/?post_type=product&#038;p=1154"},"modified":"2026-01-12T08:25:27","modified_gmt":"2026-01-12T08:25:27","slug":"bridal-necklace-and-earring-set-european-and-american-popular-luxury-zirconia-tassel-earrings-fashion-jewelry-for-evenings-and-casual-wear","status":"publish","type":"product","link":"https:\/\/bluepuerto.com\/fr\/produit\/bridal-necklace-and-earring-set-european-and-american-popular-luxury-zirconia-tassel-earrings-fashion-jewelry-for-evenings-and-casual-wear\/","title":{"rendered":"Ensemble de collier et de boucles d'oreilles de mari\u00e9e \u2013 Boucles d'oreilles \u00e0 franges en zircone de luxe populaires en Europe et en Am\u00e9rique \u2013 Bijoux de mode pour soir\u00e9es et tenues d\u00e9contract\u00e9es."},"content":{"rendered":"<table>\n<thead>\n<tr>\n<th>Mat\u00e9riau<\/th>\n<th>Cat\u00e9gorie<\/th>\n<th>Technique de traitement<\/th>\n<th>Forme<\/th>\n<th>Style<\/th>\n<th>Type de cha\u00eene<\/th>\n<th>Diam\u00e8tre (cm)<\/th>\n<th>Circonf\u00e9rence<\/th>\n<th>Th\u00e8me de style<\/th>\n<th>Poids (g)<\/th>\n<th>Groupe applicable<\/th>\n<\/tr>\n<\/thead>\n<tbody>\n<tr>\n<td>Zirconium cubique<\/td>\n<td>\u2014<\/td>\n<td>Sertissage<\/td>\n<td>N\u0153ud chinois<\/td>\n<td>\u2014<\/td>\n<td>Cha\u00eene \u00e0 griffes<\/td>\n<td>\u2014<\/td>\n<td>42 cm<\/td>\n<td>Style naturel<\/td>\n<td>50.8 + 9.1<\/td>\n<td>Femmes<\/td>\n<\/tr>\n<\/tbody>\n<\/table>","protected":false},"excerpt":{"rendered":"<p>Cet ensemble de collier et boucles d'oreilles de mari\u00e9e pr\u00e9sente des boucles d'oreilles \u00e0 franges en zircon, une pi\u00e8ce \u00e9l\u00e9gante et belle qui peut \u00eatre associ\u00e9e \u00e0 une tenue formelle ou d\u00e9contract\u00e9e.<\/p>","protected":false},"featured_media":1155,"comment_status":"open","ping_status":"closed","template":"","meta":[],"product_brand":[],"product_cat":[68,74,38,72,51,94,95],"product_tag":[],"class_list":{"0":"post-1154","1":"product","2":"type-product","3":"status-publish","4":"has-post-thumbnail","6":"product_cat-diamond-necklaces","7":"product_cat-drop-earrings","8":"product_cat-earnings","9":"product_cat-earrings","10":"product_cat-necklaces","11":"product_cat-sets","12":"product_cat-two-piece-sets","14":"first","15":"instock","16":"shipping-taxable","17":"purchasable","18":"product-type-simple"},"_links":{"self":[{"href":"https:\/\/bluepuerto.com\/fr\/wp-json\/wp\/v2\/product\/1154","targetHints":{"allow":["GET"]}}],"collection":[{"href":"https:\/\/bluepuerto.com\/fr\/wp-json\/wp\/v2\/product"}],"about":[{"href":"https:\/\/bluepuerto.com\/fr\/wp-json\/wp\/v2\/types\/product"}],"replies":[{"embeddable":true,"href":"https:\/\/bluepuerto.com\/fr\/wp-json\/wp\/v2\/comments?post=1154"}],"version-history":[{"count":1,"href":"https:\/\/bluepuerto.com\/fr\/wp-json\/wp\/v2\/product\/1154\/revisions"}],"predecessor-version":[{"id":1162,"href":"https:\/\/bluepuerto.com\/fr\/wp-json\/wp\/v2\/product\/1154\/revisions\/1162"}],"wp:featuredmedia":[{"embeddable":true,"href":"https:\/\/bluepuerto.com\/fr\/wp-json\/wp\/v2\/media\/1155"}],"wp:attachment":[{"href":"https:\/\/bluepuerto.com\/fr\/wp-json\/wp\/v2\/media?parent=1154"}],"wp:term":[{"taxonomy":"product_brand","embeddable":true,"href":"https:\/\/bluepuerto.com\/fr\/wp-json\/wp\/v2\/product_brand?post=1154"},{"taxonomy":"product_cat","embeddable":true,"href":"https:\/\/bluepuerto.com\/fr\/wp-json\/wp\/v2\/product_cat?post=1154"},{"taxonomy":"product_tag","embeddable":true,"href":"https:\/\/bluepuerto.com\/fr\/wp-json\/wp\/v2\/product_tag?post=1154"}],"curies":[{"name":"wp","href":"https:\/\/api.w.org\/{rel}","templated":true}]}}