{"id":1089,"date":"2026-01-12T07:20:47","date_gmt":"2026-01-12T07:20:47","guid":{"rendered":"https:\/\/bluepuerto.com\/?post_type=product&#038;p=1089"},"modified":"2026-01-12T07:39:40","modified_gmt":"2026-01-12T07:39:40","slug":"fashionable-teardrop-necklace-and-earring-two-piece-set-high-end-exaggerated-retro-zircon-clavicle-chain-popular-womens-accessories","status":"publish","type":"product","link":"https:\/\/bluepuerto.com\/fr\/produit\/fashionable-teardrop-necklace-and-earring-two-piece-set-high-end-exaggerated-retro-zircon-clavicle-chain-popular-womens-accessories\/","title":{"rendered":"Parure deux pi\u00e8ces tendance collier goutte et boucles d'oreilles, cha\u00eene clavicule r\u00e9tro exag\u00e9r\u00e9e haut de gamme en zircon, accessoires pour femmes populaires."},"content":{"rendered":"<table>\n<thead>\n<tr>\n<th>Mat\u00e9riau<\/th>\n<th>Cat\u00e9gorie<\/th>\n<th>Technique de traitement<\/th>\n<th>Forme<\/th>\n<th>Style<\/th>\n<th>Type de cha\u00eene<\/th>\n<th>Diam\u00e8tre (cm)<\/th>\n<th>Circonf\u00e9rence<\/th>\n<th>Th\u00e8me de style<\/th>\n<th>Poids (g)<\/th>\n<th>Groupe applicable<\/th>\n<\/tr>\n<\/thead>\n<tbody>\n<tr>\n<td>Zirconium cubique<\/td>\n<td>\u2014<\/td>\n<td>Sertissage<\/td>\n<td>Rond<\/td>\n<td>\u2014<\/td>\n<td>Cha\u00eene Claviculaire<\/td>\n<td>\u2014<\/td>\n<td>46 cm<\/td>\n<td>Style Minimaliste<\/td>\n<td>25.2 + 5.2<\/td>\n<td>Femmes<\/td>\n<\/tr>\n<\/tbody>\n<\/table>","protected":false},"excerpt":{"rendered":"<p>Cet ensemble de deux pi\u00e8ces de collier et boucles d'oreilles en forme de larme est fabriqu\u00e9 en zircon et pr\u00e9sente un design sophistiqu\u00e9, exag\u00e9r\u00e9 et r\u00e9tro, en faisant un excellent choix pour les accessoires de mode f\u00e9minins.<\/p>","protected":false},"featured_media":1090,"comment_status":"open","ping_status":"closed","template":"","meta":[],"product_brand":[],"product_cat":[68,74,38,72,51,94,95],"product_tag":[],"class_list":{"0":"post-1089","1":"product","2":"type-product","3":"status-publish","4":"has-post-thumbnail","6":"product_cat-diamond-necklaces","7":"product_cat-drop-earrings","8":"product_cat-earnings","9":"product_cat-earrings","10":"product_cat-necklaces","11":"product_cat-sets","12":"product_cat-two-piece-sets","14":"first","15":"instock","16":"shipping-taxable","17":"purchasable","18":"product-type-variable"},"_links":{"self":[{"href":"https:\/\/bluepuerto.com\/fr\/wp-json\/wp\/v2\/product\/1089","targetHints":{"allow":["GET"]}}],"collection":[{"href":"https:\/\/bluepuerto.com\/fr\/wp-json\/wp\/v2\/product"}],"about":[{"href":"https:\/\/bluepuerto.com\/fr\/wp-json\/wp\/v2\/types\/product"}],"replies":[{"embeddable":true,"href":"https:\/\/bluepuerto.com\/fr\/wp-json\/wp\/v2\/comments?post=1089"}],"version-history":[{"count":1,"href":"https:\/\/bluepuerto.com\/fr\/wp-json\/wp\/v2\/product\/1089\/revisions"}],"predecessor-version":[{"id":1105,"href":"https:\/\/bluepuerto.com\/fr\/wp-json\/wp\/v2\/product\/1089\/revisions\/1105"}],"wp:featuredmedia":[{"embeddable":true,"href":"https:\/\/bluepuerto.com\/fr\/wp-json\/wp\/v2\/media\/1090"}],"wp:attachment":[{"href":"https:\/\/bluepuerto.com\/fr\/wp-json\/wp\/v2\/media?parent=1089"}],"wp:term":[{"taxonomy":"product_brand","embeddable":true,"href":"https:\/\/bluepuerto.com\/fr\/wp-json\/wp\/v2\/product_brand?post=1089"},{"taxonomy":"product_cat","embeddable":true,"href":"https:\/\/bluepuerto.com\/fr\/wp-json\/wp\/v2\/product_cat?post=1089"},{"taxonomy":"product_tag","embeddable":true,"href":"https:\/\/bluepuerto.com\/fr\/wp-json\/wp\/v2\/product_tag?post=1089"}],"curies":[{"name":"wp","href":"https:\/\/api.w.org\/{rel}","templated":true}]}}