{"id":1071,"date":"2026-01-12T07:05:55","date_gmt":"2026-01-12T07:05:55","guid":{"rendered":"https:\/\/bluepuerto.com\/?post_type=product&#038;p=1071"},"modified":"2026-01-12T07:05:55","modified_gmt":"2026-01-12T07:05:55","slug":"luxury-pearl-and-gemstone-bracelet-full-diamond-aaa-zircon-exquisite-banquet-accessory-bridal-jewelry","status":"publish","type":"product","link":"https:\/\/bluepuerto.com\/fr\/produit\/luxury-pearl-and-gemstone-bracelet-full-diamond-aaa-zircon-exquisite-banquet-accessory-bridal-jewelry\/","title":{"rendered":"Bracelet de luxe en perles et pierres pr\u00e9cieuses, zircon AAA enti\u00e8rement diamant\u00e9, accessoire de banquet raffin\u00e9, bijou de mari\u00e9e."},"content":{"rendered":"<table>\n<thead>\n<tr>\n<th>Mat\u00e9riau<\/th>\n<th>Cat\u00e9gorie<\/th>\n<th>Technique de traitement<\/th>\n<th>Forme<\/th>\n<th>Style<\/th>\n<th>Type de cha\u00eene<\/th>\n<th>Diam\u00e8tre (cm)<\/th>\n<th>Circonf\u00e9rence<\/th>\n<th>Th\u00e8me de style<\/th>\n<th>Poids (g)<\/th>\n<th>Groupe applicable<\/th>\n<\/tr>\n<\/thead>\n<tbody>\n<tr>\n<td>Zirconium cubique<\/td>\n<td>\u2014<\/td>\n<td>Sertissage<\/td>\n<td>G\u00e9om\u00e9trique<\/td>\n<td>\u2014<\/td>\n<td>\u2014<\/td>\n<td>17<\/td>\n<td>\u2014<\/td>\n<td>Style Minimaliste<\/td>\n<td>16<\/td>\n<td>Femmes<\/td>\n<\/tr>\n<\/tbody>\n<\/table>\n<p>&nbsp;<\/p>","protected":false},"excerpt":{"rendered":"<p>This luxurious bracelet, adorned with pearls, gemstones, and full-diamond AAA cubic zirconia, is a perfect bridal accessory, exquisitely suited for formal occasions.<\/p>","protected":false},"featured_media":1072,"comment_status":"open","ping_status":"closed","template":"","meta":[],"product_brand":[],"product_cat":[34,81],"product_tag":[],"class_list":{"0":"post-1071","1":"product","2":"type-product","3":"status-publish","4":"has-post-thumbnail","6":"product_cat-bracelets","7":"product_cat-diamond-bracelets","9":"first","10":"instock","11":"shipping-taxable","12":"purchasable","13":"product-type-variable"},"_links":{"self":[{"href":"https:\/\/bluepuerto.com\/fr\/wp-json\/wp\/v2\/product\/1071","targetHints":{"allow":["GET"]}}],"collection":[{"href":"https:\/\/bluepuerto.com\/fr\/wp-json\/wp\/v2\/product"}],"about":[{"href":"https:\/\/bluepuerto.com\/fr\/wp-json\/wp\/v2\/types\/product"}],"replies":[{"embeddable":true,"href":"https:\/\/bluepuerto.com\/fr\/wp-json\/wp\/v2\/comments?post=1071"}],"version-history":[{"count":1,"href":"https:\/\/bluepuerto.com\/fr\/wp-json\/wp\/v2\/product\/1071\/revisions"}],"predecessor-version":[{"id":1088,"href":"https:\/\/bluepuerto.com\/fr\/wp-json\/wp\/v2\/product\/1071\/revisions\/1088"}],"wp:featuredmedia":[{"embeddable":true,"href":"https:\/\/bluepuerto.com\/fr\/wp-json\/wp\/v2\/media\/1072"}],"wp:attachment":[{"href":"https:\/\/bluepuerto.com\/fr\/wp-json\/wp\/v2\/media?parent=1071"}],"wp:term":[{"taxonomy":"product_brand","embeddable":true,"href":"https:\/\/bluepuerto.com\/fr\/wp-json\/wp\/v2\/product_brand?post=1071"},{"taxonomy":"product_cat","embeddable":true,"href":"https:\/\/bluepuerto.com\/fr\/wp-json\/wp\/v2\/product_cat?post=1071"},{"taxonomy":"product_tag","embeddable":true,"href":"https:\/\/bluepuerto.com\/fr\/wp-json\/wp\/v2\/product_tag?post=1071"}],"curies":[{"name":"wp","href":"https:\/\/api.w.org\/{rel}","templated":true}]}}