{"id":1036,"date":"2026-01-12T06:51:50","date_gmt":"2026-01-12T06:51:50","guid":{"rendered":"https:\/\/bluepuerto.com\/?post_type=product&#038;p=1036"},"modified":"2026-01-12T07:39:48","modified_gmt":"2026-01-12T07:39:48","slug":"bridal-wedding-accessories-set-high-end-european-and-american-retro-elegant-floral-copper-plated-white-gold-necklace-and-earrings-jewelry-set","status":"publish","type":"product","link":"https:\/\/bluepuerto.com\/fr\/produit\/bridal-wedding-accessories-set-high-end-european-and-american-retro-elegant-floral-copper-plated-white-gold-necklace-and-earrings-jewelry-set\/","title":{"rendered":"Ensemble d'accessoires de mari\u00e9e \u2013 Collier et boucles d'oreilles plaqu\u00e9s or blanc \u00e0 motifs floraux \u00e9l\u00e9gants r\u00e9tro europ\u00e9ens et am\u00e9ricains haut de gamme"},"content":{"rendered":"<table>\n<thead>\n<tr>\n<th>Mat\u00e9riau<\/th>\n<th>Cat\u00e9gorie<\/th>\n<th>Technique de traitement<\/th>\n<th>Forme<\/th>\n<th>Style<\/th>\n<th>Type de cha\u00eene<\/th>\n<th>Diam\u00e8tre (cm)<\/th>\n<th>Circonf\u00e9rence<\/th>\n<th>Th\u00e8me de style<\/th>\n<th>Poids (g)<\/th>\n<th>Groupe applicable<\/th>\n<\/tr>\n<\/thead>\n<tbody>\n<tr>\n<td>Zirconium cubique<\/td>\n<td>\u2014<\/td>\n<td>Sertissage<\/td>\n<td>Floral<\/td>\n<td>\u2014<\/td>\n<td>Cha\u00eene en O<\/td>\n<td>\u2014<\/td>\n<td>51 cm \u2013 80 cm<\/td>\n<td>Style Minimaliste<\/td>\n<td>\u2014<\/td>\n<td>Femmes<\/td>\n<\/tr>\n<\/tbody>\n<\/table>","protected":false},"excerpt":{"rendered":"<p>Cet ensemble de bijoux de mari\u00e9e comprend un collier et des boucles d'oreilles en laiton plaqu\u00e9 or blanc, orn\u00e9s d'\u00e9l\u00e9ments floraux pour un look vintage et sophistiqu\u00e9.<\/p>","protected":false},"featured_media":1037,"comment_status":"open","ping_status":"closed","template":"","meta":[],"product_brand":[],"product_cat":[68,74,38,72,51,94,95],"product_tag":[],"class_list":{"0":"post-1036","1":"product","2":"type-product","3":"status-publish","4":"has-post-thumbnail","6":"product_cat-diamond-necklaces","7":"product_cat-drop-earrings","8":"product_cat-earnings","9":"product_cat-earrings","10":"product_cat-necklaces","11":"product_cat-sets","12":"product_cat-two-piece-sets","14":"first","15":"instock","16":"shipping-taxable","17":"purchasable","18":"product-type-variable"},"_links":{"self":[{"href":"https:\/\/bluepuerto.com\/fr\/wp-json\/wp\/v2\/product\/1036","targetHints":{"allow":["GET"]}}],"collection":[{"href":"https:\/\/bluepuerto.com\/fr\/wp-json\/wp\/v2\/product"}],"about":[{"href":"https:\/\/bluepuerto.com\/fr\/wp-json\/wp\/v2\/types\/product"}],"replies":[{"embeddable":true,"href":"https:\/\/bluepuerto.com\/fr\/wp-json\/wp\/v2\/comments?post=1036"}],"version-history":[{"count":1,"href":"https:\/\/bluepuerto.com\/fr\/wp-json\/wp\/v2\/product\/1036\/revisions"}],"predecessor-version":[{"id":1056,"href":"https:\/\/bluepuerto.com\/fr\/wp-json\/wp\/v2\/product\/1036\/revisions\/1056"}],"wp:featuredmedia":[{"embeddable":true,"href":"https:\/\/bluepuerto.com\/fr\/wp-json\/wp\/v2\/media\/1037"}],"wp:attachment":[{"href":"https:\/\/bluepuerto.com\/fr\/wp-json\/wp\/v2\/media?parent=1036"}],"wp:term":[{"taxonomy":"product_brand","embeddable":true,"href":"https:\/\/bluepuerto.com\/fr\/wp-json\/wp\/v2\/product_brand?post=1036"},{"taxonomy":"product_cat","embeddable":true,"href":"https:\/\/bluepuerto.com\/fr\/wp-json\/wp\/v2\/product_cat?post=1036"},{"taxonomy":"product_tag","embeddable":true,"href":"https:\/\/bluepuerto.com\/fr\/wp-json\/wp\/v2\/product_tag?post=1036"}],"curies":[{"name":"wp","href":"https:\/\/api.w.org\/{rel}","templated":true}]}}