{"id":1024,"date":"2026-01-12T06:45:14","date_gmt":"2026-01-12T06:45:14","guid":{"rendered":"https:\/\/bluepuerto.com\/?post_type=product&#038;p=1024"},"modified":"2026-01-12T06:45:38","modified_gmt":"2026-01-12T06:45:38","slug":"bridal-zircon-necklace-set-with-floral-vine-versatile-refreshing-and-simple-petal-accessories","status":"publish","type":"product","link":"https:\/\/bluepuerto.com\/fr\/produit\/bridal-zircon-necklace-set-with-floral-vine-versatile-refreshing-and-simple-petal-accessories\/","title":{"rendered":"Ensemble de collier de mari\u00e9e en zircon avec motif de vigne florale, accessoires polyvalents, p\u00e9tales rafra\u00eechissants et \u00e9pur\u00e9s"},"content":{"rendered":"<table>\n<thead>\n<tr>\n<th>Mat\u00e9riau<\/th>\n<th>Cat\u00e9gorie<\/th>\n<th>Technique de traitement<\/th>\n<th>Forme<\/th>\n<th>Style<\/th>\n<th>Type de cha\u00eene<\/th>\n<th>Diam\u00e8tre (cm)<\/th>\n<th>Circonf\u00e9rence<\/th>\n<th>Th\u00e8me de style<\/th>\n<th>Poids (g)<\/th>\n<th>Groupe applicable<\/th>\n<\/tr>\n<\/thead>\n<tbody>\n<tr>\n<td>Zirconium cubique<\/td>\n<td>\u2014<\/td>\n<td>Sertissage<\/td>\n<td>Floral<\/td>\n<td>\u2014<\/td>\n<td>Cha\u00eene en O<\/td>\n<td>\u2014<\/td>\n<td>51 cm \u2013 80 cm<\/td>\n<td>Style luxe discret<\/td>\n<td>\u2014<\/td>\n<td>Femmes<\/td>\n<\/tr>\n<\/tbody>\n<\/table>","protected":false},"excerpt":{"rendered":"<p>Les mari\u00e9es peuvent porter un ensemble de collier en zircon avec un motif de vigne florale et des accessoires p\u00e9tales rafra\u00eechissants et simples.<\/p>","protected":false},"featured_media":1025,"comment_status":"open","ping_status":"closed","template":"","meta":[],"product_brand":[],"product_cat":[68,74,38,72,51,94,95],"product_tag":[],"class_list":{"0":"post-1024","1":"product","2":"type-product","3":"status-publish","4":"has-post-thumbnail","6":"product_cat-diamond-necklaces","7":"product_cat-drop-earrings","8":"product_cat-earnings","9":"product_cat-earrings","10":"product_cat-necklaces","11":"product_cat-sets","12":"product_cat-two-piece-sets","14":"first","15":"instock","16":"shipping-taxable","17":"purchasable","18":"product-type-simple"},"_links":{"self":[{"href":"https:\/\/bluepuerto.com\/fr\/wp-json\/wp\/v2\/product\/1024","targetHints":{"allow":["GET"]}}],"collection":[{"href":"https:\/\/bluepuerto.com\/fr\/wp-json\/wp\/v2\/product"}],"about":[{"href":"https:\/\/bluepuerto.com\/fr\/wp-json\/wp\/v2\/types\/product"}],"replies":[{"embeddable":true,"href":"https:\/\/bluepuerto.com\/fr\/wp-json\/wp\/v2\/comments?post=1024"}],"version-history":[{"count":2,"href":"https:\/\/bluepuerto.com\/fr\/wp-json\/wp\/v2\/product\/1024\/revisions"}],"predecessor-version":[{"id":1035,"href":"https:\/\/bluepuerto.com\/fr\/wp-json\/wp\/v2\/product\/1024\/revisions\/1035"}],"wp:featuredmedia":[{"embeddable":true,"href":"https:\/\/bluepuerto.com\/fr\/wp-json\/wp\/v2\/media\/1025"}],"wp:attachment":[{"href":"https:\/\/bluepuerto.com\/fr\/wp-json\/wp\/v2\/media?parent=1024"}],"wp:term":[{"taxonomy":"product_brand","embeddable":true,"href":"https:\/\/bluepuerto.com\/fr\/wp-json\/wp\/v2\/product_brand?post=1024"},{"taxonomy":"product_cat","embeddable":true,"href":"https:\/\/bluepuerto.com\/fr\/wp-json\/wp\/v2\/product_cat?post=1024"},{"taxonomy":"product_tag","embeddable":true,"href":"https:\/\/bluepuerto.com\/fr\/wp-json\/wp\/v2\/product_tag?post=1024"}],"curies":[{"name":"wp","href":"https:\/\/api.w.org\/{rel}","templated":true}]}}