{"id":1015,"date":"2026-01-12T06:42:11","date_gmt":"2026-01-12T06:42:11","guid":{"rendered":"https:\/\/bluepuerto.com\/?post_type=product&#038;p=1015"},"modified":"2026-01-21T08:18:03","modified_gmt":"2026-01-21T08:18:03","slug":"korean-style-luxury-zircon-and-pearl-ring-for-women-vintage-niche-design-bow-ring-open-bracelet","status":"publish","type":"product","link":"https:\/\/bluepuerto.com\/fr\/produit\/korean-style-luxury-zircon-and-pearl-ring-for-women-vintage-niche-design-bow-ring-open-bracelet\/","title":{"rendered":"Bague de luxe pour femmes en zircon et perles de style cor\u00e9en, design de niche vintage, bague n\u0153ud, bracelet ouvert."},"content":{"rendered":"<div style=\"width: 720px;\" class=\"wp-video\"><video class=\"wp-video-shortcode\" id=\"video-1015-1\" width=\"720\" height=\"960\" preload=\"metadata\" controls=\"controls\"><source type=\"video\/mp4\" src=\"https:\/\/bluepuerto.com\/wp-content\/uploads\/2026\/01\/\u89c6\u9891-1-1.mp4?_=1\" \/><a href=\"https:\/\/bluepuerto.com\/wp-content\/uploads\/2026\/01\/\u89c6\u9891-1-1.mp4\">https:\/\/bluepuerto.com\/wp-content\/uploads\/2026\/01\/\u89c6\u9891-1-1.mp4<\/a><\/video><\/div>\n<table>\n<thead>\n<tr>\n<th>Type de produit<\/th>\n<th>Mat\u00e9riau<\/th>\n<th>Cat\u00e9gorie<\/th>\n<th>Technique de traitement<\/th>\n<th>Forme \/ Design<\/th>\n<th>Taille (cm)<\/th>\n<th>Circonf\u00e9rence<\/th>\n<th>Th\u00e8me de style<\/th>\n<th>Poids (g)<\/th>\n<th>Groupe applicable<\/th>\n<\/tr>\n<\/thead>\n<tbody>\n<tr>\n<td>Bague<\/td>\n<td>Zircon<\/td>\n<td>\u2014<\/td>\n<td>Serti \/ Monture<\/td>\n<td>N\u0153ud papillon<\/td>\n<td>1.7<\/td>\n<td>\u2014<\/td>\n<td>Style Minimaliste<\/td>\n<td>3.4<\/td>\n<td>Femmes<\/td>\n<\/tr>\n<\/tbody>\n<\/table>\n<p>&nbsp;<\/p>","protected":false},"excerpt":{"rendered":"<p><span dir=\"auto\" style=\"vertical-align: inherit;\"><span dir=\"auto\" style=\"vertical-align: inherit;\">Bague pour femme de style cor\u00e9en, sertie de zircon et de perles, design \u00e0 n\u0153ud papillon, pr\u00e9sentant un style r\u00e9tro et unique.<\/span><\/span><\/p>","protected":false},"featured_media":1016,"comment_status":"open","ping_status":"closed","template":"","meta":[],"product_brand":[],"product_cat":[77,56],"product_tag":[],"class_list":{"0":"post-1015","1":"product","2":"type-product","3":"status-publish","4":"has-post-thumbnail","6":"product_cat-diamond-rings","7":"product_cat-rings","9":"first","10":"instock","11":"shipping-taxable","12":"purchasable","13":"product-type-variable"},"_links":{"self":[{"href":"https:\/\/bluepuerto.com\/fr\/wp-json\/wp\/v2\/product\/1015","targetHints":{"allow":["GET"]}}],"collection":[{"href":"https:\/\/bluepuerto.com\/fr\/wp-json\/wp\/v2\/product"}],"about":[{"href":"https:\/\/bluepuerto.com\/fr\/wp-json\/wp\/v2\/types\/product"}],"replies":[{"embeddable":true,"href":"https:\/\/bluepuerto.com\/fr\/wp-json\/wp\/v2\/comments?post=1015"}],"version-history":[{"count":5,"href":"https:\/\/bluepuerto.com\/fr\/wp-json\/wp\/v2\/product\/1015\/revisions"}],"predecessor-version":[{"id":1023,"href":"https:\/\/bluepuerto.com\/fr\/wp-json\/wp\/v2\/product\/1015\/revisions\/1023"}],"wp:featuredmedia":[{"embeddable":true,"href":"https:\/\/bluepuerto.com\/fr\/wp-json\/wp\/v2\/media\/1016"}],"wp:attachment":[{"href":"https:\/\/bluepuerto.com\/fr\/wp-json\/wp\/v2\/media?parent=1015"}],"wp:term":[{"taxonomy":"product_brand","embeddable":true,"href":"https:\/\/bluepuerto.com\/fr\/wp-json\/wp\/v2\/product_brand?post=1015"},{"taxonomy":"product_cat","embeddable":true,"href":"https:\/\/bluepuerto.com\/fr\/wp-json\/wp\/v2\/product_cat?post=1015"},{"taxonomy":"product_tag","embeddable":true,"href":"https:\/\/bluepuerto.com\/fr\/wp-json\/wp\/v2\/product_tag?post=1015"}],"curies":[{"name":"wp","href":"https:\/\/api.w.org\/{rel}","templated":true}]}}