{"id":3,"date":"2025-12-15T02:03:57","date_gmt":"2025-12-15T02:03:57","guid":{"rendered":"http:\/\/bluepuerto.com\/?page_id=3"},"modified":"2026-01-12T08:59:24","modified_gmt":"2026-01-12T08:59:24","slug":"privacy-policy","status":"publish","type":"page","link":"https:\/\/bluepuerto.com\/fr\/privacy-policy\/","title":{"rendered":"Politique de confidentialit\u00e9"},"content":{"rendered":"<h2 class=\"wp-block-heading\">Politique de confidentialit\u00e9<\/h2>\n\n\n\n<p><strong>Cette Politique de Confidentialit\u00e9 d\u00e9crit comment vos informations personnelles sont collect\u00e9es, utilis\u00e9es et partag\u00e9es lorsque vous visitez ou effectuez un achat sur notre Site.<\/strong><\/p>\n\n\n\n<p><strong>INFORMATIONS PERSONNELLES QUE NOUS COLLECTONS<\/strong><\/p>\n\n\n\n<p>Lorsque vous visitez le Site, nous collectons automatiquement certaines informations sur votre appareil, notamment des informations sur votre navigateur web, votre adresse IP, votre fuseau horaire et certains des cookies install\u00e9s sur votre appareil. De plus, lors de votre navigation sur le Site, nous collectons des informations sur les pages web ou produits individuels que vous consultez, les sites web ou termes de recherche qui vous ont r\u00e9f\u00e9r\u00e9 au Site, ainsi que des informations sur votre interaction avec le Site. Nous d\u00e9signons ces informations collect\u00e9es automatiquement sous le nom d\u201c\u201d Informations sur l'Appareil \u00bb.<\/p>\n\n\n\n<p><strong>Informations sur l'Appareil que nous collectons :<\/strong><\/p>\n\n\n\n<ul class=\"wp-block-list\">\n<li><strong>Cookies :<\/strong>\u00a0Fichiers de donn\u00e9es plac\u00e9s sur votre appareil ou ordinateur, contenant souvent un identifiant unique anonyme.<\/li>\n\n\n\n<li><strong>Fichiers journaux :<\/strong>\u00a0Ils enregistrent les actions se produisant sur le Site et collectent des donn\u00e9es incluant votre adresse IP, le type de navigateur, le fournisseur d'acc\u00e8s Internet, les pages de r\u00e9f\u00e9rence\/sortie, et les horodatages.<\/li>\n\n\n\n<li><strong>Balises web, tags et pixels :<\/strong>\u00a0Fichiers \u00e9lectroniques utilis\u00e9s pour enregistrer des informations sur votre mani\u00e8re de naviguer sur le Site.<\/li>\n<\/ul>\n\n\n\n<p>De plus, lorsque vous effectuez un achat ou tentez d'en effectuer un via le Site, nous collectons certaines informations vous concernant, notamment votre nom, adresse de facturation, adresse de livraison, informations de paiement (y compris les num\u00e9ros de carte bancaire), adresse e-mail et num\u00e9ro de t\u00e9l\u00e9phone. Nous d\u00e9signons ces informations sous le nom d\u201c\u201d Informations de Commande \u00bb.<\/p>\n\n\n\n<p>Lorsque nous parlons d\u201c\u201d Informations Personnelles \u00bb dans cette Politique de Confidentialit\u00e9, nous faisons r\u00e9f\u00e9rence \u00e0 la fois aux Informations sur l'Appareil et aux Informations de Commande.<\/p>\n\n\n\n<p><strong>COMMENT UTILISONS-NOUS VOS INFORMATIONS PERSONNELLES ?<\/strong><\/p>\n\n\n\n<p>Nous utilisons g\u00e9n\u00e9ralement les Informations de Commande que nous collectons pour traiter toute commande pass\u00e9e via le Site (y compris le traitement de vos informations de paiement, l'organisation de l'exp\u00e9dition et la fourniture de factures et\/ou confirmations de commande). De plus, nous utilisons ces Informations de Commande pour :<\/p>\n\n\n\n<ul class=\"wp-block-list\">\n<li>Communiquer avec vous ;<\/li>\n\n\n\n<li>V\u00e9rifier nos commandes pour les risques ou fraudes potentiels ;<\/li>\n\n\n\n<li>Vous fournir des informations ou publicit\u00e9s relatives \u00e0 nos produits ou services, conform\u00e9ment \u00e0 vos pr\u00e9f\u00e9rences.<\/li>\n<\/ul>\n\n\n\n<p>Nous utilisons les Informations sur l'Appareil que nous collectons pour nous aider \u00e0 d\u00e9tecter les risques et fraudes potentiels (notamment via votre adresse IP), et plus g\u00e9n\u00e9ralement pour am\u00e9liorer et optimiser notre Site (par exemple, en g\u00e9n\u00e9rant des analyses sur la mani\u00e8re dont nos clients naviguent et interagissent avec le Site, et pour \u00e9valuer le succ\u00e8s de nos campagnes marketing et publicitaires).<\/p>\n\n\n\n<p><strong>PARTAGE DE VOS INFORMATIONS PERSONNELLES<\/strong><\/p>\n\n\n\n<p>Nous partageons vos Informations Personnelles avec des tiers pour nous aider \u00e0 les utiliser, comme d\u00e9crit ci-dessus. Par exemple, nous utilisons WordPress pour faire fonctionner notre site web. Nous utilisons \u00e9galement Google Analytics pour nous aider \u00e0 comprendre comment nos clients utilisent le Site.<\/p>\n\n\n\n<p>Enfin, nous pouvons \u00e9galement partager vos Informations Personnelles pour nous conformer aux lois et r\u00e9glementations applicables, r\u00e9pondre \u00e0 une citation \u00e0 compara\u00eetre, un mandat de perquisition ou toute autre demande l\u00e9gale d'information que nous recevons, ou pour prot\u00e9ger nos droits.<\/p>\n\n\n\n<p><strong>PUBLICIT\u00c9 CIBL\u00c9E<\/strong><\/p>\n\n\n\n<p>Comme d\u00e9crit ci-dessus, nous utilisons vos Informations Personnelles pour vous fournir des publicit\u00e9s cibl\u00e9es ou des communications marketing que nous estimons susceptibles de vous int\u00e9resser.<\/p>\n\n\n\n<p>Vous pouvez d\u00e9sactiver la publicit\u00e9 cibl\u00e9e en utilisant les liens ci-dessous :<\/p>\n\n\n\n<ul class=\"wp-block-list\">\n<li><strong>Facebook :<\/strong>\u00a0<a href=\"https:\/\/www.facebook.com\/settings\/?tab=ads\"><u>Param\u00e8tres des publicit\u00e9s Facebook<\/u><\/a><\/li>\n\n\n\n<li><strong>Google :<\/strong>\u00a0<a href=\"https:\/\/adssettings.google.com\/\"><u>Param\u00e8tres des publicit\u00e9s Google<\/u><\/a><\/li>\n\n\n\n<li><strong>Bing :<\/strong>\u00a0<a href=\"https:\/\/advertise.bingads.microsoft.com\/en-us\/resources\/policies\/personalized-ads\"><u>Politique des publicit\u00e9s personnalis\u00e9es Bing<\/u><\/a><\/li>\n<\/ul>\n\n\n\n<p>De plus, vous pouvez vous d\u00e9sinscrire de certains de ces services en visitant le portail de d\u00e9sinscription de l'Alliance de la Publicit\u00e9 Num\u00e9rique \u00e0 l'adresse : <a href=\"http:\/\/optout.aboutads.info\/\"><u>Portail de d\u00e9sinscription de l'Alliance de la Publicit\u00e9 Num\u00e9rique<\/u><\/a>.<\/p>\n\n\n\n<p><strong>NE PAS SUIVRE (DO NOT TRACK)<\/strong><\/p>\n\n\n\n<p>Veuillez noter que nous ne modifions pas les pratiques de collecte et d'utilisation des donn\u00e9es de notre Site lorsque nous d\u00e9tectons un signal \u00ab Ne pas suivre \u00bb de votre navigateur.<\/p>\n\n\n\n<p><strong>VOS DROITS<\/strong><\/p>\n\n\n\n<p>Si vous \u00eates r\u00e9sident europ\u00e9en, vous avez le droit d'acc\u00e9der aux informations personnelles que nous d\u00e9tenons vous concernant et de demander leur correction, mise \u00e0 jour ou suppression. Si vous souhaitez exercer ce droit, veuillez nous contacter via les coordonn\u00e9es ci-dessous.<\/p>\n\n\n\n<p>De plus, si vous \u00eates r\u00e9sident europ\u00e9en, nous tenons \u00e0 pr\u00e9ciser que nous traitons vos informations pour ex\u00e9cuter les contrats que nous pourrions avoir avec vous (par exemple, si vous passez une commande via le Site), ou pour poursuivre les int\u00e9r\u00eats l\u00e9gitimes de notre entreprise \u00e9num\u00e9r\u00e9s ci-dessus. De plus, veuillez noter que vos informations seront transf\u00e9r\u00e9es hors d'Europe, notamment vers le Canada et les \u00c9tats-Unis.<\/p>\n\n\n\n<p><strong>CONSERVATION DES DONN\u00c9ES<\/strong><\/p>\n\n\n\n<p>Lorsque vous passez une commande via le Site, nous conserverons vos Informations de Commande dans nos archives, sauf si et jusqu'\u00e0 ce que vous nous demandiez de supprimer ces informations.<\/p>\n\n\n\n<p><strong>MODIFICATIONS<\/strong><\/p>\n\n\n\n<p>Nous pouvons mettre \u00e0 jour cette politique de confidentialit\u00e9 de temps \u00e0 autre, par exemple pour refl\u00e9ter les changements dans nos pratiques ou pour d'autres raisons op\u00e9rationnelles, l\u00e9gales ou r\u00e9glementaires.<\/p>\n\n\n\n<p><strong>MINEURS<\/strong><\/p>\n\n\n\n<p>Le Site n'est pas destin\u00e9 aux personnes de moins de 13 ans.<\/p>\n\n\n\n<p><strong>NOUS CONTACTER<\/strong><\/p>\n\n\n\n<p>Pour plus d'informations sur nos pratiques de confidentialit\u00e9, si vous avez des questions ou si vous souhaitez d\u00e9poser une plainte, veuillez nous contacter aux coordonn\u00e9es fournies ci-dessous :<\/p>\n\n\n\n<p><strong>Adresse de l'entreprise :<\/strong>\u00a0No. 157 Shaolin East Road, Quartier Shaojiadu, Ville de Linhai, Taizhou, Province du Zhejiang, Chine<\/p>\n\n\n\n<p><strong>Nom de l'entreprise :<\/strong>\u00a0Linhai Langang Import and Export Co., Ltd.<\/p>\n\n\n\n<p><strong>E-mail de l'entreprise :<\/strong>\u00a0<a href=\"mailto:langangforeigntrade@gmail.com\"><u>langangforeigntrade@gmail.com<\/u><\/a><\/p>","protected":false},"excerpt":{"rendered":"<p>Privacy Policy This Privacy Policy describes how your personal information is collected, used, and shared when you visit or make a purchase on our Site. PERSONAL INFORMATION WE COLLECT When<\/p>","protected":false},"author":1,"featured_media":0,"parent":0,"menu_order":0,"comment_status":"closed","ping_status":"open","template":"","meta":{"footnotes":""},"class_list":["post-3","page","type-page","status-publish","hentry"],"_hostinger_reach_plugin_has_subscription_block":false,"_hostinger_reach_plugin_is_elementor":false,"_links":{"self":[{"href":"https:\/\/bluepuerto.com\/fr\/wp-json\/wp\/v2\/pages\/3","targetHints":{"allow":["GET"]}}],"collection":[{"href":"https:\/\/bluepuerto.com\/fr\/wp-json\/wp\/v2\/pages"}],"about":[{"href":"https:\/\/bluepuerto.com\/fr\/wp-json\/wp\/v2\/types\/page"}],"author":[{"embeddable":true,"href":"https:\/\/bluepuerto.com\/fr\/wp-json\/wp\/v2\/users\/1"}],"replies":[{"embeddable":true,"href":"https:\/\/bluepuerto.com\/fr\/wp-json\/wp\/v2\/comments?post=3"}],"version-history":[{"count":1,"href":"https:\/\/bluepuerto.com\/fr\/wp-json\/wp\/v2\/pages\/3\/revisions"}],"predecessor-version":[{"id":1201,"href":"https:\/\/bluepuerto.com\/fr\/wp-json\/wp\/v2\/pages\/3\/revisions\/1201"}],"wp:attachment":[{"href":"https:\/\/bluepuerto.com\/fr\/wp-json\/wp\/v2\/media?parent=3"}],"curies":[{"name":"wp","href":"https:\/\/api.w.org\/{rel}","templated":true}]}}