{"id":13,"date":"2026-01-12T08:59:44","date_gmt":"2026-01-12T08:59:44","guid":{"rendered":"https:\/\/bluepuerto.com\/?page_id=13"},"modified":"2026-01-12T08:59:45","modified_gmt":"2026-01-12T08:59:45","slug":"refund_returns","status":"publish","type":"page","link":"https:\/\/bluepuerto.com\/fr\/refund_returns\/","title":{"rendered":"Politique de remboursement et de retour"},"content":{"rendered":"<h2 class=\"wp-block-heading\">Politique de Remboursement et de Retour<strong><\/strong><\/h2>\n\n\n\n<p>Notre politique dure 30 jours. Si 30 jours se sont \u00e9coul\u00e9s depuis votre achat, malheureusement nous ne pouvons pas vous offrir de remboursement ou d'\u00e9change. Pour \u00eatre \u00e9ligible \u00e0 un retour, votre article doit \u00eatre non utilis\u00e9 et dans le m\u00eame \u00e9tat que vous l'avez re\u00e7u. Il doit \u00e9galement \u00eatre dans son emballage d'origine. Pour finaliser votre retour, nous avons besoin d'un re\u00e7u ou d'une preuve d'achat.<\/p>\n\n\n\n<p>Certaines situations ne donnent droit qu'\u00e0 des remboursements partiels (le cas \u00e9ch\u00e9ant) : (1) Tout article qui n'est pas dans son \u00e9tat d'origine, est endommag\u00e9 ou dont des pi\u00e8ces manquent pour des raisons non imputables \u00e0 notre erreur ; (2) Tout article retourn\u00e9 plus de 30 jours apr\u00e8s la livraison.<\/p>\n\n\n\n<p>Une fois votre retour re\u00e7u et inspect\u00e9, nous vous enverrons un e-mail pour vous informer de sa r\u00e9ception. Nous vous notifierons \u00e9galement l'approbation ou le rejet de votre remboursement. S'il est approuv\u00e9, votre remboursement sera trait\u00e9 et un cr\u00e9dit sera automatiquement appliqu\u00e9 \u00e0 votre carte de cr\u00e9dit ou \u00e0 votre mode de paiement initial, dans un certain d\u00e9lai. Si vous n'avez pas encore re\u00e7u de remboursement, v\u00e9rifiez d'abord \u00e0 nouveau votre compte bancaire. Contactez ensuite votre soci\u00e9t\u00e9 de carte de cr\u00e9dit, car cela peut prendre un certain temps avant que le remboursement ne soit officiellement enregistr\u00e9. Puis contactez votre banque. Si vous avez effectu\u00e9 toutes ces d\u00e9marches et que vous n'avez toujours pas re\u00e7u votre remboursement, veuillez nous contacter.<\/p>\n\n\n\n<p>Nous ne rempla\u00e7ons les articles que s'ils sont d\u00e9fectueux ou endommag\u00e9s (sous garantie d'un an). Si vous devez l'\u00e9changer contre le m\u00eame article, envoyez-nous un e-mail et exp\u00e9diez votre article \u00e0 l'adresse ci-dessous.<\/p>\n\n\n\n<p>Pour retourner votre produit, vous devez l'envoyer par courrier \u00e0 l'adresse ci-dessous. Vous serez responsable des frais d'exp\u00e9dition pour le retour de votre article. Les frais d'exp\u00e9dition ne sont pas remboursables. Si vous recevez un remboursement, le co\u00fbt de l'exp\u00e9dition de retour sera d\u00e9duit de celui-ci. Selon votre lieu de r\u00e9sidence, le d\u00e9lai de r\u00e9ception de votre produit \u00e9chang\u00e9 peut varier. Si vous exp\u00e9diez un article de plus de $75, vous devriez envisager d'utiliser un service d'exp\u00e9dition tra\u00e7able ou d'acheter une assurance d'exp\u00e9dition. Nous ne garantissons pas que nous recevrons votre article retourn\u00e9.<\/p>\n\n\n\n<p><strong>E-mail\u202f:<\/strong>&nbsp;<a href=\"mailto:langangforeigntrade@gmail.com\"><u>langangforeigntrade@gmail.com<\/u><\/a><br><strong>Adresse\u202f:<\/strong>&nbsp;No. 157 Shaolin East Road, Quartier Shaojiadu, Ville de Linhai, Taizhou, Province du Zhejiang, Chine<\/p>","protected":false},"excerpt":{"rendered":"<p>Refund and Return Policy Our policy lasts 30 days. If 30 days have gone by since your purchase, unfortunately we can\u2019t offer you a refund or exchange. To be eligible<\/p>","protected":false},"author":1,"featured_media":0,"parent":0,"menu_order":0,"comment_status":"closed","ping_status":"closed","template":"","meta":{"footnotes":""},"class_list":["post-13","page","type-page","status-publish","hentry"],"_hostinger_reach_plugin_has_subscription_block":false,"_hostinger_reach_plugin_is_elementor":false,"_links":{"self":[{"href":"https:\/\/bluepuerto.com\/fr\/wp-json\/wp\/v2\/pages\/13","targetHints":{"allow":["GET"]}}],"collection":[{"href":"https:\/\/bluepuerto.com\/fr\/wp-json\/wp\/v2\/pages"}],"about":[{"href":"https:\/\/bluepuerto.com\/fr\/wp-json\/wp\/v2\/types\/page"}],"author":[{"embeddable":true,"href":"https:\/\/bluepuerto.com\/fr\/wp-json\/wp\/v2\/users\/1"}],"replies":[{"embeddable":true,"href":"https:\/\/bluepuerto.com\/fr\/wp-json\/wp\/v2\/comments?post=13"}],"version-history":[{"count":1,"href":"https:\/\/bluepuerto.com\/fr\/wp-json\/wp\/v2\/pages\/13\/revisions"}],"predecessor-version":[{"id":1202,"href":"https:\/\/bluepuerto.com\/fr\/wp-json\/wp\/v2\/pages\/13\/revisions\/1202"}],"wp:attachment":[{"href":"https:\/\/bluepuerto.com\/fr\/wp-json\/wp\/v2\/media?parent=13"}],"curies":[{"name":"wp","href":"https:\/\/api.w.org\/{rel}","templated":true}]}}