{"id":1203,"date":"2026-01-12T09:00:06","date_gmt":"2026-01-12T09:00:06","guid":{"rendered":"https:\/\/bluepuerto.com\/?page_id=1203"},"modified":"2026-01-12T09:00:09","modified_gmt":"2026-01-12T09:00:09","slug":"terms-of-service","status":"publish","type":"page","link":"https:\/\/bluepuerto.com\/fr\/terms-of-service\/","title":{"rendered":"Conditions d'utilisation"},"content":{"rendered":"<h3 class=\"wp-block-heading\"><strong>Conditions d'utilisation<\/strong><strong><\/strong><\/h3>\n\n\n\n<p>Les pr\u00e9sentes Conditions d'Utilisation (\u201c Conditions \u201d) r\u00e9gissent votre utilisation de notre site e-commerce ind\u00e9pendant ainsi que l'achat de produits et services aupr\u00e8s de <strong>Linhai Langang Import and Export Co., Ltd.<\/strong>&nbsp;(\u201c nous \u201d, \u201c notre \u201d). En acc\u00e9dant ou en utilisant notre Site, ou en effectuant un achat aupr\u00e8s de nous, vous acceptez d'\u00eatre li\u00e9 par ces Conditions.<\/p>\n\n\n\n<h4 class=\"wp-block-heading\"><strong>\ufffd\ufffd Acceptation des Conditions<\/strong><strong><\/strong><\/h4>\n\n\n\n<p>En visitant notre site et\/ou en achetant un produit aupr\u00e8s de nous, vous utilisez notre \u201c Service \u201d et acceptez d'\u00eatre li\u00e9 par ces Conditions d'Utilisation, y compris tous les termes, conditions, politiques et mentions indiqu\u00e9s ici. Ces Conditions s'appliquent \u00e0 tous les utilisateurs du site, y compris, sans limitation, les navigateurs, les vendeurs, les clients, les marchands et les contributeurs.<\/p>\n\n\n\n<p>Si vous n'acceptez pas l'int\u00e9gralit\u00e9 des termes et conditions du pr\u00e9sent accord, vous ne pouvez pas acc\u00e9der au site ni utiliser aucun service.<\/p>\n\n\n\n<h4 class=\"wp-block-heading\"><strong>\ufffd\ufffd D\u00e9claration de Site Ind\u00e9pendant<\/strong><strong><\/strong><\/h4>\n\n\n\n<p>Notre boutique fonctionne en tant que <strong>plateforme e-commerce ind\u00e9pendante auto-h\u00e9berg\u00e9e<\/strong>. Nous fournissons directement la plateforme en ligne pour faciliter vos transactions et l'achat de nos produits et services, plut\u00f4t que de fonctionner via une place de march\u00e9 tierce.<\/p>\n\n\n\n<h4 class=\"wp-block-heading\"><strong>\ufffd\ufffd Conditions G\u00e9n\u00e9rales<\/strong><strong><\/strong><\/h4>\n\n\n\n<p>Nous nous r\u00e9servons le droit de refuser le service \u00e0 quiconque, pour quelque raison que ce soit et \u00e0 tout moment. Vous acceptez de ne pas reproduire, dupliquer, copier, vendre, revendre ou exploiter toute partie du Service (y compris le site web, les produits et l'acc\u00e8s \u00e0 ceux-ci) sans notre autorisation \u00e9crite expresse.<\/p>\n\n\n\n<p>Le fait que nous n'exercions ou n'appliquions pas un droit ou une disposition de ces Conditions ne constitue pas une renonciation \u00e0 ce droit ou \u00e0 cette disposition.<\/p>\n\n\n\n<h4 class=\"wp-block-heading\"><strong>\ufffd\ufffd Exactitude des Informations<\/strong><strong><\/strong><\/h4>\n\n\n\n<p>Nous ne sommes pas responsables si les informations disponibles sur ce site ne sont pas exactes, compl\u00e8tes ou \u00e0 jour. Le contenu de ce site est fourni \u00e0 titre informatif uniquement. Vous convenez qu'il est de votre responsabilit\u00e9 de surveiller les modifications apport\u00e9es \u00e0 notre site.<\/p>\n\n\n\n<p>Les prix de nos produits sont susceptibles d'\u00eatre modifi\u00e9s sans pr\u00e9avis. Nous nous r\u00e9servons le droit \u00e0 tout moment de modifier ou d'interrompre le Service (ou toute partie ou contenu de celui-ci) sans pr\u00e9avis.<\/p>\n\n\n\n<h4 class=\"wp-block-heading\"><strong>\ufffd\ufffd Informations sur les Produits et les Commandes<\/strong><strong><\/strong><\/h4>\n\n\n\n<p>Certains produits peuvent \u00eatre disponibles exclusivement en ligne via le site web. Ces produits peuvent avoir des quantit\u00e9s limit\u00e9es et ne peuvent \u00eatre retourn\u00e9s ou \u00e9chang\u00e9s que conform\u00e9ment \u00e0 notre Politique de Retour.<\/p>\n\n\n\n<p>Nous avons fait tous les efforts possibles pour afficher les couleurs et les images des produits aussi fid\u00e8lement que possible. Cependant, nous ne pouvons garantir que l'affichage des couleurs sur votre \u00e9cran d'ordinateur sera exact.<\/p>\n\n\n\n<p>Nous nous r\u00e9servons le droit de limiter la vente de nos produits \u00e0 toute personne, r\u00e9gion g\u00e9ographique ou juridiction. Nous pouvons exercer ce droit au cas par cas. Nous nous r\u00e9servons \u00e9galement le droit de limiter les quantit\u00e9s de tout produit ou service et de refuser ou d'annuler toute commande.<\/p>\n\n\n\n<h4 class=\"wp-block-heading\"><strong>\ufffd\ufffd Compte et Facturation<\/strong><strong><\/strong><\/h4>\n\n\n\n<p>Vous acceptez de fournir des informations d'achat et de compte actuelles, compl\u00e8tes et exactes pour tous les achats effectu\u00e9s dans notre boutique. Vous acceptez de mettre \u00e0 jour rapidement votre compte et vos autres informations (y compris l'adresse e-mail et les num\u00e9ros de carte de cr\u00e9dit) afin que nous puissions finaliser vos transactions.<\/p>\n\n\n\n<p>Nous nous r\u00e9servons le droit de refuser toute commande que vous passez aupr\u00e8s de nous. Si nous modifions ou annulons une commande, nous pouvons tenter de vous en informer en contactant l'adresse e-mail et\/ou l'adresse de facturation fournies au moment de la commande.<\/p>\n\n\n\n<h4 class=\"wp-block-heading\"><strong>\ufffd\ufffd Liens et Outils Tiers<\/strong><strong><\/strong><\/h4>\n\n\n\n<p>Notre Site peut contenir des liens vers des sites web tiers ou donner acc\u00e8s \u00e0 des outils tiers. Ceux-ci sont fournis \u201c en l'\u00e9tat \u201d et \u201c tels que disponibles \u201d, sans aucune garantie. Nous n'avons aucune responsabilit\u00e9 quant \u00e0 l'examen ou \u00e0 l'\u00e9valuation du contenu ou de l'exactitude des sites web tiers, et nous n'assumons aucune responsabilit\u00e9 pour tout pr\u00e9judice ou dommage li\u00e9 \u00e0 votre interaction avec ceux-ci.<\/p>\n\n\n\n<h4 class=\"wp-block-heading\"><strong>\ufffd\ufffd Commentaires et Soumissions des Utilisateurs<\/strong><strong><\/strong><\/h4>\n\n\n\n<p>Si vous nous transmettez des id\u00e9es cr\u00e9atives, suggestions, propositions ou autres documents (collectivement, \u201c commentaires \u201d), vous acceptez que nous puissions les utiliser \u00e0 tout moment, sans restriction et sans compensation. Cependant, vous \u00eates seul responsable de l'exactitude de vos commentaires, et ceux-ci ne doivent pas violer les droits de tiers ni contenir de mat\u00e9riel ill\u00e9gal.<\/p>\n\n\n\n<h4 class=\"wp-block-heading\"><strong>\ufffd\ufffd Limitation de Responsabilit\u00e9<\/strong><strong><\/strong><\/h4>\n\n\n\n<p>Votre utilisation du Service se fait \u00e0 vos propres risques. Le Service et tous les produits et services qui vous sont livr\u00e9s sont fournis \u2018 en l'\u00e9tat \u2019 et \u2018 tels que disponibles \u2019. Nous ne garantissons pas que les r\u00e9sultats obtenus par l'utilisation du Service seront exacts ou fiables.<\/p>\n\n\n\n<p>En aucun cas nos administrateurs, dirigeants, employ\u00e9s ou agents ne pourront \u00eatre tenus responsables de dommages indirects, accessoires, punitifs ou cons\u00e9cutifs.<\/p>\n\n\n\n<h4 class=\"wp-block-heading\"><strong>\ufffd\ufffd Indemnisation<\/strong><strong><\/strong><\/h4>\n\n\n\n<p>Vous acceptez d'indemniser et de d\u00e9gager de toute responsabilit\u00e9 notre soci\u00e9t\u00e9, ses filiales, ses affili\u00e9s, ainsi que leurs dirigeants, administrateurs, agents et employ\u00e9s, contre toute r\u00e9clamation ou demande formul\u00e9e par un tiers en raison de votre violation de ces Conditions ou de votre infraction \u00e0 toute loi.<\/p>\n\n\n\n<h4 class=\"wp-block-heading\"><strong>\ufffd\ufffd Droit Applicable et Litiges<\/strong><strong><\/strong><\/h4>\n\n\n\n<p>Les pr\u00e9sentes Conditions sont r\u00e9gies et interpr\u00e9t\u00e9es conform\u00e9ment aux lois de la <strong>R\u00e9publique Populaire de Chine<\/strong>&nbsp;(sp\u00e9cifiquement les r\u00e8glements de la province du Zhejiang) et aux pratiques du commerce international, sans tenir compte de ses dispositions relatives aux conflits de lois.<\/p>\n\n\n\n<h4 class=\"wp-block-heading\"><strong>\ufffd\ufffd Modifications des Conditions<\/strong><strong><\/strong><\/h4>\n\n\n\n<p>Nous nous r\u00e9servons le droit de mettre \u00e0 jour, modifier ou remplacer toute partie de ces Conditions en publiant des mises \u00e0 jour sur notre site web. Il est de votre responsabilit\u00e9 de consulter p\u00e9riodiquement cette page pour prendre connaissance des modifications. Votre utilisation continue du site web apr\u00e8s la publication de toute modification constitue l'acceptation de ces modifications.<\/p>\n\n\n\n<h4 class=\"wp-block-heading\"><strong>\ufffd\ufffd Coordonn\u00e9es<\/strong><strong><\/strong><\/h4>\n\n\n\n<p>Les questions concernant les Conditions d'Utilisation doivent nous \u00eatre adress\u00e9es \u00e0 l'adresse suivante :<br><strong>E-mail\u202f:<\/strong>&nbsp;<a href=\"mailto:langangforeigntrade@gmail.com\"><u>langangforeigntrade@gmail.com<\/u><\/a><br><strong>Soci\u00e9t\u00e9 :<\/strong>&nbsp;Linhai Langang Import and Export Co., Ltd.<br><strong>Adresse\u202f:<\/strong>&nbsp;No. 157 Shaolin East Road, Quartier Shaojiadu, Ville de Linhai, Taizhou, Province du Zhejiang, Chine<\/p>","protected":false},"excerpt":{"rendered":"<p>Terms of Service These Terms of Service (&#8220;Terms&#8221;) govern your use of our independent e-commerce website and the purchase of products and services from Linhai Langang Import and Export Co.,<\/p>","protected":false},"author":1,"featured_media":0,"parent":0,"menu_order":0,"comment_status":"closed","ping_status":"closed","template":"","meta":{"footnotes":""},"class_list":["post-1203","page","type-page","status-publish","hentry"],"_hostinger_reach_plugin_has_subscription_block":false,"_hostinger_reach_plugin_is_elementor":false,"_links":{"self":[{"href":"https:\/\/bluepuerto.com\/fr\/wp-json\/wp\/v2\/pages\/1203","targetHints":{"allow":["GET"]}}],"collection":[{"href":"https:\/\/bluepuerto.com\/fr\/wp-json\/wp\/v2\/pages"}],"about":[{"href":"https:\/\/bluepuerto.com\/fr\/wp-json\/wp\/v2\/types\/page"}],"author":[{"embeddable":true,"href":"https:\/\/bluepuerto.com\/fr\/wp-json\/wp\/v2\/users\/1"}],"replies":[{"embeddable":true,"href":"https:\/\/bluepuerto.com\/fr\/wp-json\/wp\/v2\/comments?post=1203"}],"version-history":[{"count":1,"href":"https:\/\/bluepuerto.com\/fr\/wp-json\/wp\/v2\/pages\/1203\/revisions"}],"predecessor-version":[{"id":1204,"href":"https:\/\/bluepuerto.com\/fr\/wp-json\/wp\/v2\/pages\/1203\/revisions\/1204"}],"wp:attachment":[{"href":"https:\/\/bluepuerto.com\/fr\/wp-json\/wp\/v2\/media?parent=1203"}],"curies":[{"name":"wp","href":"https:\/\/api.w.org\/{rel}","templated":true}]}}