{"id":111,"date":"2023-02-17T11:15:35","date_gmt":"2023-02-17T11:15:35","guid":{"rendered":"https:\/\/alukas.presslayouts.com\/dummy\/?page_id=111"},"modified":"2026-01-19T09:12:48","modified_gmt":"2026-01-19T09:12:48","slug":"about-us-v1","status":"publish","type":"page","link":"https:\/\/bluepuerto.com\/fr\/about-us-v1\/","title":{"rendered":"\u00c0 Propos"},"content":{"rendered":"<div data-elementor-type=\"wp-page\" data-elementor-id=\"111\" class=\"elementor elementor-111\">\n\t\t\t\t\t\t<section class=\"elementor-section elementor-top-section elementor-element elementor-element-6420ba6 elementor-section-boxed elementor-section-height-default elementor-section-height-default\" data-id=\"6420ba6\" data-element_type=\"section\" data-e-type=\"section\">\n\t\t\t\t\t\t<div class=\"elementor-container elementor-column-gap-default\">\n\t\t\t\t\t<div class=\"elementor-column elementor-col-50 elementor-top-column elementor-element elementor-element-4450b67\" data-id=\"4450b67\" data-element_type=\"column\" data-e-type=\"column\">\n\t\t\t<div class=\"elementor-widget-wrap elementor-element-populated\">\n\t\t\t\t\t\t<div class=\"elementor-element elementor-element-2a5991f elementor-widget elementor-widget-image\" data-id=\"2a5991f\" data-element_type=\"widget\" data-e-type=\"widget\" data-widget_type=\"image.default\">\n\t\t\t\t\t\t\t\t\t\t\t\t\t\t\t<img fetchpriority=\"high\" decoding=\"async\" width=\"1920\" height=\"1920\" src=\"https:\/\/bluepuerto.com\/wp-content\/uploads\/2026\/01\/\u4e3b\u56fe-1-9.jpg\" class=\"attachment-full size-full wp-image-1090\" alt=\"\" srcset=\"https:\/\/bluepuerto.com\/wp-content\/uploads\/2026\/01\/\u4e3b\u56fe-1-9.jpg 1920w, https:\/\/bluepuerto.com\/wp-content\/uploads\/2026\/01\/\u4e3b\u56fe-1-9-360x360.jpg 360w, https:\/\/bluepuerto.com\/wp-content\/uploads\/2026\/01\/\u4e3b\u56fe-1-9-576x576.jpg 576w, https:\/\/bluepuerto.com\/wp-content\/uploads\/2026\/01\/\u4e3b\u56fe-1-9-150x150.jpg 150w, https:\/\/bluepuerto.com\/wp-content\/uploads\/2026\/01\/\u4e3b\u56fe-1-9-768x768.jpg 768w, https:\/\/bluepuerto.com\/wp-content\/uploads\/2026\/01\/\u4e3b\u56fe-1-9-1536x1536.jpg 1536w, https:\/\/bluepuerto.com\/wp-content\/uploads\/2026\/01\/\u4e3b\u56fe-1-9-325x325.jpg 325w, https:\/\/bluepuerto.com\/wp-content\/uploads\/2026\/01\/\u4e3b\u56fe-1-9-800x800.jpg 800w\" sizes=\"(max-width: 1920px) 100vw, 1920px\" \/>\t\t\t\t\t\t\t\t\t\t\t\t\t\t\t<\/div>\n\t\t\t\t\t<\/div>\n\t\t<\/div>\n\t\t\t\t<div class=\"elementor-column elementor-col-50 elementor-top-column elementor-element elementor-element-8364de7\" data-id=\"8364de7\" data-element_type=\"column\" data-e-type=\"column\">\n\t\t\t<div class=\"elementor-widget-wrap elementor-element-populated\">\n\t\t\t\t\t\t<div class=\"elementor-element elementor-element-836e729 elementor-widget elementor-widget-image\" data-id=\"836e729\" data-element_type=\"widget\" data-e-type=\"widget\" data-widget_type=\"image.default\">\n\t\t\t\t\t\t\t\t\t\t\t\t\t\t\t<img decoding=\"async\" width=\"1920\" height=\"1920\" src=\"https:\/\/bluepuerto.com\/wp-content\/uploads\/2026\/01\/\u4e3b\u56fe-1-12.jpg\" class=\"attachment-full size-full wp-image-1135\" alt=\"\" srcset=\"https:\/\/bluepuerto.com\/wp-content\/uploads\/2026\/01\/\u4e3b\u56fe-1-12.jpg 1920w, https:\/\/bluepuerto.com\/wp-content\/uploads\/2026\/01\/\u4e3b\u56fe-1-12-360x360.jpg 360w, https:\/\/bluepuerto.com\/wp-content\/uploads\/2026\/01\/\u4e3b\u56fe-1-12-576x576.jpg 576w, https:\/\/bluepuerto.com\/wp-content\/uploads\/2026\/01\/\u4e3b\u56fe-1-12-150x150.jpg 150w, https:\/\/bluepuerto.com\/wp-content\/uploads\/2026\/01\/\u4e3b\u56fe-1-12-768x768.jpg 768w, https:\/\/bluepuerto.com\/wp-content\/uploads\/2026\/01\/\u4e3b\u56fe-1-12-1536x1536.jpg 1536w, https:\/\/bluepuerto.com\/wp-content\/uploads\/2026\/01\/\u4e3b\u56fe-1-12-325x325.jpg 325w, https:\/\/bluepuerto.com\/wp-content\/uploads\/2026\/01\/\u4e3b\u56fe-1-12-800x800.jpg 800w\" sizes=\"(max-width: 1920px) 100vw, 1920px\" \/>\t\t\t\t\t\t\t\t\t\t\t\t\t\t\t<\/div>\n\t\t\t\t\t<\/div>\n\t\t<\/div>\n\t\t\t\t\t<\/div>\n\t\t<\/section>\n\t\t\t\t<section class=\"elementor-section elementor-top-section elementor-element elementor-element-db14216 elementor-section-boxed elementor-section-height-default elementor-section-height-default\" data-id=\"db14216\" data-element_type=\"section\" data-e-type=\"section\">\n\t\t\t\t\t\t<div class=\"elementor-container elementor-column-gap-default\">\n\t\t\t\t\t<div class=\"elementor-column elementor-col-33 elementor-top-column elementor-element elementor-element-36bb900\" data-id=\"36bb900\" data-element_type=\"column\" data-e-type=\"column\">\n\t\t\t<div class=\"elementor-widget-wrap elementor-element-populated\">\n\t\t\t\t\t\t<div class=\"elementor-element elementor-element-8f9c839 elementor-widget elementor-widget-pls-heading\" data-id=\"8f9c839\" data-element_type=\"widget\" data-e-type=\"widget\" data-widget_type=\"pls-heading.default\">\n\t\t\t\t<div class=\"elementor-widget-container\">\n\t\t\t\t\t<div id=\"pls-header-30130\" class=\"pls-element pls-heading pls-text-left separator-line\">\t\n\t\t\t\n\t\t\t<div class=\"heading-wrap\">\n\t\t\t<span class=\"separator-left\"><\/span>\n\t\t\t<h2 class=\"heading-title\">Notre Histoire<\/h2>\t\t\t<span class=\"separator-right\"><\/span>\n\t\t\t\t\t<\/div>\n\t\t\n    <\/div>\t\t\t\t<\/div>\n\t\t\t\t<\/div>\n\t\t\t\t\t<\/div>\n\t\t<\/div>\n\t\t\t\t<div class=\"elementor-column elementor-col-66 elementor-top-column elementor-element elementor-element-95ed5fd\" data-id=\"95ed5fd\" data-element_type=\"column\" data-e-type=\"column\">\n\t\t\t<div class=\"elementor-widget-wrap elementor-element-populated\">\n\t\t\t\t\t\t<div class=\"elementor-element elementor-element-e3105a5 elementor-widget elementor-widget-text-editor\" data-id=\"e3105a5\" data-element_type=\"widget\" data-e-type=\"widget\" data-widget_type=\"text-editor.default\">\n\t\t\t\t\t\t\t\t\t<p>\u201c Fond\u00e9e avec une passion pour l'\u00e9l\u00e9gance intemporelle, notre marque cr\u00e9e des bijoux qui c\u00e9l\u00e8brent l'individualit\u00e9 et le style. Chaque pi\u00e8ce est con\u00e7ue avec r\u00e9flexion et minutieusement fabriqu\u00e9e pour apporter de la joie \u00e0 nos clientes. \u201d<\/p>\t\t\t\t\t\t\t\t<\/div>\n\t\t\t\t<div class=\"elementor-element elementor-element-e317877 elementor-widget elementor-widget-text-editor\" data-id=\"e317877\" data-element_type=\"widget\" data-e-type=\"widget\" data-widget_type=\"text-editor.default\">\n\t\t\t\t\t\t\t\t\t<p>Des basiques classiques aux tendances modernes, nous allions des mat\u00e9riaux de qualit\u00e9 \u00e0 un savoir-faire exceptionnel. Notre mission est de rendre de beaux bijoux portables accessibles \u00e0 toutes et \u00e0 tous.<\/p><p>Nous croyons qu'un bijou est bien plus qu'un accessoire \u2013 c'est une expression de la personnalit\u00e9 et un souvenir des moments pr\u00e9cieux de la vie.<\/p>\t\t\t\t\t\t\t\t<\/div>\n\t\t\t\t\t<\/div>\n\t\t<\/div>\n\t\t\t\t\t<\/div>\n\t\t<\/section>\n\t\t\t\t<section class=\"elementor-section elementor-top-section elementor-element elementor-element-92ce7bb elementor-section-full_width elementor-section-height-default elementor-section-height-default\" data-id=\"92ce7bb\" data-element_type=\"section\" data-e-type=\"section\">\n\t\t\t\t\t\t<div class=\"elementor-container elementor-column-gap-no\">\n\t\t\t\t\t<div class=\"elementor-column elementor-col-50 elementor-top-column elementor-element elementor-element-bcc4aac\" data-id=\"bcc4aac\" data-element_type=\"column\" data-e-type=\"column\">\n\t\t\t<div class=\"elementor-widget-wrap elementor-element-populated\">\n\t\t\t\t\t\t<div class=\"elementor-element elementor-element-110158a elementor-widget elementor-widget-image\" data-id=\"110158a\" data-element_type=\"widget\" data-e-type=\"widget\" data-widget_type=\"image.default\">\n\t\t\t\t\t\t\t\t\t\t\t\t\t\t\t<img decoding=\"async\" width=\"1919\" height=\"899\" src=\"https:\/\/bluepuerto.com\/wp-content\/uploads\/2026\/01\/\u56fe\u72473.png\" class=\"attachment-full size-full wp-image-850\" alt=\"\" srcset=\"https:\/\/bluepuerto.com\/wp-content\/uploads\/2026\/01\/\u56fe\u72473.png 1919w, https:\/\/bluepuerto.com\/wp-content\/uploads\/2026\/01\/\u56fe\u72473-480x225.png 480w, https:\/\/bluepuerto.com\/wp-content\/uploads\/2026\/01\/\u56fe\u72473-1024x480.png 1024w, https:\/\/bluepuerto.com\/wp-content\/uploads\/2026\/01\/\u56fe\u72473-768x360.png 768w, https:\/\/bluepuerto.com\/wp-content\/uploads\/2026\/01\/\u56fe\u72473-1536x720.png 1536w, https:\/\/bluepuerto.com\/wp-content\/uploads\/2026\/01\/\u56fe\u72473-800x375.png 800w\" sizes=\"(max-width: 1919px) 100vw, 1919px\" \/>\t\t\t\t\t\t\t\t\t\t\t\t\t\t\t<\/div>\n\t\t\t\t\t<\/div>\n\t\t<\/div>\n\t\t\t\t<div class=\"elementor-column elementor-col-50 elementor-top-column elementor-element elementor-element-eb0b12f\" data-id=\"eb0b12f\" data-element_type=\"column\" data-e-type=\"column\" data-settings=\"{&quot;background_background&quot;:&quot;classic&quot;}\">\n\t\t\t<div class=\"elementor-widget-wrap elementor-element-populated\">\n\t\t\t\t\t\t<div class=\"elementor-element elementor-element-b51a368 elementor-widget elementor-widget-pls-heading\" data-id=\"b51a368\" data-element_type=\"widget\" data-e-type=\"widget\" data-widget_type=\"pls-heading.default\">\n\t\t\t\t<div class=\"elementor-widget-container\">\n\t\t\t\t\t<div id=\"pls-header-58258\" class=\"pls-element pls-heading pls-text-left separator-none\">\t\n\t\t\t\n\t\t\t<div class=\"heading-wrap\">\n\t\t\t<span class=\"separator-left\"><\/span>\n\t\t\t<h2 class=\"heading-title\">Notre Mission<\/h2>\t\t\t<span class=\"separator-right\"><\/span>\n\t\t\t\t\t<\/div>\n\t\t\n    \t\t<div class=\"heading-tagline\"> Nous donnons la priorit\u00e9 \u00e0 la satisfaction de notre client\u00e8le et offrons un service exceptionnel pour faire de chaque exp\u00e9rience d'achat un moment de plaisir. <\/div>\n\t<\/div>\t\t\t\t<\/div>\n\t\t\t\t<\/div>\n\t\t\t\t<div class=\"elementor-element elementor-element-2307749 elementor-widget elementor-widget-pls-heading\" data-id=\"2307749\" data-element_type=\"widget\" data-e-type=\"widget\" data-widget_type=\"pls-heading.default\">\n\t\t\t\t<div class=\"elementor-widget-container\">\n\t\t\t\t\t<div id=\"pls-header-92694\" class=\"pls-element pls-heading pls-text-left separator-none\">\t\n\t\t\t\n\t\t\t<div class=\"heading-wrap\">\n\t\t\t<span class=\"separator-left\"><\/span>\n\t\t\t<h2 class=\"heading-title\">Notre Vision<\/h2>\t\t\t<span class=\"separator-right\"><\/span>\n\t\t\t\t\t<\/div>\n\t\t\n    \t\t<div class=\"heading-tagline\"> Nous imaginons un monde o\u00f9 chacun peut exprimer sa personnalit\u00e9 \u00e0 travers des bijoux beaux et intemporels. Notre objectif est d'allier innovation, durabilit\u00e9 et savoir-faire pour cr\u00e9er des pi\u00e8ces que l'on ch\u00e9rit toute une vie. Nous aspirons \u00e0 devenir une marque reconnue pour sa qualit\u00e9, son style et ses exp\u00e9riences porteuses de sens, en cr\u00e9ant des liens avec des clientes et clients \u00e0 travers le monde. <\/div>\n\t<\/div>\t\t\t\t<\/div>\n\t\t\t\t<\/div>\n\t\t\t\t\t<\/div>\n\t\t<\/div>\n\t\t\t\t\t<\/div>\n\t\t<\/section>\n\t\t\t\t<section class=\"elementor-section elementor-top-section elementor-element elementor-element-a64cea8 elementor-section-boxed elementor-section-height-default elementor-section-height-default\" data-id=\"a64cea8\" data-element_type=\"section\" data-e-type=\"section\">\n\t\t\t\t\t\t<div class=\"elementor-container elementor-column-gap-default\">\n\t\t\t\t\t<div class=\"elementor-column elementor-col-100 elementor-top-column elementor-element elementor-element-f6421b1\" data-id=\"f6421b1\" data-element_type=\"column\" data-e-type=\"column\">\n\t\t\t<div class=\"elementor-widget-wrap elementor-element-populated\">\n\t\t\t\t\t\t<div class=\"elementor-element elementor-element-59662cd elementor-widget elementor-widget-pls-heading\" data-id=\"59662cd\" data-element_type=\"widget\" data-e-type=\"widget\" data-widget_type=\"pls-heading.default\">\n\t\t\t\t<div class=\"elementor-widget-container\">\n\t\t\t\t\t<div id=\"pls-header-19669\" class=\"pls-element pls-heading pls-text-center separator-none\">\t\n\t\t\t\n\t\t\t<div class=\"heading-wrap\">\n\t\t\t<span class=\"separator-left\"><\/span>\n\t\t\t<h2 class=\"heading-title\">D\u00e9veloppement Responsable et Durable<\/h2>\t\t\t<span class=\"separator-right\"><\/span>\n\t\t\t\t\t<\/div>\n\t\t\n    <\/div>\t\t\t\t<\/div>\n\t\t\t\t<\/div>\n\t\t\t\t<section class=\"elementor-section elementor-inner-section elementor-element elementor-element-f9d1963 elementor-section-boxed elementor-section-height-default elementor-section-height-default\" data-id=\"f9d1963\" data-element_type=\"section\" data-e-type=\"section\">\n\t\t\t\t\t\t<div class=\"elementor-container elementor-column-gap-default\">\n\t\t\t\t\t<div class=\"elementor-column elementor-col-33 elementor-inner-column elementor-element elementor-element-bca3030\" data-id=\"bca3030\" data-element_type=\"column\" data-e-type=\"column\">\n\t\t\t<div class=\"elementor-widget-wrap elementor-element-populated\">\n\t\t\t\t\t\t<div class=\"elementor-element elementor-element-1f46b77 elementor-widget elementor-widget-pls-infobox\" data-id=\"1f46b77\" data-element_type=\"widget\" data-e-type=\"widget\" data-widget_type=\"pls-infobox.default\">\n\t\t\t\t<div class=\"elementor-widget-container\">\n\t\t\t\t\t<div id=\"pls-info-box-72477\" class=\"pls-element pls-info-box icon-effect-none icon-simple icon-top color-scheme-inherit hover-color-scheme-inherit text-center\">\n\t<div class=\"info-box-wrap\"  >\n\t\t<div class=\"box-icon-wrap\">\n\t\t\t\t\t\t\t<div class=\"info-box-icon\"><i aria-hidden=\"true\" class=\"lnr lnr-smile\"><\/i><\/div>\n\t\t\t\t\t<\/div>\n\t\t<div class=\"info-box-content\">\n\t\t\t\t\t\t\t\t\t\t<div class=\"info-box-title mb\" >\t\t\t\t\n\t\t\t\t\t<h4>Client\u00e8le Satisfaite<\/h4>\t\t\t\t\t\n\t\t\t\t<\/div>\n\t\t\t\t\t\t\t\t\t\t<div class=\"info-box-description mb\">\n\t\t\t\t\t<p>Nous donnons la priorit\u00e9 \u00e0 la satisfaction de notre client\u00e8le et offrons un service exceptionnel pour faire de chaque exp\u00e9rience d'achat un moment de plaisir.<\/p>\n\t\t\t\t<\/div>\n\t\t\t\t\t<\/div>\n\t<\/div>\n<\/div>\t\t\t\t<\/div>\n\t\t\t\t<\/div>\n\t\t\t\t\t<\/div>\n\t\t<\/div>\n\t\t\t\t<div class=\"elementor-column elementor-col-33 elementor-inner-column elementor-element elementor-element-6ed2d0a\" data-id=\"6ed2d0a\" data-element_type=\"column\" data-e-type=\"column\">\n\t\t\t<div class=\"elementor-widget-wrap elementor-element-populated\">\n\t\t\t\t\t\t<div class=\"elementor-element elementor-element-9ec07f8 elementor-widget elementor-widget-pls-infobox\" data-id=\"9ec07f8\" data-element_type=\"widget\" data-e-type=\"widget\" data-widget_type=\"pls-infobox.default\">\n\t\t\t\t<div class=\"elementor-widget-container\">\n\t\t\t\t\t<div id=\"pls-info-box-53812\" class=\"pls-element pls-info-box icon-effect-none icon-simple icon-top color-scheme-inherit hover-color-scheme-inherit text-center\">\n\t<div class=\"info-box-wrap\"  >\n\t\t<div class=\"box-icon-wrap\">\n\t\t\t\t\t\t\t<div class=\"info-box-icon\"><i aria-hidden=\"true\" class=\"lnr lnr-rocket\"><\/i><\/div>\n\t\t\t\t\t<\/div>\n\t\t<div class=\"info-box-content\">\n\t\t\t\t\t\t\t\t\t\t<div class=\"info-box-title mb\" >\t\t\t\t\n\t\t\t\t\t<h4>Livraison Gratuite<\/h4>\t\t\t\t\t\n\t\t\t\t<\/div>\n\t\t\t\t\t\t\t\t\t\t<div class=\"info-box-description mb\">\n\t\t\t\t\t<p>B\u00e9n\u00e9ficiez d'une livraison rapide et gratuite dans le monde entier pour toutes vos commandes, afin que nos produits soient accessibles \u00e0 toutes et \u00e0 tous.<\/p>\n\t\t\t\t<\/div>\n\t\t\t\t\t<\/div>\n\t<\/div>\n<\/div>\t\t\t\t<\/div>\n\t\t\t\t<\/div>\n\t\t\t\t\t<\/div>\n\t\t<\/div>\n\t\t\t\t<div class=\"elementor-column elementor-col-33 elementor-inner-column elementor-element elementor-element-e68e5a0\" data-id=\"e68e5a0\" data-element_type=\"column\" data-e-type=\"column\">\n\t\t\t<div class=\"elementor-widget-wrap elementor-element-populated\">\n\t\t\t\t\t\t<div class=\"elementor-element elementor-element-518afab elementor-widget elementor-widget-pls-infobox\" data-id=\"518afab\" data-element_type=\"widget\" data-e-type=\"widget\" data-widget_type=\"pls-infobox.default\">\n\t\t\t\t<div class=\"elementor-widget-container\">\n\t\t\t\t\t<div id=\"pls-info-box-21368\" class=\"pls-element pls-info-box icon-effect-none icon-simple icon-top color-scheme-inherit hover-color-scheme-inherit text-center\">\n\t<div class=\"info-box-wrap\"  >\n\t\t<div class=\"box-icon-wrap\">\n\t\t\t\t\t\t\t<div class=\"info-box-icon\"><i aria-hidden=\"true\" class=\"lnr lnr-heart\"><\/i><\/div>\n\t\t\t\t\t<\/div>\n\t\t<div class=\"info-box-content\">\n\t\t\t\t\t\t\t\t\t\t<div class=\"info-box-title mb\" >\t\t\t\t\n\t\t\t\t\t<h4> Fabriqu\u00e9 avec Amour <\/h4>\t\t\t\t\t\n\t\t\t\t<\/div>\n\t\t\t\t\t\t\t\t\t\t<div class=\"info-box-description mb\">\n\t\t\t\t\t<p>Chaque bijou est r\u00e9alis\u00e9 avec attention aux d\u00e9tails et un grand soin, garantissant un produit empreint d'amour et de qualit\u00e9.<\/p>\n\t\t\t\t<\/div>\n\t\t\t\t\t<\/div>\n\t<\/div>\n<\/div>\t\t\t\t<\/div>\n\t\t\t\t<\/div>\n\t\t\t\t\t<\/div>\n\t\t<\/div>\n\t\t\t\t\t<\/div>\n\t\t<\/section>\n\t\t\t\t\t<\/div>\n\t\t<\/div>\n\t\t\t\t\t<\/div>\n\t\t<\/section>\n\t\t\t\t<section class=\"elementor-section elementor-top-section elementor-element elementor-element-0d77c65 elementor-section-boxed elementor-section-height-default elementor-section-height-default\" data-id=\"0d77c65\" data-element_type=\"section\" data-e-type=\"section\" data-settings=\"{&quot;background_background&quot;:&quot;classic&quot;}\">\n\t\t\t\t\t\t<div class=\"elementor-container elementor-column-gap-default\">\n\t\t\t\t\t<div class=\"elementor-column elementor-col-100 elementor-top-column elementor-element elementor-element-3d30ae8\" data-id=\"3d30ae8\" data-element_type=\"column\" data-e-type=\"column\">\n\t\t\t<div class=\"elementor-widget-wrap elementor-element-populated\">\n\t\t\t\t\t\t<div class=\"elementor-element elementor-element-25f1162 elementor-widget elementor-widget-pls-testimonials\" data-id=\"25f1162\" data-element_type=\"widget\" data-e-type=\"widget\" data-widget_type=\"pls-testimonials.default\">\n\t\t\t\t<div class=\"elementor-widget-container\">\n\t\t\t\t\t<div class=\"element-wrap\">\n\t<div class=\"section-content\">\n\t\t<div id=\"pls-testimonial-94891\" class=\"pls-element pls-testimonials row style-3 swiper pls-slider\">\t\n\t\t\t<div class=\"swiper-wrapper slider-col-lg-1 slider-col-md-1 slider-col-1\" data-slider_options=\"{&quot;slider_loop&quot;:false,&quot;slider_autoplay&quot;:false,&quot;slider_autoplay_speed&quot;:&quot;1000&quot;,&quot;slider_pause_on_hover&quot;:false,&quot;slider_rewind&quot;:false,&quot;slider_autoHeigh&quot;:false,&quot;slider_touchDrag&quot;:true,&quot;slider_touchDrag_mobile&quot;:true,&quot;slider_navigation&quot;:true,&quot;slider_pagination&quot;:false,&quot;slider_effect&quot;:&quot;fade&quot;,&quot;slider_spaceBetween&quot;:0,&quot;slides_to_show&quot;:&quot;1&quot;,&quot;slides_to_show_tablet&quot;:&quot;1&quot;,&quot;slides_to_show_mobile&quot;:1,&quot;slides_to_scroll&quot;:1}\" >\n\t\t\t\t\n<div class=\"testimonial swiper-slide\">\n\t<div class=\"testimonial-wrap\">\n\t\t<div class=\"testimonial-content\">\n\t\t\t\t\t<div class=\"testimonial-title\">Boucles d'Oreilles Parfaites au Quotidien<\/div>\n\t\t\t\t\t\t\t<div class=\"testimonial-rating woocommerce\"> \n\t\t\t\t<div class=\"star-rating\">\n\t\t\t\t\t<span style=\"width:100%\"><\/span>\n\t\t\t\t<\/div>\n\t\t\t<\/div>\n\t\t\t\t<div class=\"testimonial-description\">\n\t\t\t\u201c J'adore absolument ces boucles d'oreilles ! Elles sont parfaites pour toute occasion. \u201d\t\t<\/div>\n\t\t<div class=\"testimonial-name\">- Donald Duclk<\/div>\n\t\t<\/div>\n\t\t<div class=\"testimonial-avatar\">\n\t\t\t<img loading=\"lazy\" decoding=\"async\" width=\"1920\" height=\"1920\" src=\"https:\/\/bluepuerto.com\/wp-content\/uploads\/2026\/01\/\u8be6\u60c5-11.jpg\" class=\"attachment-full size-full\" alt=\"\" srcset=\"https:\/\/bluepuerto.com\/wp-content\/uploads\/2026\/01\/\u8be6\u60c5-11.jpg 1920w, https:\/\/bluepuerto.com\/wp-content\/uploads\/2026\/01\/\u8be6\u60c5-11-360x360.jpg 360w, https:\/\/bluepuerto.com\/wp-content\/uploads\/2026\/01\/\u8be6\u60c5-11-576x576.jpg 576w, https:\/\/bluepuerto.com\/wp-content\/uploads\/2026\/01\/\u8be6\u60c5-11-150x150.jpg 150w, https:\/\/bluepuerto.com\/wp-content\/uploads\/2026\/01\/\u8be6\u60c5-11-768x768.jpg 768w, https:\/\/bluepuerto.com\/wp-content\/uploads\/2026\/01\/\u8be6\u60c5-11-1536x1536.jpg 1536w, https:\/\/bluepuerto.com\/wp-content\/uploads\/2026\/01\/\u8be6\u60c5-11-325x325.jpg 325w, https:\/\/bluepuerto.com\/wp-content\/uploads\/2026\/01\/\u8be6\u60c5-11-800x800.jpg 800w\" sizes=\"(max-width: 1920px) 100vw, 1920px\" \/>\t\t<\/div>\n\t<\/div>\t\n<\/div>\n<div class=\"testimonial swiper-slide\">\n\t<div class=\"testimonial-wrap\">\n\t\t<div class=\"testimonial-content\">\n\t\t\t\t\t<div class=\"testimonial-title\">Haute Qualit\u00e9 &amp; Port Quotidien<\/div>\n\t\t\t\t\t\t\t<div class=\"testimonial-rating woocommerce\"> \n\t\t\t\t<div class=\"star-rating\">\n\t\t\t\t\t<span style=\"width:80%\"><\/span>\n\t\t\t\t<\/div>\n\t\t\t<\/div>\n\t\t\t\t<div class=\"testimonial-description\">\n\t\t\t\u201c Haute qualit\u00e9 et finition impeccable. Je les porte tous les jours. \u201d\t\t<\/div>\n\t\t<div class=\"testimonial-name\">- Niamh Oxley<\/div>\n\t\t<\/div>\n\t\t<div class=\"testimonial-avatar\">\n\t\t\t<img loading=\"lazy\" decoding=\"async\" width=\"1920\" height=\"1920\" src=\"https:\/\/bluepuerto.com\/wp-content\/uploads\/2026\/01\/\u4e3b\u56fe-3-10.jpg\" class=\"attachment-full size-full\" alt=\"\" srcset=\"https:\/\/bluepuerto.com\/wp-content\/uploads\/2026\/01\/\u4e3b\u56fe-3-10.jpg 1920w, https:\/\/bluepuerto.com\/wp-content\/uploads\/2026\/01\/\u4e3b\u56fe-3-10-360x360.jpg 360w, https:\/\/bluepuerto.com\/wp-content\/uploads\/2026\/01\/\u4e3b\u56fe-3-10-576x576.jpg 576w, https:\/\/bluepuerto.com\/wp-content\/uploads\/2026\/01\/\u4e3b\u56fe-3-10-150x150.jpg 150w, https:\/\/bluepuerto.com\/wp-content\/uploads\/2026\/01\/\u4e3b\u56fe-3-10-768x768.jpg 768w, https:\/\/bluepuerto.com\/wp-content\/uploads\/2026\/01\/\u4e3b\u56fe-3-10-1536x1536.jpg 1536w, https:\/\/bluepuerto.com\/wp-content\/uploads\/2026\/01\/\u4e3b\u56fe-3-10-325x325.jpg 325w, https:\/\/bluepuerto.com\/wp-content\/uploads\/2026\/01\/\u4e3b\u56fe-3-10-800x800.jpg 800w\" sizes=\"(max-width: 1920px) 100vw, 1920px\" \/>\t\t<\/div>\n\t<\/div>\t\n<\/div>\n<div class=\"testimonial swiper-slide\">\n\t<div class=\"testimonial-wrap\">\n\t\t<div class=\"testimonial-content\">\n\t\t\t\t\t<div class=\"testimonial-title\">Pendentif \u00c9l\u00e9gant et D\u00e9licat<\/div>\n\t\t\t\t\t\t\t<div class=\"testimonial-rating woocommerce\"> \n\t\t\t\t<div class=\"star-rating\">\n\t\t\t\t\t<span style=\"width:60%\"><\/span>\n\t\t\t\t<\/div>\n\t\t\t<\/div>\n\t\t\t\t<div class=\"testimonial-description\">\n\t\t\t\u201c Le pendentif a d\u00e9pass\u00e9 mes attentes. \u00c9l\u00e9gant et d\u00e9licat. \u201d\t\t<\/div>\n\t\t<div class=\"testimonial-name\">- Mary Green<\/div>\n\t\t<\/div>\n\t\t<div class=\"testimonial-avatar\">\n\t\t\t<img loading=\"lazy\" decoding=\"async\" width=\"1920\" height=\"1920\" src=\"https:\/\/bluepuerto.com\/wp-content\/uploads\/2026\/01\/\u4e3b\u56fe-2-12.jpg\" class=\"attachment-full size-full\" alt=\"\" srcset=\"https:\/\/bluepuerto.com\/wp-content\/uploads\/2026\/01\/\u4e3b\u56fe-2-12.jpg 1920w, https:\/\/bluepuerto.com\/wp-content\/uploads\/2026\/01\/\u4e3b\u56fe-2-12-360x360.jpg 360w, https:\/\/bluepuerto.com\/wp-content\/uploads\/2026\/01\/\u4e3b\u56fe-2-12-576x576.jpg 576w, https:\/\/bluepuerto.com\/wp-content\/uploads\/2026\/01\/\u4e3b\u56fe-2-12-150x150.jpg 150w, https:\/\/bluepuerto.com\/wp-content\/uploads\/2026\/01\/\u4e3b\u56fe-2-12-768x768.jpg 768w, https:\/\/bluepuerto.com\/wp-content\/uploads\/2026\/01\/\u4e3b\u56fe-2-12-1536x1536.jpg 1536w, https:\/\/bluepuerto.com\/wp-content\/uploads\/2026\/01\/\u4e3b\u56fe-2-12-325x325.jpg 325w, https:\/\/bluepuerto.com\/wp-content\/uploads\/2026\/01\/\u4e3b\u56fe-2-12-800x800.jpg 800w\" sizes=\"(max-width: 1920px) 100vw, 1920px\" \/>\t\t<\/div>\n\t<\/div>\t\n<\/div>\t\t\t<\/div>\t\t\t\n\t\t<\/div>\t\t\n\t<\/div>\n<\/div>\t\t\t\t<\/div>\n\t\t\t\t<\/div>\n\t\t\t\t\t<\/div>\n\t\t<\/div>\n\t\t\t\t\t<\/div>\n\t\t<\/section>\n\t\t\t\t<\/div>","protected":false},"excerpt":{"rendered":"<p>Our Story \u201cFounded with a passion for timeless elegance, our brand creates jewelry that celebrates individuality and style. Every piece is thoughtfully designed and meticulously crafted to bring joy to<\/p>","protected":false},"author":1,"featured_media":0,"parent":0,"menu_order":0,"comment_status":"closed","ping_status":"closed","template":"","meta":{"footnotes":""},"class_list":["post-111","page","type-page","status-publish","hentry"],"_hostinger_reach_plugin_has_subscription_block":false,"_hostinger_reach_plugin_is_elementor":false,"_links":{"self":[{"href":"https:\/\/bluepuerto.com\/fr\/wp-json\/wp\/v2\/pages\/111","targetHints":{"allow":["GET"]}}],"collection":[{"href":"https:\/\/bluepuerto.com\/fr\/wp-json\/wp\/v2\/pages"}],"about":[{"href":"https:\/\/bluepuerto.com\/fr\/wp-json\/wp\/v2\/types\/page"}],"author":[{"embeddable":true,"href":"https:\/\/bluepuerto.com\/fr\/wp-json\/wp\/v2\/users\/1"}],"replies":[{"embeddable":true,"href":"https:\/\/bluepuerto.com\/fr\/wp-json\/wp\/v2\/comments?post=111"}],"version-history":[{"count":9,"href":"https:\/\/bluepuerto.com\/fr\/wp-json\/wp\/v2\/pages\/111\/revisions"}],"predecessor-version":[{"id":1767,"href":"https:\/\/bluepuerto.com\/fr\/wp-json\/wp\/v2\/pages\/111\/revisions\/1767"}],"wp:attachment":[{"href":"https:\/\/bluepuerto.com\/fr\/wp-json\/wp\/v2\/media?parent=111"}],"curies":[{"name":"wp","href":"https:\/\/api.w.org\/{rel}","templated":true}]}}