{"id":979,"date":"2026-01-12T06:32:06","date_gmt":"2026-01-12T06:32:06","guid":{"rendered":"https:\/\/bluepuerto.com\/?post_type=product&#038;p=979"},"modified":"2026-01-12T06:32:06","modified_gmt":"2026-01-12T06:32:06","slug":"waterdrop-zirconia-bracelet-fashionable-and-simple-light-luxury-niche-high-end-suitable-for-everyday-commute-and-best-friend-bracelets","status":"publish","type":"product","link":"https:\/\/bluepuerto.com\/es\/producto\/waterdrop-zirconia-bracelet-fashionable-and-simple-light-luxury-niche-high-end-suitable-for-everyday-commute-and-best-friend-bracelets\/","title":{"rendered":"Brazalete de Circonita en Forma de L\u00e1grima, Moderno y Sencillo, Lujo Ligero, de Nicho, Alta Gama, Adecuado para el D\u00eda a D\u00eda y Brazaletes para Mejores Amigas"},"content":{"rendered":"<table>\n<thead>\n<tr>\n<th>Material<\/th>\n<th>Categor\u00eda<\/th>\n<th>T\u00e9cnica de Procesamiento<\/th>\n<th>Forma<\/th>\n<th>Estilo<\/th>\n<th>Estilo de Cadena<\/th>\n<th>Di\u00e1metro (cm)<\/th>\n<th>Circunferencia<\/th>\n<th>Tema de Estilo<\/th>\n<th>Peso (g)<\/th>\n<th>Grupo Aplicable<\/th>\n<\/tr>\n<\/thead>\n<tbody>\n<tr>\n<td>Circonita C\u00fabica<\/td>\n<td>\u2014<\/td>\n<td>Montura<\/td>\n<td>L\u00e1grima<\/td>\n<td>\u2014<\/td>\n<td>\u2014<\/td>\n<td>\u2014<\/td>\n<td>\u2014<\/td>\n<td>Estilo natural<\/td>\n<td>10.5<\/td>\n<td>Mujeres<\/td>\n<\/tr>\n<\/tbody>\n<\/table>","protected":false},"excerpt":{"rendered":"<p>Este brazalete presenta piedras de circonita en forma de l\u00e1grima y luce un dise\u00f1o elegante y minimalista, lo que lo convierte en una opci\u00f3n sofisticada y \u00fanica para el uso diario en desplazamientos o como regalo para una amiga cercana.<\/p>","protected":false},"featured_media":980,"comment_status":"open","ping_status":"closed","template":"","meta":[],"product_brand":[],"product_cat":[34,81],"product_tag":[],"class_list":{"0":"post-979","1":"product","2":"type-product","3":"status-publish","4":"has-post-thumbnail","6":"product_cat-bracelets","7":"product_cat-diamond-bracelets","9":"first","10":"instock","11":"shipping-taxable","12":"purchasable","13":"product-type-variable"},"_links":{"self":[{"href":"https:\/\/bluepuerto.com\/es\/wp-json\/wp\/v2\/product\/979","targetHints":{"allow":["GET"]}}],"collection":[{"href":"https:\/\/bluepuerto.com\/es\/wp-json\/wp\/v2\/product"}],"about":[{"href":"https:\/\/bluepuerto.com\/es\/wp-json\/wp\/v2\/types\/product"}],"replies":[{"embeddable":true,"href":"https:\/\/bluepuerto.com\/es\/wp-json\/wp\/v2\/comments?post=979"}],"version-history":[{"count":1,"href":"https:\/\/bluepuerto.com\/es\/wp-json\/wp\/v2\/product\/979\/revisions"}],"predecessor-version":[{"id":1002,"href":"https:\/\/bluepuerto.com\/es\/wp-json\/wp\/v2\/product\/979\/revisions\/1002"}],"wp:featuredmedia":[{"embeddable":true,"href":"https:\/\/bluepuerto.com\/es\/wp-json\/wp\/v2\/media\/980"}],"wp:attachment":[{"href":"https:\/\/bluepuerto.com\/es\/wp-json\/wp\/v2\/media?parent=979"}],"wp:term":[{"taxonomy":"product_brand","embeddable":true,"href":"https:\/\/bluepuerto.com\/es\/wp-json\/wp\/v2\/product_brand?post=979"},{"taxonomy":"product_cat","embeddable":true,"href":"https:\/\/bluepuerto.com\/es\/wp-json\/wp\/v2\/product_cat?post=979"},{"taxonomy":"product_tag","embeddable":true,"href":"https:\/\/bluepuerto.com\/es\/wp-json\/wp\/v2\/product_tag?post=979"}],"curies":[{"name":"wp","href":"https:\/\/api.w.org\/{rel}","templated":true}]}}