{"id":1597,"date":"2026-01-13T09:30:21","date_gmt":"2026-01-13T09:30:21","guid":{"rendered":"https:\/\/bluepuerto.com\/?post_type=product&#038;p=1597"},"modified":"2026-01-14T02:42:41","modified_gmt":"2026-01-14T02:42:41","slug":"zircon-sparkling-diamond-teardrop-necklace-and-earrings-bridal-wedding-jewelry-set","status":"publish","type":"product","link":"https:\/\/bluepuerto.com\/es\/producto\/zircon-sparkling-diamond-teardrop-necklace-and-earrings-bridal-wedding-jewelry-set\/","title":{"rendered":"Collar y aretes de l\u00e1grima con diamantes brillantes de zirc\u00f3n, conjunto de joyer\u00eda nupcial para bodas"},"content":{"rendered":"<table>\n<thead>\n<tr>\n<th>Material<\/th>\n<th>Categor\u00eda<\/th>\n<th>T\u00e9cnica de Procesamiento<\/th>\n<th>Forma<\/th>\n<th>Estilo<\/th>\n<th>Estilo de Cadena<\/th>\n<th>Di\u00e1metro (cm)<\/th>\n<th>Circunferencia<\/th>\n<th>Tema de Estilo<\/th>\n<th>Peso (g)<\/th>\n<th>Grupo Aplicable<\/th>\n<\/tr>\n<\/thead>\n<tbody>\n<tr>\n<td>Circonita C\u00fabica<\/td>\n<td>Collar y Aretes<\/td>\n<td>Montura<\/td>\n<td>Coraz\u00f3n<\/td>\n<td>\u2014<\/td>\n<td>Cadena de Cuentas<\/td>\n<td>\u2014<\/td>\n<td>\u2014<\/td>\n<td>Estilo Minimalista<\/td>\n<td>\u2014<\/td>\n<td>Mujeres<\/td>\n<\/tr>\n<\/tbody>\n<\/table>","protected":false},"excerpt":{"rendered":"<p>Este es un conjunto de joyer\u00eda nupcial para novias, que incluye un deslumbrante collar y aretes de gota con circonitas y diamantes incrustados, con un dise\u00f1o exquisito y un brillo deslumbrante.<\/p>","protected":false},"featured_media":1598,"comment_status":"open","ping_status":"closed","template":"","meta":[],"product_brand":[],"product_cat":[68,74,38,72,51,94,95],"product_tag":[],"class_list":{"0":"post-1597","1":"product","2":"type-product","3":"status-publish","4":"has-post-thumbnail","6":"product_cat-diamond-necklaces","7":"product_cat-drop-earrings","8":"product_cat-earnings","9":"product_cat-earrings","10":"product_cat-necklaces","11":"product_cat-sets","12":"product_cat-two-piece-sets","14":"first","15":"instock","16":"shipping-taxable","17":"purchasable","18":"product-type-variable"},"_links":{"self":[{"href":"https:\/\/bluepuerto.com\/es\/wp-json\/wp\/v2\/product\/1597","targetHints":{"allow":["GET"]}}],"collection":[{"href":"https:\/\/bluepuerto.com\/es\/wp-json\/wp\/v2\/product"}],"about":[{"href":"https:\/\/bluepuerto.com\/es\/wp-json\/wp\/v2\/types\/product"}],"replies":[{"embeddable":true,"href":"https:\/\/bluepuerto.com\/es\/wp-json\/wp\/v2\/comments?post=1597"}],"version-history":[{"count":1,"href":"https:\/\/bluepuerto.com\/es\/wp-json\/wp\/v2\/product\/1597\/revisions"}],"predecessor-version":[{"id":1599,"href":"https:\/\/bluepuerto.com\/es\/wp-json\/wp\/v2\/product\/1597\/revisions\/1599"}],"wp:featuredmedia":[{"embeddable":true,"href":"https:\/\/bluepuerto.com\/es\/wp-json\/wp\/v2\/media\/1598"}],"wp:attachment":[{"href":"https:\/\/bluepuerto.com\/es\/wp-json\/wp\/v2\/media?parent=1597"}],"wp:term":[{"taxonomy":"product_brand","embeddable":true,"href":"https:\/\/bluepuerto.com\/es\/wp-json\/wp\/v2\/product_brand?post=1597"},{"taxonomy":"product_cat","embeddable":true,"href":"https:\/\/bluepuerto.com\/es\/wp-json\/wp\/v2\/product_cat?post=1597"},{"taxonomy":"product_tag","embeddable":true,"href":"https:\/\/bluepuerto.com\/es\/wp-json\/wp\/v2\/product_tag?post=1597"}],"curies":[{"name":"wp","href":"https:\/\/api.w.org\/{rel}","templated":true}]}}