{"id":1553,"date":"2026-01-13T09:21:11","date_gmt":"2026-01-13T09:21:11","guid":{"rendered":"https:\/\/bluepuerto.com\/?post_type=product&#038;p=1553"},"modified":"2026-01-13T09:21:11","modified_gmt":"2026-01-13T09:21:11","slug":"high-end-fashion-quality-zircon-series-earrings-and-necklace-set-gold-plated-copper-sweater-chain-bridal-jewelry-set","status":"publish","type":"product","link":"https:\/\/bluepuerto.com\/es\/producto\/high-end-fashion-quality-zircon-series-earrings-and-necklace-set-gold-plated-copper-sweater-chain-bridal-jewelry-set\/","title":{"rendered":"Juego de pendientes y collar de circonita de alta gama y calidad de moda, cadena para su\u00e9teres de cobre ba\u00f1ado en oro, juego de joyer\u00eda nupcial"},"content":{"rendered":"<table>\n<thead>\n<tr>\n<th>Material<\/th>\n<th>Categor\u00eda<\/th>\n<th>T\u00e9cnica de Procesamiento<\/th>\n<th>Forma<\/th>\n<th>Estilo<\/th>\n<th>Estilo de Cadena<\/th>\n<th>Di\u00e1metro (cm)<\/th>\n<th>Circunferencia<\/th>\n<th>Tema de Estilo<\/th>\n<th>Peso (g)<\/th>\n<th>Grupo Aplicable<\/th>\n<\/tr>\n<\/thead>\n<tbody>\n<tr>\n<td>Circonita C\u00fabica<\/td>\n<td>Collar y Aretes<\/td>\n<td>Montura<\/td>\n<td>Floral<\/td>\n<td>\u2014<\/td>\n<td>Cadena en O<\/td>\n<td>\u2014<\/td>\n<td>43 cm<\/td>\n<td>Estilo Minimalista<\/td>\n<td>48.6 + 14.4<\/td>\n<td>Mujeres<\/td>\n<\/tr>\n<\/tbody>\n<\/table>","protected":false},"excerpt":{"rendered":"<p>Este conjunto de arete y collar de circonita, fabricado en cobre ba\u00f1ado en oro, es una hermosa y exquisita combinaci\u00f3n de joyer\u00eda, perfecta para novias.<\/p>","protected":false},"featured_media":1554,"comment_status":"open","ping_status":"closed","template":"","meta":[],"product_brand":[],"product_cat":[68,74,38,72,51],"product_tag":[],"class_list":{"0":"post-1553","1":"product","2":"type-product","3":"status-publish","4":"has-post-thumbnail","6":"product_cat-diamond-necklaces","7":"product_cat-drop-earrings","8":"product_cat-earnings","9":"product_cat-earrings","10":"product_cat-necklaces","12":"first","13":"instock","14":"shipping-taxable","15":"purchasable","16":"product-type-simple"},"_links":{"self":[{"href":"https:\/\/bluepuerto.com\/es\/wp-json\/wp\/v2\/product\/1553","targetHints":{"allow":["GET"]}}],"collection":[{"href":"https:\/\/bluepuerto.com\/es\/wp-json\/wp\/v2\/product"}],"about":[{"href":"https:\/\/bluepuerto.com\/es\/wp-json\/wp\/v2\/types\/product"}],"replies":[{"embeddable":true,"href":"https:\/\/bluepuerto.com\/es\/wp-json\/wp\/v2\/comments?post=1553"}],"version-history":[{"count":1,"href":"https:\/\/bluepuerto.com\/es\/wp-json\/wp\/v2\/product\/1553\/revisions"}],"predecessor-version":[{"id":1562,"href":"https:\/\/bluepuerto.com\/es\/wp-json\/wp\/v2\/product\/1553\/revisions\/1562"}],"wp:featuredmedia":[{"embeddable":true,"href":"https:\/\/bluepuerto.com\/es\/wp-json\/wp\/v2\/media\/1554"}],"wp:attachment":[{"href":"https:\/\/bluepuerto.com\/es\/wp-json\/wp\/v2\/media?parent=1553"}],"wp:term":[{"taxonomy":"product_brand","embeddable":true,"href":"https:\/\/bluepuerto.com\/es\/wp-json\/wp\/v2\/product_brand?post=1553"},{"taxonomy":"product_cat","embeddable":true,"href":"https:\/\/bluepuerto.com\/es\/wp-json\/wp\/v2\/product_cat?post=1553"},{"taxonomy":"product_tag","embeddable":true,"href":"https:\/\/bluepuerto.com\/es\/wp-json\/wp\/v2\/product_tag?post=1553"}],"curies":[{"name":"wp","href":"https:\/\/api.w.org\/{rel}","templated":true}]}}