{"id":1516,"date":"2026-01-13T09:12:42","date_gmt":"2026-01-13T09:12:42","guid":{"rendered":"https:\/\/bluepuerto.com\/?post_type=product&#038;p=1516"},"modified":"2026-01-13T09:12:42","modified_gmt":"2026-01-13T09:12:42","slug":"cherry-blossom-pink-zircon-bracelet","status":"publish","type":"product","link":"https:\/\/bluepuerto.com\/es\/producto\/cherry-blossom-pink-zircon-bracelet\/","title":{"rendered":"Pulsera de circonita rosa cerezo"},"content":{"rendered":"<table>\n<thead>\n<tr>\n<th>Material<\/th>\n<th>Categor\u00eda<\/th>\n<th>T\u00e9cnica de Procesamiento<\/th>\n<th>Forma<\/th>\n<th>Estilo<\/th>\n<th>Estilo de Cadena<\/th>\n<th>Di\u00e1metro (cm)<\/th>\n<th>Circunferencia<\/th>\n<th>Tema de Estilo<\/th>\n<th>Peso (g)<\/th>\n<th>Grupo Aplicable<\/th>\n<\/tr>\n<\/thead>\n<tbody>\n<tr>\n<td>Circonita C\u00fabica<\/td>\n<td>Brazalete<\/td>\n<td>Montura<\/td>\n<td>Floral<\/td>\n<td>\u2014<\/td>\n<td>\u2014<\/td>\n<td>16.5<\/td>\n<td>\u2014<\/td>\n<td>Estilo natural<\/td>\n<td>17<\/td>\n<td>Mujeres<\/td>\n<\/tr>\n<\/tbody>\n<\/table>","protected":false},"excerpt":{"rendered":"<p>Este brazalete de circonita rosa cerezo presenta un dise\u00f1o \u00fanico y digno de Instagram. Es delicado, dulce, vers\u00e1til y desprende un toque de lujo discreto, lo que lo convierte en una elecci\u00f3n perfecta para mejores amigas.<\/p>","protected":false},"featured_media":1517,"comment_status":"open","ping_status":"closed","template":"","meta":[],"product_brand":[],"product_cat":[34,82,81],"product_tag":[],"class_list":{"0":"post-1516","1":"product","2":"type-product","3":"status-publish","4":"has-post-thumbnail","6":"product_cat-bracelets","7":"product_cat-colored-bracelets","8":"product_cat-diamond-bracelets","10":"first","11":"instock","12":"shipping-taxable","13":"purchasable","14":"product-type-variable"},"_links":{"self":[{"href":"https:\/\/bluepuerto.com\/es\/wp-json\/wp\/v2\/product\/1516","targetHints":{"allow":["GET"]}}],"collection":[{"href":"https:\/\/bluepuerto.com\/es\/wp-json\/wp\/v2\/product"}],"about":[{"href":"https:\/\/bluepuerto.com\/es\/wp-json\/wp\/v2\/types\/product"}],"replies":[{"embeddable":true,"href":"https:\/\/bluepuerto.com\/es\/wp-json\/wp\/v2\/comments?post=1516"}],"version-history":[{"count":1,"href":"https:\/\/bluepuerto.com\/es\/wp-json\/wp\/v2\/product\/1516\/revisions"}],"predecessor-version":[{"id":1530,"href":"https:\/\/bluepuerto.com\/es\/wp-json\/wp\/v2\/product\/1516\/revisions\/1530"}],"wp:featuredmedia":[{"embeddable":true,"href":"https:\/\/bluepuerto.com\/es\/wp-json\/wp\/v2\/media\/1517"}],"wp:attachment":[{"href":"https:\/\/bluepuerto.com\/es\/wp-json\/wp\/v2\/media?parent=1516"}],"wp:term":[{"taxonomy":"product_brand","embeddable":true,"href":"https:\/\/bluepuerto.com\/es\/wp-json\/wp\/v2\/product_brand?post=1516"},{"taxonomy":"product_cat","embeddable":true,"href":"https:\/\/bluepuerto.com\/es\/wp-json\/wp\/v2\/product_cat?post=1516"},{"taxonomy":"product_tag","embeddable":true,"href":"https:\/\/bluepuerto.com\/es\/wp-json\/wp\/v2\/product_tag?post=1516"}],"curies":[{"name":"wp","href":"https:\/\/api.w.org\/{rel}","templated":true}]}}