{"id":1328,"date":"2026-01-13T07:30:50","date_gmt":"2026-01-13T07:30:50","guid":{"rendered":"https:\/\/bluepuerto.com\/?post_type=product&#038;p=1328"},"modified":"2026-01-13T07:30:50","modified_gmt":"2026-01-13T07:30:50","slug":"new-colorful-zircon-flower-leaf-and-teardrop-zircon-necklace-and-earring-set-luxury-and-intricate-collarbone-chain-for-women","status":"publish","type":"product","link":"https:\/\/bluepuerto.com\/es\/producto\/new-colorful-zircon-flower-leaf-and-teardrop-zircon-necklace-and-earring-set-luxury-and-intricate-collarbone-chain-for-women\/","title":{"rendered":"Nuevo Set de Collar y Aretes de Zirconia Colorida en Forma de Flor, Hoja y L\u00e1grima \u2013 Cadena de Lujo e Intrincada para la Clav\u00edcula para Mujeres"},"content":{"rendered":"<table>\n<thead>\n<tr>\n<th>Material<\/th>\n<th>Categor\u00eda<\/th>\n<th>T\u00e9cnica de Procesamiento<\/th>\n<th>Forma<\/th>\n<th>Estilo<\/th>\n<th>Estilo de Cadena<\/th>\n<th>Di\u00e1metro (cm)<\/th>\n<th>Circunferencia<\/th>\n<th>Tema de Estilo<\/th>\n<th>Peso (g)<\/th>\n<th>Grupo Aplicable<\/th>\n<\/tr>\n<\/thead>\n<tbody>\n<tr>\n<td>Circonita C\u00fabica<\/td>\n<td>Collar y Aretes<\/td>\n<td>Montura<\/td>\n<td>Coraz\u00f3n<\/td>\n<td>\u2014<\/td>\n<td>Cadena en O<\/td>\n<td>\u2014<\/td>\n<td>44 cm<\/td>\n<td>Estilo de Lujo Ligero<\/td>\n<td>55 + 6<\/td>\n<td>Mujeres<\/td>\n<\/tr>\n<\/tbody>\n<\/table>","protected":false},"excerpt":{"rendered":"<p>Este nuevo juego de collar y aretes de circonita colorida presenta dise\u00f1os florales y de hojas, desprendiendo lujo discreto y artesan\u00eda, siendo una excelente opci\u00f3n para collares de clav\u00edcula femeninos.<\/p>","protected":false},"featured_media":1329,"comment_status":"open","ping_status":"closed","template":"","meta":[],"product_brand":[],"product_cat":[68,74,38,72,51,94,95],"product_tag":[],"class_list":{"0":"post-1328","1":"product","2":"type-product","3":"status-publish","4":"has-post-thumbnail","6":"product_cat-diamond-necklaces","7":"product_cat-drop-earrings","8":"product_cat-earnings","9":"product_cat-earrings","10":"product_cat-necklaces","11":"product_cat-sets","12":"product_cat-two-piece-sets","14":"first","15":"instock","16":"shipping-taxable","17":"purchasable","18":"product-type-variable"},"_links":{"self":[{"href":"https:\/\/bluepuerto.com\/es\/wp-json\/wp\/v2\/product\/1328","targetHints":{"allow":["GET"]}}],"collection":[{"href":"https:\/\/bluepuerto.com\/es\/wp-json\/wp\/v2\/product"}],"about":[{"href":"https:\/\/bluepuerto.com\/es\/wp-json\/wp\/v2\/types\/product"}],"replies":[{"embeddable":true,"href":"https:\/\/bluepuerto.com\/es\/wp-json\/wp\/v2\/comments?post=1328"}],"version-history":[{"count":1,"href":"https:\/\/bluepuerto.com\/es\/wp-json\/wp\/v2\/product\/1328\/revisions"}],"predecessor-version":[{"id":1345,"href":"https:\/\/bluepuerto.com\/es\/wp-json\/wp\/v2\/product\/1328\/revisions\/1345"}],"wp:featuredmedia":[{"embeddable":true,"href":"https:\/\/bluepuerto.com\/es\/wp-json\/wp\/v2\/media\/1329"}],"wp:attachment":[{"href":"https:\/\/bluepuerto.com\/es\/wp-json\/wp\/v2\/media?parent=1328"}],"wp:term":[{"taxonomy":"product_brand","embeddable":true,"href":"https:\/\/bluepuerto.com\/es\/wp-json\/wp\/v2\/product_brand?post=1328"},{"taxonomy":"product_cat","embeddable":true,"href":"https:\/\/bluepuerto.com\/es\/wp-json\/wp\/v2\/product_cat?post=1328"},{"taxonomy":"product_tag","embeddable":true,"href":"https:\/\/bluepuerto.com\/es\/wp-json\/wp\/v2\/product_tag?post=1328"}],"curies":[{"name":"wp","href":"https:\/\/api.w.org\/{rel}","templated":true}]}}