{"id":1122,"date":"2026-01-12T07:36:07","date_gmt":"2026-01-12T07:36:07","guid":{"rendered":"https:\/\/bluepuerto.com\/?post_type=product&#038;p=1122"},"modified":"2026-01-12T07:36:07","modified_gmt":"2026-01-12T07:36:07","slug":"unique-snake-shaped-necklace-minimalist-design-trendy-and-sophisticated-perfect-for-women","status":"publish","type":"product","link":"https:\/\/bluepuerto.com\/es\/producto\/unique-snake-shaped-necklace-minimalist-design-trendy-and-sophisticated-perfect-for-women\/","title":{"rendered":"Collar \u00fanico en forma de serpiente, dise\u00f1o minimalista, moderno y sofisticado, perfecto para mujeres."},"content":{"rendered":"<table>\n<thead>\n<tr>\n<th>Material<\/th>\n<th>Categor\u00eda<\/th>\n<th>T\u00e9cnica de Procesamiento<\/th>\n<th>Forma<\/th>\n<th>Estilo<\/th>\n<th>Estilo de Cadena<\/th>\n<th>Di\u00e1metro (cm)<\/th>\n<th>Circunferencia<\/th>\n<th>Tema de Estilo<\/th>\n<th>Peso (g)<\/th>\n<th>Grupo Aplicable<\/th>\n<\/tr>\n<\/thead>\n<tbody>\n<tr>\n<td>Circonita C\u00fabica<\/td>\n<td>\u2014<\/td>\n<td>Montura<\/td>\n<td>Serpiente<\/td>\n<td>\u2014<\/td>\n<td>Cadena Hueso de Serpiente<\/td>\n<td>\u2014<\/td>\n<td>43 cm<\/td>\n<td>Estilo Minimalista<\/td>\n<td>64.6 + 11.7<\/td>\n<td>Mujeres<\/td>\n<\/tr>\n<\/tbody>\n<\/table>","protected":false},"excerpt":{"rendered":"<p>Este collar en forma de serpiente presenta un dise\u00f1o \u00fanico y distintivo con un estilo fresco y lujoso, que desprende una sensaci\u00f3n de sofisticaci\u00f3n. Es un collar exclusivo para mujeres.<\/p>","protected":false},"featured_media":1123,"comment_status":"open","ping_status":"closed","template":"","meta":[],"product_brand":[],"product_cat":[68,74,38,72,51,94,95],"product_tag":[],"class_list":{"0":"post-1122","1":"product","2":"type-product","3":"status-publish","4":"has-post-thumbnail","6":"product_cat-diamond-necklaces","7":"product_cat-drop-earrings","8":"product_cat-earnings","9":"product_cat-earrings","10":"product_cat-necklaces","11":"product_cat-sets","12":"product_cat-two-piece-sets","14":"first","15":"instock","16":"shipping-taxable","17":"purchasable","18":"product-type-variable"},"_links":{"self":[{"href":"https:\/\/bluepuerto.com\/es\/wp-json\/wp\/v2\/product\/1122","targetHints":{"allow":["GET"]}}],"collection":[{"href":"https:\/\/bluepuerto.com\/es\/wp-json\/wp\/v2\/product"}],"about":[{"href":"https:\/\/bluepuerto.com\/es\/wp-json\/wp\/v2\/types\/product"}],"replies":[{"embeddable":true,"href":"https:\/\/bluepuerto.com\/es\/wp-json\/wp\/v2\/comments?post=1122"}],"version-history":[{"count":1,"href":"https:\/\/bluepuerto.com\/es\/wp-json\/wp\/v2\/product\/1122\/revisions"}],"predecessor-version":[{"id":1133,"href":"https:\/\/bluepuerto.com\/es\/wp-json\/wp\/v2\/product\/1122\/revisions\/1133"}],"wp:featuredmedia":[{"embeddable":true,"href":"https:\/\/bluepuerto.com\/es\/wp-json\/wp\/v2\/media\/1123"}],"wp:attachment":[{"href":"https:\/\/bluepuerto.com\/es\/wp-json\/wp\/v2\/media?parent=1122"}],"wp:term":[{"taxonomy":"product_brand","embeddable":true,"href":"https:\/\/bluepuerto.com\/es\/wp-json\/wp\/v2\/product_brand?post=1122"},{"taxonomy":"product_cat","embeddable":true,"href":"https:\/\/bluepuerto.com\/es\/wp-json\/wp\/v2\/product_cat?post=1122"},{"taxonomy":"product_tag","embeddable":true,"href":"https:\/\/bluepuerto.com\/es\/wp-json\/wp\/v2\/product_tag?post=1122"}],"curies":[{"name":"wp","href":"https:\/\/api.w.org\/{rel}","templated":true}]}}