{"id":3,"date":"2025-12-15T02:03:57","date_gmt":"2025-12-15T02:03:57","guid":{"rendered":"http:\/\/bluepuerto.com\/?page_id=3"},"modified":"2026-01-12T08:59:24","modified_gmt":"2026-01-12T08:59:24","slug":"privacy-policy","status":"publish","type":"page","link":"https:\/\/bluepuerto.com\/es\/privacy-policy\/","title":{"rendered":"Pol\u00edtica de Privacidad"},"content":{"rendered":"<h2 class=\"wp-block-heading\">Pol\u00edtica de Privacidad<\/h2>\n\n\n\n<p><strong>Esta Pol\u00edtica de Privacidad describe c\u00f3mo se recopila, utiliza y comparte su informaci\u00f3n personal cuando visita o realiza una compra en nuestro Sitio.<\/strong><\/p>\n\n\n\n<p><strong>INFORMACI\u00d3N PERSONAL QUE RECOPILAMOS<\/strong><\/p>\n\n\n\n<p>Cuando visita el Sitio, recopilamos autom\u00e1ticamente cierta informaci\u00f3n sobre su dispositivo, incluida informaci\u00f3n sobre su navegador web, direcci\u00f3n IP, zona horaria y algunas de las cookies instaladas en su dispositivo. Adem\u00e1s, mientras navega por el Sitio, recopilamos informaci\u00f3n sobre las p\u00e1ginas web individuales o productos que visualiza, los sitios web o t\u00e9rminos de b\u00fasqueda que lo refirieron al Sitio e informaci\u00f3n sobre c\u00f3mo interact\u00faa con el Sitio. Nos referimos a esta informaci\u00f3n recopilada autom\u00e1ticamente como \u201cInformaci\u00f3n del Dispositivo\u201d.<\/p>\n\n\n\n<p><strong>Informaci\u00f3n del Dispositivo que RECOPILAMOS:<\/strong><\/p>\n\n\n\n<ul class=\"wp-block-list\">\n<li><strong>Cookies:<\/strong>\u00a0Archivos de datos colocados en su dispositivo o computadora, que a menudo incluyen un identificador \u00fanico an\u00f3nimo.<\/li>\n\n\n\n<li><strong>Archivos de registro:<\/strong>\u00a0Rastrean las acciones que ocurren en el Sitio y recopilan datos que incluyen su direcci\u00f3n IP, tipo de navegador, proveedor de servicios de Internet, p\u00e1ginas de referencia\/salida y marcas de fecha\/hora.<\/li>\n\n\n\n<li><strong>Web beacons, etiquetas y p\u00edxeles:<\/strong>\u00a0Archivos electr\u00f3nicos utilizados para registrar informaci\u00f3n sobre c\u00f3mo navega por el Sitio.<\/li>\n<\/ul>\n\n\n\n<p>Adem\u00e1s, cuando realiza una compra o intenta realizar una compra a trav\u00e9s del Sitio, recopilamos cierta informaci\u00f3n suya, incluido su nombre, direcci\u00f3n de facturaci\u00f3n, direcci\u00f3n de env\u00edo, informaci\u00f3n de pago (incluidos n\u00fameros de tarjetas de cr\u00e9dito), direcci\u00f3n de correo electr\u00f3nico y n\u00famero de tel\u00e9fono. Nos referimos a esta informaci\u00f3n como \u201cInformaci\u00f3n del Pedido\u201d.<\/p>\n\n\n\n<p>Cuando hablamos de \u201cInformaci\u00f3n Personal\u201d en esta Pol\u00edtica de Privacidad, nos referimos tanto a la Informaci\u00f3n del Dispositivo como a la Informaci\u00f3n del Pedido.<\/p>\n\n\n\n<p><strong>\u00bfC\u00d3MO UTILIZAMOS SU INFORMACI\u00d3N PERSONAL?<\/strong><\/p>\n\n\n\n<p>Utilizamos la Informaci\u00f3n del Pedido que recopilamos generalmente para cumplir con los pedidos realizados a trav\u00e9s del Sitio (incluyendo procesar su informaci\u00f3n de pago, gestionar el env\u00edo y proporcionarle facturas y\/o confirmaciones de pedido). Adem\u00e1s, utilizamos esta Informaci\u00f3n del Pedido para:<\/p>\n\n\n\n<ul class=\"wp-block-list\">\n<li>Comunicarnos con usted;<\/li>\n\n\n\n<li>Evaluar nuestros pedidos en busca de riesgos potenciales o fraudes;<\/li>\n\n\n\n<li>Proporcionarle informaci\u00f3n o publicidad relacionada con nuestros productos o servicios, de acuerdo con sus preferencias.<\/li>\n<\/ul>\n\n\n\n<p>Utilizamos la Informaci\u00f3n del Dispositivo que recopilamos para ayudarnos a evaluar riesgos potenciales y fraudes (en particular, su direcci\u00f3n IP) y, en t\u00e9rminos m\u00e1s generales, para mejorar y optimizar nuestro Sitio (por ejemplo, generando an\u00e1lisis sobre c\u00f3mo nuestros clientes navegan e interact\u00faan con el Sitio, y para evaluar el \u00e9xito de nuestras campa\u00f1as de marketing y publicidad).<\/p>\n\n\n\n<p><strong>COMPARTIR SU INFORMACI\u00d3N PERSONAL<\/strong><\/p>\n\n\n\n<p>Compartimos su Informaci\u00f3n Personal con terceros para ayudarnos a utilizar dicha informaci\u00f3n, como se describi\u00f3 anteriormente. Por ejemplo, utilizamos WordPress para operar nuestro sitio web. Tambi\u00e9n utilizamos Google Analytics para ayudarnos a comprender c\u00f3mo nuestros clientes utilizan el Sitio.<\/p>\n\n\n\n<p>Finalmente, tambi\u00e9n podemos compartir su Informaci\u00f3n Personal para cumplir con las leyes y regulaciones aplicables, responder a una citaci\u00f3n, orden de registro u otra solicitud legal de informaci\u00f3n que recibamos, o para proteger nuestros derechos.<\/p>\n\n\n\n<p><strong>PUBLICIDAD COMPORTAMENTAL<\/strong><\/p>\n\n\n\n<p>Como se describi\u00f3 anteriormente, utilizamos su Informaci\u00f3n Personal para proporcionarle anuncios dirigidos o comunicaciones de marketing que creemos pueden ser de su inter\u00e9s.<\/p>\n\n\n\n<p>Puede optar por no recibir publicidad dirigida utilizando los siguientes enlaces:<\/p>\n\n\n\n<ul class=\"wp-block-list\">\n<li><strong>Facebook:<\/strong>\u00a0<a href=\"https:\/\/www.facebook.com\/settings\/?tab=ads\"><u>Configuraci\u00f3n de anuncios de Facebook<\/u><\/a><\/li>\n\n\n\n<li><strong>Google:<\/strong>\u00a0<a href=\"https:\/\/adssettings.google.com\/\"><u>Configuraci\u00f3n de anuncios de Google<\/u><\/a><\/li>\n\n\n\n<li><strong>Bing:<\/strong>\u00a0<a href=\"https:\/\/advertise.bingads.microsoft.com\/en-us\/resources\/policies\/personalized-ads\"><u>Pol\u00edtica de anuncios personalizados de Bing<\/u><\/a><\/li>\n<\/ul>\n\n\n\n<p>Adem\u00e1s, puede optar por no participar en algunos de estos servicios visitando el portal de exclusi\u00f3n voluntaria de la Alianza de Publicidad Digital en: <a href=\"http:\/\/optout.aboutads.info\/\"><u>Portal de exclusi\u00f3n voluntaria de la Alianza de Publicidad Digital<\/u><\/a>.<\/p>\n\n\n\n<p><strong>NO RASTREAR<\/strong><\/p>\n\n\n\n<p>Tenga en cuenta que no alteramos las pr\u00e1cticas de recopilaci\u00f3n y uso de datos de nuestro Sitio cuando detectamos una se\u00f1al de No Rastrear desde su navegador.<\/p>\n\n\n\n<p><strong>SUS DERECHOS<\/strong><\/p>\n\n\n\n<p>Si es residente europeo, tiene derecho a acceder a la informaci\u00f3n personal que tenemos sobre usted y a solicitar que se corrija, actualice o elimine. Si desea ejercer este derecho, cont\u00e1ctenos a trav\u00e9s de la informaci\u00f3n de contacto que se indica a continuaci\u00f3n.<\/p>\n\n\n\n<p>Adem\u00e1s, si es residente europeo, le informamos que estamos procesando su informaci\u00f3n para cumplir con los contratos que podamos tener con usted (por ejemplo, si realiza un pedido a trav\u00e9s del Sitio) o para perseguir nuestros leg\u00edtimos intereses comerciales enumerados anteriormente. Asimismo, tenga en cuenta que su informaci\u00f3n ser\u00e1 transferida fuera de Europa, incluidos Canad\u00e1 y Estados Unidos.<\/p>\n\n\n\n<p><strong>RETENCI\u00d3N DE DATOS<\/strong><\/p>\n\n\n\n<p>Cuando realiza un pedido a trav\u00e9s del Sitio, conservaremos su Informaci\u00f3n del Pedido para nuestros registros a menos que y hasta que nos solicite eliminar esta informaci\u00f3n.<\/p>\n\n\n\n<p><strong>CAMBIOS<\/strong><\/p>\n\n\n\n<p>Podemos actualizar esta pol\u00edtica de privacidad peri\u00f3dicamente para reflejar, por ejemplo, cambios en nuestras pr\u00e1cticas o por otras razones operativas, legales o regulatorias.<\/p>\n\n\n\n<p><strong>MENORES<\/strong><\/p>\n\n\n\n<p>El Sitio no est\u00e1 dirigido a personas menores de 13 a\u00f1os.<\/p>\n\n\n\n<p><strong>CONT\u00c1CTENOS<\/strong><\/p>\n\n\n\n<p>Para obtener m\u00e1s informaci\u00f3n sobre nuestras pr\u00e1cticas de privacidad, si tiene preguntas o si desea presentar una queja, cont\u00e1ctenos a trav\u00e9s de los detalles proporcionados a continuaci\u00f3n:<\/p>\n\n\n\n<p><strong>Direcci\u00f3n de la Empresa:<\/strong>\u00a0No. 157 Calle Este Shaolin, Subdistrito Shaojiadu, Ciudad de Linhai, Taizhou, Provincia de Zhejiang, China<\/p>\n\n\n\n<p><strong>Nombre de la Empresa:<\/strong>\u00a0Linhai Langang Import and Export Co., Ltd.<\/p>\n\n\n\n<p><strong>Correo Electr\u00f3nico de la Empresa:<\/strong>\u00a0<a href=\"mailto:langangforeigntrade@gmail.com\"><u>langangforeigntrade@gmail.com<\/u><\/a><\/p>","protected":false},"excerpt":{"rendered":"<p>Privacy Policy This Privacy Policy describes how your personal information is collected, used, and shared when you visit or make a purchase on our Site. PERSONAL INFORMATION WE COLLECT When<\/p>","protected":false},"author":1,"featured_media":0,"parent":0,"menu_order":0,"comment_status":"closed","ping_status":"open","template":"","meta":{"footnotes":""},"class_list":["post-3","page","type-page","status-publish","hentry"],"_hostinger_reach_plugin_has_subscription_block":false,"_hostinger_reach_plugin_is_elementor":false,"_links":{"self":[{"href":"https:\/\/bluepuerto.com\/es\/wp-json\/wp\/v2\/pages\/3","targetHints":{"allow":["GET"]}}],"collection":[{"href":"https:\/\/bluepuerto.com\/es\/wp-json\/wp\/v2\/pages"}],"about":[{"href":"https:\/\/bluepuerto.com\/es\/wp-json\/wp\/v2\/types\/page"}],"author":[{"embeddable":true,"href":"https:\/\/bluepuerto.com\/es\/wp-json\/wp\/v2\/users\/1"}],"replies":[{"embeddable":true,"href":"https:\/\/bluepuerto.com\/es\/wp-json\/wp\/v2\/comments?post=3"}],"version-history":[{"count":1,"href":"https:\/\/bluepuerto.com\/es\/wp-json\/wp\/v2\/pages\/3\/revisions"}],"predecessor-version":[{"id":1201,"href":"https:\/\/bluepuerto.com\/es\/wp-json\/wp\/v2\/pages\/3\/revisions\/1201"}],"wp:attachment":[{"href":"https:\/\/bluepuerto.com\/es\/wp-json\/wp\/v2\/media?parent=3"}],"curies":[{"name":"wp","href":"https:\/\/api.w.org\/{rel}","templated":true}]}}