{"id":13,"date":"2026-01-12T08:59:44","date_gmt":"2026-01-12T08:59:44","guid":{"rendered":"https:\/\/bluepuerto.com\/?page_id=13"},"modified":"2026-01-12T08:59:45","modified_gmt":"2026-01-12T08:59:45","slug":"refund_returns","status":"publish","type":"page","link":"https:\/\/bluepuerto.com\/es\/refund_returns\/","title":{"rendered":"Pol\u00edtica de Reembolsos y Devoluciones"},"content":{"rendered":"<h2 class=\"wp-block-heading\">Pol\u00edtica de Reembolso y Devoluci\u00f3n<strong><\/strong><\/h2>\n\n\n\n<p>Nuestra pol\u00edtica tiene una duraci\u00f3n de 30 d\u00edas. Si han transcurrido m\u00e1s de 30 d\u00edas desde su compra, lamentablemente no podemos ofrecerle un reembolso o intercambio. Para ser elegible para una devoluci\u00f3n, su art\u00edculo debe estar sin usar y en las mismas condiciones en que lo recibi\u00f3. Tambi\u00e9n debe estar en su embalaje original. Para completar su devoluci\u00f3n, requerimos un recibo o comprobante de compra.<\/p>\n\n\n\n<p>Existen ciertas situaciones en las que solo se otorgan reembolsos parciales (si aplica): (1) Cualquier art\u00edculo que no est\u00e9 en su estado original, est\u00e9 da\u00f1ado o le falten piezas por motivos no atribuibles a nuestro error; (2) Cualquier art\u00edculo que se devuelva despu\u00e9s de m\u00e1s de 30 d\u00edas de la entrega.<\/p>\n\n\n\n<p>Una vez que recibamos e inspeccionemos su devoluci\u00f3n, le enviaremos un correo electr\u00f3nico para notificarle que hemos recibido el art\u00edculo devuelto. Tambi\u00e9n le notificaremos la aprobaci\u00f3n o rechazo de su reembolso. Si es aprobado, su reembolso ser\u00e1 procesado y se aplicar\u00e1 autom\u00e1ticamente un cr\u00e9dito a su tarjeta de cr\u00e9dito o m\u00e9todo de pago original, dentro de una cierta cantidad de d\u00edas. Si a\u00fan no ha recibido su reembolso, primero verifique nuevamente su cuenta bancaria. Luego contacte a su compa\u00f1\u00eda de tarjeta de cr\u00e9dito, ya que puede tomar alg\u00fan tiempo antes de que su reembolso se registre oficialmente. Despu\u00e9s contacte a su banco. Si ha hecho todo esto y a\u00fan no ha recibido su reembolso, por favor cont\u00e1ctenos.<\/p>\n\n\n\n<p>Solo reemplazamos art\u00edculos si est\u00e1n defectuosos o da\u00f1ados (dentro de un a\u00f1o de garant\u00eda). Si necesita cambiarlo por el mismo art\u00edculo, env\u00edenos un correo electr\u00f3nico y env\u00ede su art\u00edculo a la direcci\u00f3n que se indica a continuaci\u00f3n.<\/p>\n\n\n\n<p>Para devolver su producto, debe enviarlo por correo a la direcci\u00f3n que se indica a continuaci\u00f3n. Usted ser\u00e1 responsable de pagar los costos de env\u00edo por la devoluci\u00f3n de su art\u00edculo. Los costos de env\u00edo no son reembolsables. Si recibe un reembolso, el costo del env\u00edo de devoluci\u00f3n se deducir\u00e1 de su reembolso. Dependiendo de d\u00f3nde viva, el tiempo que puede tomar para que su producto intercambiado llegue a usted puede variar. Si est\u00e1 enviando un art\u00edculo por un valor superior a $75, debe considerar usar un servicio de env\u00edo rastreable o comprar un seguro de env\u00edo. No garantizamos que recibiremos su art\u00edculo devuelto.<\/p>\n\n\n\n<p><strong>Correo electr\u00f3nico:<\/strong>&nbsp;<a href=\"mailto:langangforeigntrade@gmail.com\"><u>langangforeigntrade@gmail.com<\/u><\/a><br><strong>Direcci\u00f3n:<\/strong>&nbsp;No. 157 Calle Este Shaolin, Subdistrito Shaojiadu, Ciudad de Linhai, Taizhou, Provincia de Zhejiang, China<\/p>","protected":false},"excerpt":{"rendered":"<p>Refund and Return Policy Our policy lasts 30 days. If 30 days have gone by since your purchase, unfortunately we can\u2019t offer you a refund or exchange. To be eligible<\/p>","protected":false},"author":1,"featured_media":0,"parent":0,"menu_order":0,"comment_status":"closed","ping_status":"closed","template":"","meta":{"footnotes":""},"class_list":["post-13","page","type-page","status-publish","hentry"],"_hostinger_reach_plugin_has_subscription_block":false,"_hostinger_reach_plugin_is_elementor":false,"_links":{"self":[{"href":"https:\/\/bluepuerto.com\/es\/wp-json\/wp\/v2\/pages\/13","targetHints":{"allow":["GET"]}}],"collection":[{"href":"https:\/\/bluepuerto.com\/es\/wp-json\/wp\/v2\/pages"}],"about":[{"href":"https:\/\/bluepuerto.com\/es\/wp-json\/wp\/v2\/types\/page"}],"author":[{"embeddable":true,"href":"https:\/\/bluepuerto.com\/es\/wp-json\/wp\/v2\/users\/1"}],"replies":[{"embeddable":true,"href":"https:\/\/bluepuerto.com\/es\/wp-json\/wp\/v2\/comments?post=13"}],"version-history":[{"count":1,"href":"https:\/\/bluepuerto.com\/es\/wp-json\/wp\/v2\/pages\/13\/revisions"}],"predecessor-version":[{"id":1202,"href":"https:\/\/bluepuerto.com\/es\/wp-json\/wp\/v2\/pages\/13\/revisions\/1202"}],"wp:attachment":[{"href":"https:\/\/bluepuerto.com\/es\/wp-json\/wp\/v2\/media?parent=13"}],"curies":[{"name":"wp","href":"https:\/\/api.w.org\/{rel}","templated":true}]}}