{"id":1203,"date":"2026-01-12T09:00:06","date_gmt":"2026-01-12T09:00:06","guid":{"rendered":"https:\/\/bluepuerto.com\/?page_id=1203"},"modified":"2026-01-12T09:00:09","modified_gmt":"2026-01-12T09:00:09","slug":"terms-of-service","status":"publish","type":"page","link":"https:\/\/bluepuerto.com\/es\/terms-of-service\/","title":{"rendered":"T\u00e9rminos de Servicio"},"content":{"rendered":"<h3 class=\"wp-block-heading\"><strong>T\u00e9rminos de Servicio<\/strong><strong><\/strong><\/h3>\n\n\n\n<p>Estos T\u00e9rminos de Servicio (\u201cT\u00e9rminos\u201d) rigen su uso de nuestro sitio web de comercio electr\u00f3nico independiente y la compra de productos y servicios de <strong>Linhai Langang Import and Export Co., Ltd.<\/strong>&nbsp;(\u201cnosotros\u201d, \u201cnuestro\u201d). Al acceder o utilizar nuestro Sitio, o al realizar una compra, usted acepta quedar vinculado por estos T\u00e9rminos.<\/p>\n\n\n\n<h4 class=\"wp-block-heading\"><strong>\u2705 Aceptaci\u00f3n de los T\u00e9rminos<\/strong><strong><\/strong><\/h4>\n\n\n\n<p>Al visitar nuestro sitio y\/o comprar algo, usted participa en nuestro \u201cServicio\u201d y acepta quedar vinculado por estos T\u00e9rminos de Servicio, incluyendo todos los t\u00e9rminos, condiciones, pol\u00edticas y avisos aqu\u00ed establecidos. Estos T\u00e9rminos se aplican a todos los usuarios del sitio, incluidos, entre otros, navegadores, proveedores, clientes, comerciantes y colaboradores.<\/p>\n\n\n\n<p>Si no est\u00e1 de acuerdo con todos los t\u00e9rminos y condiciones de este acuerdo, no podr\u00e1 acceder al sitio web ni utilizar ning\u00fan servicio.<\/p>\n\n\n\n<h4 class=\"wp-block-heading\"><strong>\u2705 Declaraci\u00f3n de Sitio Web Independiente<\/strong><strong><\/strong><\/h4>\n\n\n\n<p>Nuestra tienda opera como una <strong>plataforma de comercio electr\u00f3nico independiente y autogestionada<\/strong>. Proporcionamos directamente la plataforma en l\u00ednea para facilitar sus transacciones y compras de nuestros productos y servicios, en lugar de operar a trav\u00e9s de un mercado de terceros.<\/p>\n\n\n\n<h4 class=\"wp-block-heading\"><strong>\u2705 Condiciones Generales<\/strong><strong><\/strong><\/h4>\n\n\n\n<p>Nos reservamos el derecho de rechazar el servicio a cualquier persona, por cualquier motivo y en cualquier momento. Usted acepta no reproducir, duplicar, copiar, vender, revender o explotar ninguna parte del Servicio (incluido el sitio web, los productos y el acceso a los mismos) sin nuestro permiso expreso por escrito.<\/p>\n\n\n\n<p>El hecho de que no ejerzamos o hagamos valer cualquier derecho o disposici\u00f3n de estos T\u00e9rminos no constituir\u00e1 una renuncia a dicho derecho o disposici\u00f3n.<\/p>\n\n\n\n<h4 class=\"wp-block-heading\"><strong>\u2705 Exactitud de la Informaci\u00f3n<\/strong><strong><\/strong><\/h4>\n\n\n\n<p>No somos responsables si la informaci\u00f3n disponible en este sitio no es precisa, completa o actual. El material en este sitio se proporciona \u00fanicamente con fines informativos generales. Usted acepta que es su responsabilidad monitorear los cambios en nuestro sitio.<\/p>\n\n\n\n<p>Los precios de nuestros productos est\u00e1n sujetos a cambios sin previo aviso. Nos reservamos el derecho de modificar o discontinuar el Servicio (o cualquier parte o contenido del mismo) en cualquier momento y sin previo aviso.<\/p>\n\n\n\n<h4 class=\"wp-block-heading\"><strong>\u2705 Informaci\u00f3n de Productos y Pedidos<\/strong><strong><\/strong><\/h4>\n\n\n\n<p>Ciertos productos pueden estar disponibles exclusivamente en l\u00ednea a trav\u00e9s del sitio web. Estos productos pueden tener cantidades limitadas y est\u00e1n sujetos a devoluci\u00f3n o cambio \u00fanicamente de acuerdo con nuestra Pol\u00edtica de Devoluciones.<\/p>\n\n\n\n<p>Hemos hecho todo lo posible para mostrar los colores e im\u00e1genes de los productos con la mayor precisi\u00f3n posible. Sin embargo, no podemos garantizar que la visualizaci\u00f3n de cualquier color en el monitor de su computadora sea precisa.<\/p>\n\n\n\n<p>Nos reservamos el derecho de limitar las ventas de nuestros productos a cualquier persona, regi\u00f3n geogr\u00e1fica o jurisdicci\u00f3n. Podemos ejercer este derecho caso por caso. Tambi\u00e9n nos reservamos el derecho de limitar las cantidades de cualquier producto o servicio y de rechazar o cancelar cualquier pedido.<\/p>\n\n\n\n<h4 class=\"wp-block-heading\"><strong>\u2705 Cuenta y Facturaci\u00f3n<\/strong><strong><\/strong><\/h4>\n\n\n\n<p>Usted acepta proporcionar informaci\u00f3n de compra y de cuenta actual, completa y precisa para todas las compras realizadas en nuestra tienda. Usted acepta actualizar prontamente su cuenta y otra informaci\u00f3n (incluida la direcci\u00f3n de correo electr\u00f3nico y los n\u00fameros de tarjeta de cr\u00e9dito) para que podamos completar sus transacciones.<\/p>\n\n\n\n<p>Nos reservamos el derecho de rechazar cualquier pedido que realice. Si modificamos o cancelamos un pedido, intentaremos notific\u00e1rselo contactando la direcci\u00f3n de correo electr\u00f3nico y\/o de facturaci\u00f3n proporcionada en el momento del pedido.<\/p>\n\n\n\n<h4 class=\"wp-block-heading\"><strong>\u2705 Enlaces y Herramientas de Terceros<\/strong><strong><\/strong><\/h4>\n\n\n\n<p>Nuestro Sitio puede contener enlaces a sitios web de terceros o proporcionar acceso a herramientas de terceros. Estos se proporcionan \u201ctal cual\u201d y \u201cseg\u00fan disponibilidad\u201d sin garant\u00edas de ning\u00fan tipo. No tenemos responsabilidad de examinar o evaluar el contenido o la exactitud de los sitios web de terceros, y no asumimos ninguna responsabilidad por cualquier da\u00f1o o perjuicio relacionado con su interacci\u00f3n con los mismos.<\/p>\n\n\n\n<h4 class=\"wp-block-heading\"><strong>\u2705 Comentarios y Env\u00edos de Usuarios<\/strong><strong><\/strong><\/h4>\n\n\n\n<p>Si nos env\u00eda ideas creativas, sugerencias, propuestas u otros materiales (en conjunto, \u201ccomentarios\u201d), usted acepta que podemos usarlos en cualquier momento sin restricciones y sin compensaci\u00f3n. Sin embargo, usted es el \u00fanico responsable de la exactitud de sus comentarios, y estos no deben violar derechos de terceros ni contener material il\u00edcito.<\/p>\n\n\n\n<h4 class=\"wp-block-heading\"><strong>\u2705 Limitaci\u00f3n de Responsabilidad<\/strong><strong><\/strong><\/h4>\n\n\n\n<p>Su uso del Servicio es bajo su propio riesgo. El Servicio y todos los productos y servicios entregados se proporcionan \u2018tal cual\u2019 y \u2018seg\u00fan disponibilidad\u2019. No garantizamos que los resultados obtenidos del uso del Servicio sean precisos o confiables.<\/p>\n\n\n\n<p>En ning\u00fan caso nuestros directores, funcionarios, empleados o agentes ser\u00e1n responsables por da\u00f1os indirectos, incidentales, punitivos o consecuentes.<\/p>\n\n\n\n<h4 class=\"wp-block-heading\"><strong>\u2705 Indemnizaci\u00f3n<\/strong><strong><\/strong><\/h4>\n\n\n\n<p>Usted acepta indemnizar y eximir de responsabilidad a nuestra empresa, subsidiarias, afiliadas, y a sus funcionarios, directores, agentes y empleados, de cualquier reclamo o demanda realizada por cualquier tercero debido o derivado de su incumplimiento de estos T\u00e9rminos o su violaci\u00f3n de cualquier ley.<\/p>\n\n\n\n<h4 class=\"wp-block-heading\"><strong>\u2705 Ley Aplicable y Disputas<\/strong><strong><\/strong><\/h4>\n\n\n\n<p>Estos T\u00e9rminos se regir\u00e1n e interpretar\u00e1n de acuerdo con las leyes de la <strong>Rep\u00fablica Popular China<\/strong>&nbsp;(espec\u00edficamente las regulaciones de la Provincia de Zhejiang) y las pr\u00e1cticas comerciales internacionales, sin tener en cuenta sus disposiciones sobre conflicto de leyes.<\/p>\n\n\n\n<h4 class=\"wp-block-heading\"><strong>\u2705 Cambios en los T\u00e9rminos<\/strong><strong><\/strong><\/h4>\n\n\n\n<p>Nos reservamos el derecho de actualizar, cambiar o reemplazar cualquier parte de estos T\u00e9rminos publicando actualizaciones en nuestro sitio web. Es su responsabilidad revisar esta p\u00e1gina peri\u00f3dicamente para ver los cambios. Su uso continuado del sitio web despu\u00e9s de la publicaci\u00f3n de cualquier cambio constituye la aceptaci\u00f3n de dichos cambios.<\/p>\n\n\n\n<h4 class=\"wp-block-heading\"><strong>\u2705 Informaci\u00f3n de Contacto<\/strong><strong><\/strong><\/h4>\n\n\n\n<p>Las preguntas sobre los T\u00e9rminos de Servicio deben enviarse a:<br><strong>Correo electr\u00f3nico:<\/strong>&nbsp;<a href=\"mailto:langangforeigntrade@gmail.com\"><u>langangforeigntrade@gmail.com<\/u><\/a><br><strong>Empresa:<\/strong>&nbsp;Linhai Langang Import and Export Co., Ltd.<br><strong>Direcci\u00f3n:<\/strong>&nbsp;No. 157 Calle Este Shaolin, Subdistrito Shaojiadu, Ciudad de Linhai, Taizhou, Provincia de Zhejiang, China<\/p>","protected":false},"excerpt":{"rendered":"<p>Terms of Service These Terms of Service (&#8220;Terms&#8221;) govern your use of our independent e-commerce website and the purchase of products and services from Linhai Langang Import and Export Co.,<\/p>","protected":false},"author":1,"featured_media":0,"parent":0,"menu_order":0,"comment_status":"closed","ping_status":"closed","template":"","meta":{"footnotes":""},"class_list":["post-1203","page","type-page","status-publish","hentry"],"_hostinger_reach_plugin_has_subscription_block":false,"_hostinger_reach_plugin_is_elementor":false,"_links":{"self":[{"href":"https:\/\/bluepuerto.com\/es\/wp-json\/wp\/v2\/pages\/1203","targetHints":{"allow":["GET"]}}],"collection":[{"href":"https:\/\/bluepuerto.com\/es\/wp-json\/wp\/v2\/pages"}],"about":[{"href":"https:\/\/bluepuerto.com\/es\/wp-json\/wp\/v2\/types\/page"}],"author":[{"embeddable":true,"href":"https:\/\/bluepuerto.com\/es\/wp-json\/wp\/v2\/users\/1"}],"replies":[{"embeddable":true,"href":"https:\/\/bluepuerto.com\/es\/wp-json\/wp\/v2\/comments?post=1203"}],"version-history":[{"count":1,"href":"https:\/\/bluepuerto.com\/es\/wp-json\/wp\/v2\/pages\/1203\/revisions"}],"predecessor-version":[{"id":1204,"href":"https:\/\/bluepuerto.com\/es\/wp-json\/wp\/v2\/pages\/1203\/revisions\/1204"}],"wp:attachment":[{"href":"https:\/\/bluepuerto.com\/es\/wp-json\/wp\/v2\/media?parent=1203"}],"curies":[{"name":"wp","href":"https:\/\/api.w.org\/{rel}","templated":true}]}}